{"id":93127,"date":"2024-05-16T10:37:34","date_gmt":"2024-05-16T12:37:34","guid":{"rendered":"https:\/\/new.aavesa.com\/uzletek\/"},"modified":"2025-11-17T06:26:19","modified_gmt":"2025-11-17T06:26:19","slug":"uzletek","status":"publish","type":"page","link":"https:\/\/aavesa.com\/hu\/uzletek\/","title":{"rendered":"\u00c1ruh\u00e1zak"},"content":{"rendered":"<h1>\u00c1ruh\u00e1zak<\/h1>\n<p>\t\t\t\t\t<iframe src=\"https:\/\/www.google.com\/maps\/embed?pb=!1m18!1m12!1m3!1d2763.0155447600905!2d21.31235031558118!3d46.170346279115606!2m3!1f0!2f0!3f0!3m2!1i1024!2i768!4f13.1!3m3!1m2!1s0x474599020830dc4f%3A0x14e47c4efd26b419!2sA%26A%20Vesa%20Arad%20-%20Magazin%20cu%20haine%20de%20blana%2C%20veste%20de%20blana%2C%20caciuli%20de%20blana%2C%20jachete%20si%20geci%20de%20piele!5e0!3m2!1sen!2sro!4v1635241191901!5m2!1sen!2sro\" width=\"268\" height=\"268\" style=\"border:0;\" allowfullscreen=\"\" loading=\"lazy\"><\/iframe>\t\t\t\t<\/p>\n<h2>Arad Store<\/h2>\n<p>\t\t\t\t\t<a href=\"https:\/\/goo.gl\/maps\/HTprxm5TvR52\">Me\u021bianu utca 4. sz\u00e1m<\/a>\t\t\t\t<\/p>\n<p>H\u00e9tf\u0151 &#8211; p\u00e9ntek: 10:00 &#8211; 18:00<br \/>Szombat: <br \/> Vas\u00e1rnap: 10:00 &#8211; 14:00 Vas\u00e1rnap: 10:00 &#8211; 14:00 Z\u00e1rva\n<\/p>\n<p>Telefon: <a href=\"tel:+40755703298\" style=\"color:#214af1\">+4.0755.703.298<\/a><\/p>\n<p>\t\t\t\t\t<iframe src=\"https:\/\/www.google.com\/maps\/embed?pb=!1m18!1m12!1m3!1d2848.9784640627918!2d26.10134631552321!3d44.4336039791024!2m3!1f0!2f0!3f0!3m2!1i1024!2i768!4f13.1!3m3!1m2!1s0x40b1ff3f343a017f%3A0x256b8dcb867e306d!2sA%26A%20Vesa%20-%20Magazin%20cu%20haine%20de%20blana%2C%20veste%20de%20blana%2C%20caciuli%20de%20blana%2C%20jachete%20si%20geci%20de%20piele%20%2F%20Fur%20store!5e0!3m2!1sen!2sro!4v1635241764883!5m2!1sen!2sro\" width=\"268\" height=\"268\" style=\"border:0;\" allowfullscreen=\"\" loading=\"lazy\"><\/iframe>\t\t\t\t<\/p>\n<h2>Bukarest Store<\/h2>\n<p>\t\t\t\t\t<a href=\"https:\/\/goo.gl\/maps\/i2hPRYwjnK52\">Col\u021bei utca 2<\/a>\t\t\t\t<\/p>\n<p>H\u00e9tf\u0151 &#8211; p\u00e9ntek: 10:00 &#8211; 19:00<br \/>Szombat: <br \/> vas\u00e1rnap: 10:00 &#8211; 16:00 vas\u00e1rnap: 10:00 &#8211; 16:00 Z\u00e1rva\n<\/p>\n<p>Telefon: <a href=\"tel:+40745923164\" style=\"color:#214af1\">+4.0745.923.164<\/a><\/p>\n<p>\t\t\t\t\t<iframe src=\"https:\/\/www.google.com\/maps\/embed?pb=!1m18!1m12!1m3!1d2800.5566736561723!2d28.012622015555902!3d45.41827867910039!2m3!1f0!2f0!3f0!3m2!1i1024!2i768!4f13.1!3m3!1m2!1s0x40b6df1bdbab93d1%3A0xcacb6b71252b8fed!2sA%26A%20Vesa%20Galati%20-%20Magazin%20cu%20haine%20de%20blana%2C%20veste%20de%20blana%2C%20caciuli%20de%20blana%2C%20jachete%20si%20geci%20de%20piele!5e0!3m2!1sen!2sro!4v1635241820241!5m2!1sen!2sro\" width=\"268\" height=\"268\" style=\"border:0;\" allowfullscreen=\"\" loading=\"lazy\"><\/iframe>\t\t\t\t<\/p>\n<h2>Gala\u021bi \u00c1ruh\u00e1z<\/h2>\n<p>\t\t\t\t\t<a href=\"https:\/\/goo.gl\/maps\/TVBsyCLe6VvrHtsP7\">Br\u0103ilei utca 210<\/a>\t\t\t\t<\/p>\n<p>H\u00e9tf\u0151 &#8211; p\u00e9ntek: 10:00 &#8211; 19:00<br \/>Szombat: <br \/> vas\u00e1rnap: 10:00 &#8211; 16:00 vas\u00e1rnap: 10:00 &#8211; 16:00 Z\u00e1rva\n<\/p>\n<p>Telefon: <a href=\"tel:+40745499892\" style=\"color:#214af1\">+4.0745.499.892<\/a><\/p>\n<p>\t\t\t\t\t<iframe src=\"https:\/\/www.google.com\/maps\/embed?pb=!1m14!1m8!1m3!1d1391.7989320926229!2d21.2297193!3d45.7592073!3m2!1i1024!2i768!4f13.1!3m3!1m2!1s0x474567195d742205%3A0x6eee8983497c0ec2!2sA%26A%20Vesa!5e0!3m2!1sen!2sro!4v1635241789758!5m2!1sen!2sro\" width=\"268\" height=\"268\" style=\"border:0;\" allowfullscreen=\"\" loading=\"lazy\"><\/iframe>\t\t\t\t<\/p>\n<h2>Timi\u0219oara \u00c1ruh\u00e1z<\/h2>\n<p>\t\t\t\t\t<a href=\"https:\/\/goo.gl\/maps\/S1p5y562kCZk9MjB8\">Oituz utca 7. sz\u00e1m<\/a><br \/>\n\t\t\t\t\t<a href=\"https:\/\/www.vesa.ro\/tur-virtual\/\">Virtual tour<\/a>\t\t\t\t<\/p>\n<p>H\u00e9tf\u0151 &#8211; p\u00e9ntek: 10:00 &#8211; 18:00<br \/>Szombat: <br \/> Vas\u00e1rnap: 10:00 &#8211; 14:00 Vas\u00e1rnap: 10:00 &#8211; 14:00 Vas\u00e1rnap: 10:00 &#8211; 14:00  Z\u00e1rva\n<\/p>\n<p>Telefon: <a href=\"tel:+40752476115\" style=\"color:#214af1\">+4.0752.476.115<\/a><\/p>\n<h2>Gyakran Ism\u00e9telt K\u00e9rd\u00e9sek<\/h2>\n<p>\t\t\t\t\t\t\t\t\t\t\t\t\t\t\t<svg viewBox=\"0 0 448 512\" xmlns=\"http:\/\/www.w3.org\/2000\/svg\"><path d=\"M207.029 381.476L12.686 187.132c-9.373-9.373-9.373-24.569 0-33.941l22.667-22.667c9.357-9.357 24.522-9.375 33.901-.04L224 284.505l154.745-154.021c9.379-9.335 24.544-9.317 33.901.04l22.667 22.667c9.373 9.373 9.373 24.569 0 33.941L240.971 381.476c-9.373 9.372-24.569 9.372-33.942 0z\"><\/path><\/svg><br \/>\n\t\t\t\t\t\t\t\t<svg viewBox=\"0 0 448 512\" xmlns=\"http:\/\/www.w3.org\/2000\/svg\"><path d=\"M240.971 130.524l194.343 194.343c9.373 9.373 9.373 24.569 0 33.941l-22.667 22.667c-9.357 9.357-24.522 9.375-33.901.04L224 227.495 69.255 381.516c-9.379 9.335-24.544 9.317-33.901-.04l-22.667-22.667c-9.373-9.373-9.373-24.569 0-33.941L207.03 130.525c9.372-9.373 24.568-9.373 33.941-.001z\"><\/path><\/svg><br \/>\n\t\t\t\t\t\t\t\t\t\t\t\t<a tabindex=\"0\">A fizikai \u00fczletek sz\u00e9lesebb term\u00e9kv\u00e1laszt\u00e9kkal rendelkeznek, mint az online \u00e1ruh\u00e1zak?<\/a><\/p>\n<p>Az A&amp;A Vesa fizikai \u00fczleteiben ugyanazokat a term\u00e9keket tal\u00e1lja, amelyek az online \u00e1ruh\u00e1zban is el\u00e9rhet\u0151k. A fizikai \u00fczletek k\u00e9szletei azonban hamarabb elfogyhatnak, mint az online \u00e1ruh\u00e1zakban. Megh\u00edvjuk \u00d6nt, hogy fedezze fel weboldalunkat, \u00e9s ha nem tart\u00f3zkodik valamelyik \u00fczlet\u00fcnk k\u00f6zel\u00e9ben, rendeljen online.  <\/p>\n<p>\t\t\t\t\t\t\t\t\t\t\t\t\t\t\t<svg viewBox=\"0 0 448 512\" xmlns=\"http:\/\/www.w3.org\/2000\/svg\"><path d=\"M207.029 381.476L12.686 187.132c-9.373-9.373-9.373-24.569 0-33.941l22.667-22.667c9.357-9.357 24.522-9.375 33.901-.04L224 284.505l154.745-154.021c9.379-9.335 24.544-9.317 33.901.04l22.667 22.667c9.373 9.373 9.373 24.569 0 33.941L240.971 381.476c-9.373 9.372-24.569 9.372-33.942 0z\"><\/path><\/svg><br \/>\n\t\t\t\t\t\t\t\t<svg viewBox=\"0 0 448 512\" xmlns=\"http:\/\/www.w3.org\/2000\/svg\"><path d=\"M240.971 130.524l194.343 194.343c9.373 9.373 9.373 24.569 0 33.941l-22.667 22.667c-9.357 9.357-24.522 9.375-33.901.04L224 227.495 69.255 381.516c-9.379 9.335-24.544 9.317-33.901-.04l-22.667-22.667c-9.373-9.373-9.373-24.569 0-33.941L207.03 130.525c9.372-9.373 24.568-9.373 33.941-.001z\"><\/path><\/svg><br \/>\n\t\t\t\t\t\t\t\t\t\t\t\t<a tabindex=\"0\">Minden \u00fczletben ugyanazok a term\u00e9szetes sz\u0151rme term\u00e9kek kaphat\u00f3k?<\/a><\/p>\n<p>Minden A&amp;A Vesa \u00e1ruh\u00e1zban ugyanazokat a term\u00e9keket tal\u00e1lja; az egyetlen k\u00fcl\u00f6nbs\u00e9g a rakt\u00e1ron l\u00e9v\u0151 term\u00e9kek el\u00e9rhet\u0151s\u00e9g\u00e9ben lehet. Javasoljuk, hogy az online \u00e1ruh\u00e1zban is n\u00e9zze meg, ha egy adott term\u00e9k az \u00d6n v\u00e1ros\u00e1ban tal\u00e1lhat\u00f3 fizikai \u00fczletben nem kaphat\u00f3. <\/p>\n<p>\t\t\t\t\t\t\t\t\t\t\t\t\t\t\t<svg viewBox=\"0 0 448 512\" xmlns=\"http:\/\/www.w3.org\/2000\/svg\"><path d=\"M207.029 381.476L12.686 187.132c-9.373-9.373-9.373-24.569 0-33.941l22.667-22.667c9.357-9.357 24.522-9.375 33.901-.04L224 284.505l154.745-154.021c9.379-9.335 24.544-9.317 33.901.04l22.667 22.667c9.373 9.373 9.373 24.569 0 33.941L240.971 381.476c-9.373 9.372-24.569 9.372-33.942 0z\"><\/path><\/svg><br \/>\n\t\t\t\t\t\t\t\t<svg viewBox=\"0 0 448 512\" xmlns=\"http:\/\/www.w3.org\/2000\/svg\"><path d=\"M240.971 130.524l194.343 194.343c9.373 9.373 9.373 24.569 0 33.941l-22.667 22.667c-9.357 9.357-24.522 9.375-33.901.04L224 227.495 69.255 381.516c-9.379 9.335-24.544 9.317-33.901-.04l-22.667-22.667c-9.373-9.373-9.373-24.569 0-33.941L207.03 130.525c9.372-9.373 24.568-9.373 33.941-.001z\"><\/path><\/svg><br \/>\n\t\t\t\t\t\t\t\t\t\t\t\t<a tabindex=\"0\">Adhatok fel online rendel\u00e9st az \u00fczletbe t\u00f6rt\u00e9n\u0151 kisz\u00e1ll\u00edt\u00e1ssal?<\/a><\/p>\n<p>Az \u00fczletbe t\u00f6rt\u00e9n\u0151 kisz\u00e1ll\u00edt\u00e1ssal t\u00f6rt\u00e9n\u0151 rendel\u00e9s lead\u00e1s\u00e1hoz k\u00e9rj\u00fck, adja le rendel\u00e9s\u00e9t online, \u00e9s fizessen a rendelkez\u00e9sre \u00e1ll\u00f3 online fizet\u00e9si m\u00f3dok seg\u00edts\u00e9g\u00e9vel, mivel nem fogadunk el ut\u00e1nv\u00e9tet az \u00fczletben t\u00f6rt\u00e9n\u0151 \u00e1tv\u00e9telhez.<\/p>\n","protected":false},"excerpt":{"rendered":"<p>\u00c1ruh\u00e1zak Arad Store Me\u021bianu utca 4. sz\u00e1m H\u00e9tf\u0151 &#8211; p\u00e9ntek: 10:00 &#8211; 18:00Szombat: Vas\u00e1rnap: 10:00 &#8211; 14:00 Vas\u00e1rnap: 10:00 &#8211; 14:00 Z\u00e1rva Telefon: +4.0755.703.298 Bukarest Store Col\u021bei utca 2 H\u00e9tf\u0151 &#8211; p\u00e9ntek: 10:00 &#8211; 19:00Szombat: vas\u00e1rnap: 10:00 &#8211; 16:00 vas\u00e1rnap: 10:00 &#8211; 16:00 Z\u00e1rva Telefon: +4.0745.923.164 Gala\u021bi \u00c1ruh\u00e1z Br\u0103ilei utca 210 H\u00e9tf\u0151 &#8211; p\u00e9ntek: 10:00 [&hellip;]<\/p>\n","protected":false},"author":1,"featured_media":0,"parent":0,"menu_order":0,"comment_status":"closed","ping_status":"closed","template":"templates\/stores.php","meta":{"_acf_changed":false,"inline_featured_image":false,"footnotes":""},"class_list":["post-93127","page","type-page","status-publish","format-standard","hentry"],"acf":[],"aioseo_notices":[],"_links":{"self":[{"href":"https:\/\/aavesa.com\/hu\/wp-json\/wp\/v2\/pages\/93127","targetHints":{"allow":["GET"]}}],"collection":[{"href":"https:\/\/aavesa.com\/hu\/wp-json\/wp\/v2\/pages"}],"about":[{"href":"https:\/\/aavesa.com\/hu\/wp-json\/wp\/v2\/types\/page"}],"author":[{"embeddable":true,"href":"https:\/\/aavesa.com\/hu\/wp-json\/wp\/v2\/users\/1"}],"replies":[{"embeddable":true,"href":"https:\/\/aavesa.com\/hu\/wp-json\/wp\/v2\/comments?post=93127"}],"version-history":[{"count":0,"href":"https:\/\/aavesa.com\/hu\/wp-json\/wp\/v2\/pages\/93127\/revisions"}],"wp:attachment":[{"href":"https:\/\/aavesa.com\/hu\/wp-json\/wp\/v2\/media?parent=93127"}],"curies":[{"name":"wp","href":"https:\/\/api.w.org\/{rel}","templated":true}]}}