

{"id":93129,"date":"2024-05-17T18:50:27","date_gmt":"2024-05-17T18:50:27","guid":{"rendered":"https:\/\/new.aavesa.com\/szallitasi-modok\/"},"modified":"2025-11-17T06:26:20","modified_gmt":"2025-11-17T06:26:20","slug":"szallitasi-modok","status":"publish","type":"page","link":"https:\/\/aavesa.com\/hu\/szallitasi-modok\/","title":{"rendered":"Sz\u00e1ll\u00edt\u00e1si m\u00f3dszerek"},"content":{"rendered":"\t\t<div data-elementor-type=\"wp-page\" data-elementor-id=\"93129\" class=\"elementor elementor-93129 elementor-806\" data-elementor-post-type=\"page\">\n\t\t\t\t<div class=\"elementor-element elementor-element-eaad463 e-flex e-con-boxed e-con e-parent\" data-id=\"eaad463\" data-element_type=\"container\">\n\t\t\t\t\t<div class=\"e-con-inner\">\n\t\t\t\t<div class=\"elementor-element elementor-element-94cbc8a elementor-widget__width-inherit elementor-widget elementor-widget-heading\" data-id=\"94cbc8a\" data-element_type=\"widget\" data-widget_type=\"heading.default\">\n\t\t\t\t<div class=\"elementor-widget-container\">\n\t\t\t\t\t<h1 class=\"elementor-heading-title elementor-size-default\">Sz\u00e1ll\u00edt\u00e1si m\u00f3dszerek<\/h1>\t\t\t\t<\/div>\n\t\t\t\t<\/div>\n\t\t\t\t\t<\/div>\n\t\t\t\t<\/div>\n\t\t<div class=\"elementor-element elementor-element-733d46d e-flex e-con-boxed e-con e-parent\" data-id=\"733d46d\" data-element_type=\"container\">\n\t\t\t\t\t<div class=\"e-con-inner\">\n\t\t<div class=\"elementor-element elementor-element-b34c2da e-con-full e-flex e-con e-child\" data-id=\"b34c2da\" data-element_type=\"container\">\n\t\t\t\t<div class=\"elementor-element elementor-element-4ed667b elementor-widget elementor-widget-heading\" data-id=\"4ed667b\" data-element_type=\"widget\" data-widget_type=\"heading.default\">\n\t\t\t\t<div class=\"elementor-widget-container\">\n\t\t\t\t\t<h2 class=\"elementor-heading-title elementor-size-default\">Vil\u00e1gm\u00e9ret\u0171 sz\u00e1ll\u00edt\u00e1s<\/h2>\t\t\t\t<\/div>\n\t\t\t\t<\/div>\n\t\t\t\t<div class=\"elementor-element elementor-element-3664f84 elementor-widget elementor-widget-heading\" data-id=\"3664f84\" data-element_type=\"widget\" data-widget_type=\"heading.default\">\n\t\t\t\t<div class=\"elementor-widget-container\">\n\t\t\t\t\t<p class=\"elementor-heading-title elementor-size-default\">A DHL vagy a DPD seg\u00edts\u00e9g\u00e9vel sz\u00e1ll\u00edtunk vil\u00e1gszerte, \u00e9s minden megrendel\u00e9s online nyomon k\u00f6vethet\u0151. 150 eur\u00f3 feletti rendel\u00e9s eset\u00e9n a sz\u00e1ll\u00edt\u00e1s ingyenes, 150 eur\u00f3 alatti rendel\u00e9s eset\u00e9n a sz\u00e1ll\u00edt\u00e1si k\u00f6lts\u00e9g 50 eur\u00f3. <\/p>\t\t\t\t<\/div>\n\t\t\t\t<\/div>\n\t\t\t\t<div class=\"elementor-element elementor-element-bb61da6 elementor-widget elementor-widget-heading\" data-id=\"bb61da6\" data-element_type=\"widget\" data-widget_type=\"heading.default\">\n\t\t\t\t<div class=\"elementor-widget-container\">\n\t\t\t\t\t<p class=\"elementor-heading-title elementor-size-default\"><span>BEHOZATALI V\u00c1M + D\u00cdJAK<\/span><\/p>\t\t\t\t<\/div>\n\t\t\t\t<\/div>\n\t\t\t\t<div class=\"elementor-element elementor-element-f9adcae elementor-widget elementor-widget-html\" data-id=\"f9adcae\" data-element_type=\"widget\" data-widget_type=\"html.default\">\n\t\t\t\t<div class=\"elementor-widget-container\">\n\t\t\t\t\t<ul>\n    <li>Az Eur\u00f3pai Uni\u00f3n bel\u00fcli nemzetk\u00f6zi sz\u00e1ll\u00edt\u00e1st a DPD v\u00e9gzi - az \u00e1rak tartalmazz\u00e1k az \u00c1FA-t \u00e9s egy\u00e9b ad\u00f3kat (DDP - Delivery Duty Paid).<\/li>\n    <li>Az Eur\u00f3pai Uni\u00f3n k\u00edv\u00fcli nemzetk\u00f6zi sz\u00e1ll\u00edt\u00e1st a DHL v\u00e9gzi - az \u00e1rak tartalmazz\u00e1k az \u00c1FA-t \u00e9s egy\u00e9b ad\u00f3kat (DDP - Delivery Duty Paid).<\/li>\n<\/ul>\t\t\t\t<\/div>\n\t\t\t\t<\/div>\n\t\t\t\t<\/div>\n\t\t<div class=\"elementor-element elementor-element-9618dc4 e-con-full e-flex e-con e-child\" data-id=\"9618dc4\" data-element_type=\"container\">\n\t\t\t\t<div class=\"elementor-element elementor-element-454a62d elementor-widget elementor-widget-heading\" data-id=\"454a62d\" data-element_type=\"widget\" data-widget_type=\"heading.default\">\n\t\t\t\t<div class=\"elementor-widget-container\">\n\t\t\t\t\t<h2 class=\"elementor-heading-title elementor-size-default\">Sz\u00e1ll\u00edt\u00e1si felt\u00e9telek<\/h2>\t\t\t\t<\/div>\n\t\t\t\t<\/div>\n\t\t\t\t<div class=\"elementor-element elementor-element-1288c15 elementor-widget elementor-widget-heading\" data-id=\"1288c15\" data-element_type=\"widget\" data-widget_type=\"heading.default\">\n\t\t\t\t<div class=\"elementor-widget-container\">\n\t\t\t\t\t<p class=\"elementor-heading-title elementor-size-default\">Mindent megtesz\u00fcnk, hogy a megrendelt term\u00e9keket a lehet\u0151 leghamarabb kisz\u00e1ll\u00edtsuk.<\/p>\t\t\t\t<\/div>\n\t\t\t\t<\/div>\n\t\t\t\t<div class=\"elementor-element elementor-element-13ef63e elementor-widget elementor-widget-heading\" data-id=\"13ef63e\" data-element_type=\"widget\" data-widget_type=\"heading.default\">\n\t\t\t\t<div class=\"elementor-widget-container\">\n\t\t\t\t\t<p class=\"elementor-heading-title elementor-size-default\">A term\u00e9k el\u00e9rhet\u0151s\u00e9g\u00e9t\u0151l f\u00fcgg\u0151en a sz\u00e1ll\u00edt\u00e1si id\u0151 72 \u00f3ra \u00e9s 10 munkanap k\u00f6z\u00f6tt v\u00e1ltozik.<\/p>\t\t\t\t<\/div>\n\t\t\t\t<\/div>\n\t\t\t\t<\/div>\n\t\t\t\t\t<\/div>\n\t\t\t\t<\/div>\n\t\t\t\t<\/div>\n\t\t","protected":false},"excerpt":{"rendered":"<p>Sz\u00e1ll\u00edt\u00e1si m\u00f3dszerek Vil\u00e1gm\u00e9ret\u0171 sz\u00e1ll\u00edt\u00e1s A DHL vagy a DPD seg\u00edts\u00e9g\u00e9vel sz\u00e1ll\u00edtunk vil\u00e1gszerte, \u00e9s minden megrendel\u00e9s online nyomon k\u00f6vethet\u0151. 150 eur\u00f3 feletti rendel\u00e9s eset\u00e9n a sz\u00e1ll\u00edt\u00e1s ingyenes, 150 eur\u00f3 alatti rendel\u00e9s eset\u00e9n a sz\u00e1ll\u00edt\u00e1si k\u00f6lts\u00e9g 50 eur\u00f3. BEHOZATALI V\u00c1M + D\u00cdJAK Az Eur\u00f3pai Uni\u00f3n bel\u00fcli nemzetk\u00f6zi sz\u00e1ll\u00edt\u00e1st a DPD v\u00e9gzi &#8211; az \u00e1rak tartalmazz\u00e1k az \u00c1FA-t [&hellip;]<\/p>\n","protected":false},"author":1,"featured_media":0,"parent":0,"menu_order":0,"comment_status":"closed","ping_status":"closed","template":"","meta":{"_acf_changed":false,"om_disable_all_campaigns":false,"inline_featured_image":false,"_monsterinsights_skip_tracking":false,"_monsterinsights_sitenote_active":false,"_monsterinsights_sitenote_note":"","_monsterinsights_sitenote_category":0,"footnotes":""},"class_list":["post-93129","page","type-page","status-publish","hentry"],"acf":[],"aioseo_notices":[],"_links":{"self":[{"href":"https:\/\/aavesa.com\/hu\/wp-json\/wp\/v2\/pages\/93129","targetHints":{"allow":["GET"]}}],"collection":[{"href":"https:\/\/aavesa.com\/hu\/wp-json\/wp\/v2\/pages"}],"about":[{"href":"https:\/\/aavesa.com\/hu\/wp-json\/wp\/v2\/types\/page"}],"author":[{"embeddable":true,"href":"https:\/\/aavesa.com\/hu\/wp-json\/wp\/v2\/users\/1"}],"replies":[{"embeddable":true,"href":"https:\/\/aavesa.com\/hu\/wp-json\/wp\/v2\/comments?post=93129"}],"version-history":[{"count":3,"href":"https:\/\/aavesa.com\/hu\/wp-json\/wp\/v2\/pages\/93129\/revisions"}],"predecessor-version":[{"id":97948,"href":"https:\/\/aavesa.com\/hu\/wp-json\/wp\/v2\/pages\/93129\/revisions\/97948"}],"wp:attachment":[{"href":"https:\/\/aavesa.com\/hu\/wp-json\/wp\/v2\/media?parent=93129"}],"curies":[{"name":"wp","href":"https:\/\/api.w.org\/{rel}","templated":true}]}}