

{"id":93136,"date":"2024-05-17T19:08:16","date_gmt":"2024-05-17T21:08:16","guid":{"rendered":"https:\/\/new.aavesa.com\/visszakuldesi-politika\/"},"modified":"2026-04-13T12:22:20","modified_gmt":"2026-04-13T14:22:20","slug":"visszakuldesi-politika","status":"publish","type":"page","link":"https:\/\/aavesa.com\/hu\/visszakuldesi-politika\/","title":{"rendered":"Visszat\u00e9r\u00edt\u00e9si politika"},"content":{"rendered":"\t\t<div data-elementor-type=\"wp-page\" data-elementor-id=\"93136\" class=\"elementor elementor-93136 elementor-817\" data-elementor-post-type=\"page\">\n\t\t\t\t<div class=\"elementor-element elementor-element-a2b5b0c e-flex e-con-boxed e-con e-parent\" data-id=\"a2b5b0c\" data-element_type=\"container\">\n\t\t\t\t\t<div class=\"e-con-inner\">\n\t\t\t\t<div class=\"elementor-element elementor-element-77acf34 elementor-widget__width-inherit elementor-widget elementor-widget-heading\" data-id=\"77acf34\" data-element_type=\"widget\" data-widget_type=\"heading.default\">\n\t\t\t\t<div class=\"elementor-widget-container\">\n\t\t\t\t\t<h1 class=\"elementor-heading-title elementor-size-default\">Visszat\u00e9r\u00edt\u00e9si politika<\/h1>\t\t\t\t<\/div>\n\t\t\t\t<\/div>\n\t\t\t\t\t<\/div>\n\t\t\t\t<\/div>\n\t\t<div class=\"elementor-element elementor-element-7e1068a e-flex e-con-boxed e-con e-parent\" data-id=\"7e1068a\" data-element_type=\"container\">\n\t\t\t\t\t<div class=\"e-con-inner\">\n\t\t<div class=\"elementor-element elementor-element-6085b87 e-con-full e-flex e-con e-child\" data-id=\"6085b87\" data-element_type=\"container\">\n\t\t\t\t<div class=\"elementor-element elementor-element-1743787 elementor-widget elementor-widget-heading\" data-id=\"1743787\" data-element_type=\"widget\" data-widget_type=\"heading.default\">\n\t\t\t\t<div class=\"elementor-widget-container\">\n\t\t\t\t\t<p class=\"elementor-heading-title elementor-size-default\"><p data-path-to-node=\"1\">Az A&amp;A Vesa v\u00e1llalat 30 \u00e9ves tev\u00e9kenys\u00e9ge \u00e9s a rom\u00e1niai \u00e9s k\u00fclf\u00f6ldi \u00fcgyfeleknek eladott t\u00f6bb ezer term\u00e9k sor\u00e1n szerzett tapasztalata t\u00fckr\u00f6z\u0151dik mind a sz\u00e1ll\u00edt\u00e1si szolg\u00e1ltat\u00e1sok, mind a k\u00edn\u00e1lt term\u00e9kek magas sz\u00ednvonal\u00fa min\u0151s\u00e9g\u00e9ben.<\/p><p data-path-to-node=\"2\">Fogyaszt\u00f3k\u00e9nt azonban a term\u00e9k \u00e1tv\u00e9tel\u00e9t\u0151l sz\u00e1m\u00edtott 14 napos id\u0151szak \u00e1ll rendelkez\u00e9s\u00e9re, hogy meg\u00e1llap\u00edtsa a term\u00e9k jelleg\u00e9t, jellemz\u0151it \u00e9s m\u0171k\u00f6d\u00e9s\u00e9t, ugyan\u00fagy, mintha egy fizikai \u00fczletben v\u00e1s\u00e1rolt volna term\u00e9ket. Ha nem el\u00e9gedett a term\u00e9kkel, joga van el\u00e1llni a t\u00e1vollev\u0151k k\u00f6z\u00f6tt k\u00f6t\u00f6tt szerz\u0151d\u00e9st\u0151l an\u00e9lk\u00fcl, hogy az el\u00e1ll\u00e1si d\u00f6nt\u00e9s\u00e9t indokolnia kellene. \u00cdgy az el\u00e1ll\u00e1si jog\u00e1t az erre vonatkoz\u00f3 egy\u00e9rtelm\u0171 nyilatkozat\u00e1val gyakorolhatja az online visszak\u00fcld\u00e9si \u0171rlapon kereszt\u00fcl vagy e-mailben, amelyet a term\u00e9k birtokba v\u00e9tel\u00e9t\u0151l sz\u00e1m\u00edtott legfeljebb 14 napon bel\u00fcl k\u00fcldhet el.  <\/p><p data-path-to-node=\"3\">Az el\u00e1ll\u00e1si nyilatkozatr\u00f3l sz\u00f3l\u00f3 \u00e9rtes\u00edt\u00e9st k\u00f6vet\u0151en felveszi a kapcsolatot egy fut\u00e1rc\u00e9ggel a visszak\u00fcld\u00f6tt term\u00e9k elk\u00fcld\u00e9s\u00e9re. A visszak\u00fcld\u00e9s hat\u00e9kony feldolgoz\u00e1sa \u00e9rdek\u00e9ben javasoljuk, hogy t\u00f6ltse ki a csomagban kapott visszak\u00fcld\u00e9si \u0171rlapot. <\/p><p data-path-to-node=\"4\">A term\u00e9ket (adott esetben az \u00f6sszes tartoz\u00e9kkal egy\u00fctt) a szerz\u0151d\u00e9st\u0151l val\u00f3 el\u00e1ll\u00e1sr\u00f3l sz\u00f3l\u00f3 d\u00f6nt\u00e9s k\u00f6zl\u00e9s\u00e9t\u0151l sz\u00e1m\u00edtott legfeljebb 14 napon bel\u00fcl kell visszak\u00fcldenie. A visszak\u00fcld\u00f6tt term\u00e9k sz\u00e1ll\u00edt\u00e1si k\u00f6lts\u00e9gei felsz\u00e1m\u00edt\u00e1sra ker\u00fclnek, mivel az elad\u00f3 nem v\u00e1llalja e k\u00f6lts\u00e9gek visel\u00e9s\u00e9t. A visszak\u00fcld\u00e9s k\u00f6lts\u00e9geit az a szem\u00e9ly viseli, aki a term\u00e9ket megv\u00e1s\u00e1rolta, \u00e9s akinek a nev\u00e9re az ad\u00f3\u00fcgyi sz\u00e1ml\u00e1t ki\u00e1ll\u00edtott\u00e1k.  <\/p><p data-path-to-node=\"5\">A visszak\u00fcld\u00f6tt term\u00e9k birtokba v\u00e9tel\u00e9t \u00e9s \u00e1llapot\u00e1nak ellen\u0151rz\u00e9s\u00e9t k\u00f6vet\u0151en, az \u00d6nt\u0151l, mint fogyaszt\u00f3t\u00f3l kapott valamennyi \u00f6sszeget (bele\u00e9rtve adott esetben a term\u00e9k sz\u00e1ll\u00edt\u00e1s\u00e1nak\/sz\u00e1ll\u00edt\u00e1s\u00e1nak k\u00f6lts\u00e9g\u00e9t is) az \u00d6n el\u00e1ll\u00e1si d\u00f6nt\u00e9s\u00e9r\u0151l sz\u00f3l\u00f3 \u00e9rtes\u00edt\u00e9s\u00e9t\u0151l sz\u00e1m\u00edtott legfeljebb 14 napon bel\u00fcl visszat\u00e9r\u00edtj\u00fck. A visszat\u00e9r\u00edt\u00e9s k\u00e9sleltethet\u0151, am\u00edg a visszak\u00fcld\u00f6tt term\u00e9k be nem \u00e9rkezik, vagy am\u00edg a fogyaszt\u00f3 nem szolg\u00e1ltat bizony\u00edt\u00e9kot annak elsz\u00e1ll\u00edt\u00e1s\u00e1r\u00f3l. Az online k\u00e1rty\u00e1val fizetett megrendel\u00e9sek eset\u00e9ben az \u00f6sszeg visszat\u00e9r\u00edt\u00e9se azon a sz\u00e1ml\u00e1n t\u00f6rt\u00e9nik, amelyr\u0151l a fizet\u00e9s t\u00f6rt\u00e9nt, a postai utal\u00e1ssal\/ut\u00e1nv\u00e9ttel fizetett megrendel\u00e9sek eset\u00e9ben pedig banki \u00e1tutal\u00e1ssal.  <\/p><p data-path-to-node=\"6\">Ha a term\u00e9k ugyanolyan \u00e1llapotban van, mint amilyenben \u00d6n megv\u00e1s\u00e1rolta, akkor az \u00f6sszegeket ugyanazon fizet\u00e9si m\u00f3dok haszn\u00e1lat\u00e1val t\u00e9r\u00edtj\u00fck vissza, mint amelyeket \u00d6n az eredeti tranzakci\u00f3 sor\u00e1n haszn\u00e1lt, kiv\u00e9ve, ha \u00d6n m\u00e1s fizet\u00e9si m\u00f3dban \u00e1llapodott meg, \u00e9s felt\u00e9ve, hogy a visszat\u00e9r\u00edt\u00e9s nem j\u00e1r d\u00edjakkal. Ha egy rendel\u00e9sen kereszt\u00fcl t\u00f6bb term\u00e9ket k\u00e9r, amelyeket k\u00fcl\u00f6n-k\u00fcl\u00f6n sz\u00e1ll\u00edtunk, akkor az el\u00e1ll\u00e1si jog\u00e1t 14 napon bel\u00fcl gyakorolhatja, amelyet az utols\u00f3 lesz\u00e1ll\u00edtott term\u00e9k k\u00e9zhezv\u00e9tel\u00e9t\u0151l sz\u00e1molunk. <\/p><h3 data-path-to-node=\"7\">Fogyaszt\u00f3i felel\u0151ss\u00e9g az \u00e1ruk helytelen haszn\u00e1lat\u00e1\u00e9rt<\/h3><p data-path-to-node=\"8\">A 14 nap alatt, mint fogyaszt\u00f3, \u00d6n felel\u0151s az \u00e1tvett \u00e1ru kezel\u00e9s\u00e9\u00e9rt. A term\u00e9keket olyan \u00e1llapotban kell visszak\u00fcldeni, amely t\u00fckr\u00f6zi a term\u00e9szet\u00fck, jellemz\u0151ik \u00e9s m\u0171k\u00f6d\u00e9s\u00fck ellen\u0151rz\u00e9s\u00e9hez sz\u00fcks\u00e9ges kezel\u00e9st, hasonl\u00f3an ahhoz, ahogyan azokat egy fizikai \u00fczletben meg lehetne vizsg\u00e1lni, valamint az eredeti, s\u00e9rtetlen csomagol\u00e1sban. <\/p><p data-path-to-node=\"9\">Lehet\u0151s\u00e9ge van felpr\u00f3b\u00e1lni a term\u00e9ket, hogy ellen\u0151rizze annak m\u00e9ret\u00e9t \u00e9s tulajdons\u00e1gait, de a term\u00e9k t\u00e9nyleges haszn\u00e1lata nem megengedett, ha vissza k\u00edv\u00e1nja k\u00fcldeni.<\/p><p data-path-to-node=\"10\">\u00d6nnek lehet\u0151s\u00e9ge van arra, hogy felnyissa a csomagol\u00e1st, hogy hozz\u00e1f\u00e9rjen a tartalm\u00e1hoz, ha a hasonl\u00f3 \u00e1rukat \u00e1ltal\u00e1ban csomagol\u00e1s n\u00e9lk\u00fcl mutatj\u00e1k be az \u00fczletekben vagy bemutat\u00f3termekben. Ebben az \u00e9rtelemben a csomagol\u00e1snak puszt\u00e1n az egyszer\u0171 felnyit\u00e1ssal t\u00f6rt\u00e9n\u0151 s\u00e9r\u00fcl\u00e9se nem jelent okot a term\u00e9k \u00e9rt\u00e9kcs\u00f6kken\u00e9s\u00e9re. Ez\u00e9rt az el\u00e1ll\u00e1si id\u0151 alatt az \u00e1ru csomagol\u00e1s\u00e1nak felnyit\u00e1s\u00e1t a sz\u00fcks\u00e9ges gondoss\u00e1ggal, annak s\u00e9r\u00fcl\u00e9se n\u00e9lk\u00fcl kell kezelnie. Az eredeti csomagol\u00e1s n\u00e9lk\u00fcl vagy a csomagol\u00e1s rendellenes k\u00e1rosod\u00e1s\u00e1val, valamint a term\u00e9kre felhelyezett v\u00e9d\u0151f\u00f3li\u00e1k elt\u00e1vol\u00edt\u00e1s\u00e1val (ha van ilyen) visszak\u00fcld\u00f6tt term\u00e9kek az \u00e1ru \u00e9rt\u00e9kcs\u00f6kken\u00e9s\u00e9nek min\u0151s\u00fclhetnek.   <\/p><p data-path-to-node=\"11\">A 14 napos el\u00e1ll\u00e1si id\u0151 alatt az \u00e1ru jelleg\u00e9nek, tulajdons\u00e1gainak \u00e9s m\u0171k\u00f6d\u00e9s\u00e9nek meg\u00e1llap\u00edt\u00e1sa \u00e9rdek\u00e9ben az \u00e1rut gondosan kell kezelnie, \u00e9s ugyan\u00fagy kell megvizsg\u00e1lnia, mint ahogyan azt egy \u00fczletben vagy bemutat\u00f3teremben megtehetn\u00e9. Lehet\u0151s\u00e9ge van p\u00e9ld\u00e1ul a term\u00e9kek, a c\u00edmk\u00e9k \u00e9s a csomagol\u00e1s s\u00e9rtetlens\u00e9g\u00e9nek ellen\u0151rz\u00e9s\u00e9re, de a term\u00e9k t\u00e9nyleges haszn\u00e1lata a tervezett c\u00e9lra nem megengedett, a term\u00e9k jelleg\u00e9nek, jellemz\u0151inek \u00e9s m\u0171k\u00f6d\u00e9s\u00e9nek meg\u00e1llap\u00edt\u00e1s\u00e1hoz sz\u00fcks\u00e9ges ellen\u0151rz\u00e9sen t\u00fal. A term\u00e9ket kipr\u00f3b\u00e1lhatja, de nem haszn\u00e1lhatja, ha vissza k\u00edv\u00e1nja k\u00fcldeni.  <\/p><h3 data-path-to-node=\"12\">A fogyaszt\u00f3k visszak\u00fcld\u00e9si jog\u00e1nak kiz\u00e1r\u00e1sa a szem\u00e9lyre szabott term\u00e9kek eset\u00e9ben<\/h3><p data-path-to-node=\"13\">A 14 napos el\u00e1ll\u00e1si jog nem vonatkozik az \u00fcgyf\u00e9l specifik\u00e1ci\u00f3i alapj\u00e1n k\u00e9sz\u00fclt vagy egy\u00e9rtelm\u0171en szem\u00e9lyre szabott term\u00e9kekre. \u00cdgy a k\u00f6vetkez\u0151k nem k\u00fcldhet\u0151k vissza (nem teljes lista): <\/p><ul data-path-to-node=\"14\"><li><p data-path-to-node=\"14,0,0\">grav\u00edroz\u00e1ssal, jel\u00f6l\u00e9ssel, nyomtat\u00e1ssal vagy m\u00e1s szem\u00e9lyre szabott m\u00f3dszerekkel szem\u00e9lyre szabott term\u00e9kek;<\/p><\/li><li><p data-path-to-node=\"14,1,0\">egyedi gy\u00e1rt\u00e1s\u00fa term\u00e9kek a megrendel\u0151 \u00e1ltal kiv\u00e1lasztott m\u00e9retekkel, sz\u00ednekkel, anyagokkal vagy egy\u00e9b jellemz\u0151kkel;<\/p><\/li><li><p data-path-to-node=\"14,2,0\">sorozatgy\u00e1rt\u00e1s\u00fa \u00e1ruk, de a megrendel\u0151 kifejezett k\u00e9r\u00e9s\u00e9re m\u00f3dos\u00edtva.<\/p><\/li><\/ul><h3 data-path-to-node=\"15\">K\u00e9rj\u00fck, a csomagot fut\u00e1rszolg\u00e1lattal k\u00fcldje el<\/h3><p data-path-to-node=\"17\"><b data-path-to-node=\"17\" data-index-in-node=\"0\">Nemzetk\u00f6zi megrendel\u00e9sek eset\u00e9n:<\/b> GLS, FedEx vagy DHL, a k\u00f6vetkez\u0151 c\u00edmen: A&amp;A Vesa SRL, Sebi\u0219 v\u00e1ros (315700), 14 Banatului St., Arad megye, telefonsz\u00e1m: 0755.819.014.<\/p><\/p>\t\t\t\t<\/div>\n\t\t\t\t<\/div>\n\t\t\t\t<\/div>\n\t\t<div class=\"elementor-element elementor-element-49f3709 e-con-full e-flex e-con e-child\" data-id=\"49f3709\" data-element_type=\"container\">\n\t\t\t\t<div class=\"elementor-element elementor-element-d1f24ed elementor-widget elementor-widget-shortcode\" data-id=\"d1f24ed\" data-element_type=\"widget\" data-widget_type=\"shortcode.default\">\n\t\t\t\t<div class=\"elementor-widget-container\">\n\t\t\t\t\t\t\t<div class=\"elementor-shortcode\">\n<div class=\"wpcf7 no-js\" id=\"wpcf7-f93144-o1\" lang=\"hu-HU\" dir=\"ltr\" data-wpcf7-id=\"93144\">\n<div class=\"screen-reader-response\"><p role=\"status\" aria-live=\"polite\" aria-atomic=\"true\"><\/p> <ul><\/ul><\/div>\n<form action=\"\/hu\/wp-json\/wp\/v2\/pages\/93136#wpcf7-f93144-o1\" method=\"post\" class=\"wpcf7-form init\" aria-label=\"Kapcsolatfelv\u00e9teli \u0171rlap\" novalidate=\"novalidate\" data-status=\"init\">\n<fieldset class=\"hidden-fields-container\"><input type=\"hidden\" name=\"_wpcf7\" value=\"93144\" \/><input type=\"hidden\" name=\"_wpcf7_version\" value=\"6.1.1\" \/><input type=\"hidden\" name=\"_wpcf7_locale\" value=\"hu_HU\" \/><input type=\"hidden\" name=\"_wpcf7_unit_tag\" value=\"wpcf7-f93144-o1\" \/><input type=\"hidden\" name=\"_wpcf7_container_post\" value=\"0\" \/><input type=\"hidden\" name=\"_wpcf7_posted_data_hash\" value=\"\" \/><input type=\"hidden\" name=\"_cf7a__timestamp\" value=\"MajMsJJid512QOwuTjkEEg==\" \/><input type=\"hidden\" name=\"_cf7a_hash\" value=\"kamwyU2TCPJL\" \/><input type=\"hidden\" name=\"_cf7a_version\" value=\"1.0\" \/><input type=\"hidden\" name=\"_cf7a_address\" value=\"6Vwu5DVCm2gjHE3RTF6q6Q==\" \/><input type=\"hidden\" name=\"_cf7a_referer\" value=\"A\/8g5GyNmtOCt2Ce263gAw==\" \/><input type=\"hidden\" name=\"_cf7a_protocol\" value=\"VLfIIzOHPcuwsYEf8LxR7g==\" \/><input type=\"hidden\" name=\"_wpcf7_recaptcha_response\" value=\"\" \/><input type=\"hidden\" name=\"_cf7a_bot_fingerprint\" value=\"MajMsJJid512QOwuTjkEEg==\" \/><input type=\"hidden\" name=\"_cf7a_bot_fingerprint_extras\" \/><input type=\"hidden\" name=\"_cf7a_append_on_submit\" \/>\n<\/fieldset>\n<div class=\"row\">\n\t<div class=\"col-12\">\n\t\t<h2>Visszak\u00fcld\u00e9si \u0171rlap\n\t\t<\/h2>\n\t<\/div>\n\t<div class=\"col-md-6\">\n\t\t<p><label class=\"w-98\">N\u00e9v <span class=\"wpcf7-form-control-wrap\" data-name=\"text-nume\"><input size=\"40\" maxlength=\"400\" class=\"wpcf7-form-control wpcf7-text wpcf7-validates-as-required\" aria-required=\"true\" aria-invalid=\"false\" value=\"\" type=\"text\" name=\"text-nume\" \/><input type=\"text\" name=\"name\" value=\"\" autocomplete=\"fill\" class=\"fit-the-fullspace\" aria-hidden=\"true\" tabindex=\"-1\" \/><\/span><\/label>\n\t\t<\/p>\n\t<\/div>\n\t<div class=\"col-md-6\">\n\t\t<p><label>Keresztn\u00e9v <span class=\"wpcf7-form-control-wrap\" data-name=\"text-prenume\"><input type=\"text\" name=\"email\" value=\"\" autocomplete=\"fill\" class=\"fit-the-fullspace\" aria-hidden=\"true\" tabindex=\"-1\" \/><input size=\"40\" maxlength=\"400\" class=\"wpcf7-form-control wpcf7-text wpcf7-validates-as-required\" aria-required=\"true\" aria-invalid=\"false\" value=\"\" type=\"text\" name=\"text-prenume\" \/><\/span><\/label>\n\t\t<\/p>\n\t<\/div>\n\t<div class=\"col-md-6\">\n\t\t<p><label class=\"w-98\">Email <span class=\"wpcf7-form-control-wrap\" data-name=\"email-adress\"><input size=\"40\" maxlength=\"400\" class=\"wpcf7-form-control wpcf7-email wpcf7-validates-as-required wpcf7-text wpcf7-validates-as-email\" aria-required=\"true\" aria-invalid=\"false\" value=\"\" type=\"email\" name=\"email-adress\" \/><\/span><\/label>\n\t\t<\/p>\n\t<\/div>\n\t<div class=\"col-md-6\">\n\t\t<p><label>Telefon <span class=\"wpcf7-form-control-wrap\" data-name=\"tel-phone_number\"><input size=\"40\" maxlength=\"400\" class=\"wpcf7-form-control wpcf7-tel wpcf7-text wpcf7-validates-as-tel\" aria-invalid=\"false\" value=\"\" type=\"tel\" name=\"tel-phone_number\" \/><\/span><\/label>\n\t\t<\/p>\n\t<\/div>\n\t<div class=\"col-md-6\">\n\t\t<p><label class=\"w-98\">Nem. Sz\u00e1mla <span class=\"wpcf7-form-control-wrap\" data-name=\"text-nr-factura\"><input type=\"text\" name=\"town\" value=\"\" autocomplete=\"fill\" class=\"fit-the-fullspace\" aria-hidden=\"true\" tabindex=\"-1\" \/><input size=\"40\" maxlength=\"400\" class=\"wpcf7-form-control wpcf7-text wpcf7-validates-as-required\" aria-required=\"true\" aria-invalid=\"false\" value=\"\" type=\"text\" name=\"text-nr-factura\" \/><\/span><\/label>\n\t\t<\/p>\n\t<\/div>\n\t<div class=\"col-md-6\">\n\t\t<p><label>Term\u00e9k <span class=\"wpcf7-form-control-wrap\" data-name=\"text-produs\"><input size=\"40\" maxlength=\"400\" class=\"wpcf7-form-control wpcf7-text wpcf7-validates-as-required\" aria-required=\"true\" aria-invalid=\"false\" value=\"\" type=\"text\" name=\"text-produs\" \/><input type=\"text\" name=\"phone\" value=\"\" autocomplete=\"fill\" class=\"fit-the-fullspace\" aria-hidden=\"true\" tabindex=\"-1\" \/><\/span><\/label>\n\t\t<\/p>\n\t<\/div>\n\t<div class=\"col-md-6\">\n\t\t<p><label class=\"w-98\">\u00d6sszeg <span class=\"wpcf7-form-control-wrap\" data-name=\"text-cantitate\"><input size=\"40\" maxlength=\"400\" class=\"wpcf7-form-control wpcf7-text wpcf7-validates-as-required\" aria-required=\"true\" aria-invalid=\"false\" value=\"\" type=\"text\" name=\"text-cantitate\" \/><\/span><\/label>\n\t\t<\/p>\n\t<\/div>\n\t<div class=\"col-md-6\">\n\t\t<p><label>C\u00edm <span class=\"wpcf7-form-control-wrap\" data-name=\"text-adresa-postala\"><input size=\"40\" maxlength=\"400\" class=\"wpcf7-form-control wpcf7-text\" aria-invalid=\"false\" value=\"\" type=\"text\" name=\"text-adresa-postala\" \/><\/span><\/label>\n\t\t<\/p>\n\t<\/div>\n\t<div class=\"col-md-6\">\n\t\t<p><label class=\"w-98\">V\u00c1ROS <span class=\"wpcf7-form-control-wrap\" data-name=\"text-localitate\"><input size=\"40\" maxlength=\"400\" class=\"wpcf7-form-control wpcf7-text\" aria-invalid=\"false\" value=\"\" type=\"text\" name=\"text-localitate\" \/><\/span><\/label>\n\t\t<\/p>\n\t<\/div>\n\t<div class=\"col-md-6\">\n\t\t<p><label>Megye <span class=\"wpcf7-form-control-wrap\" data-name=\"text-judet\"><input size=\"40\" maxlength=\"400\" class=\"wpcf7-form-control wpcf7-text\" aria-invalid=\"false\" value=\"\" type=\"text\" name=\"text-judet\" \/><\/span><\/label>\n\t\t<\/p>\n\t<\/div>\n\t<div class=\"col-12\">\n\t\t<p><label class=\"w-100\">\u00c9szrev\u00e9telek <span class=\"wpcf7-form-control-wrap\" data-name=\"text-observatii\"><input size=\"40\" maxlength=\"400\" class=\"wpcf7-form-control wpcf7-text\" aria-invalid=\"false\" value=\"\" type=\"text\" name=\"text-observatii\" \/><\/span><\/label>\n\t\t<\/p>\n\t<\/div>\n\t<div class=\"col-12\">\n\t\t<h2>Ok\n\t\t<\/h2>\n\t\t<p><span class=\"wpcf7-form-control-wrap\" data-name=\"radio-motiv\"><span class=\"wpcf7-form-control wpcf7-radio\"><span class=\"wpcf7-list-item first last\"><label><input type=\"radio\" name=\"radio-motiv\" value=\"M\u00e1s term\u00e9kre szeretn\u00e9m cser\u00e9lni\/m\u00e1sik m\u00e9retre szeretn\u00e9m \u00e1tvenni a term\u00e9ket jav\u00edtani szeretn\u00e9m\" checked=\"checked\" \/><span class=\"wpcf7-list-item-label\">M\u00e1s term\u00e9kre szeretn\u00e9m cser\u00e9lni\/m\u00e1sik m\u00e9retre szeretn\u00e9m \u00e1tvenni a term\u00e9ket jav\u00edtani szeretn\u00e9m<\/span><\/label><\/span><\/span><\/span>\n\t\t<\/p>\n\t<\/div>\n\t<div class=\"col-12\">\n\t\t<p><label class=\"w-100\">Fi\u00f3k <span class=\"wpcf7-form-control-wrap\" data-name=\"text-cont\"><input size=\"40\" maxlength=\"400\" class=\"wpcf7-form-control wpcf7-text\" aria-invalid=\"false\" value=\"\" type=\"text\" name=\"text-cont\" \/><\/span><\/label>\n\t\t<\/p>\n\t<\/div>\n\t<div class=\"col-12\">\n\t\t<p><label class=\"w-100\">Bank <span class=\"wpcf7-form-control-wrap\" data-name=\"text-banca\"><input size=\"40\" maxlength=\"400\" class=\"wpcf7-form-control wpcf7-text\" aria-invalid=\"false\" value=\"\" type=\"text\" name=\"text-banca\" \/><\/span><\/label>\n\t\t<\/p>\n\t<\/div>\n\t<div class=\"col-12\">\n\t\t<p><span class=\"wpcf7-form-control-wrap\" data-name=\"acceptance-956\"><span class=\"wpcf7-form-control wpcf7-acceptance optional\"><span class=\"wpcf7-list-item\"><label><input type=\"checkbox\" name=\"acceptance-956\" value=\"1\" aria-invalid=\"false\" \/><span class=\"wpcf7-list-item-label\">Elolvastam \u00e9s elfogadom <a href=\"\/termeni-si-conditii\/\">felt\u00e9telek<\/a>.<\/span><\/label><\/span><\/span><\/span>\n\t\t<\/p>\n\t<\/div>\n\t<div class=\"col-12\">\n\t\t<p><input class=\"wpcf7-form-control wpcf7-submit has-spinner btn-bl\" type=\"submit\" value=\"Elk\u00fcld\" \/>\n\t\t<\/p>\n\t<\/div>\n<\/div><div class=\"wpcf7-response-output\" aria-hidden=\"true\"><\/div>\n<\/form>\n<\/div>\n<\/div>\n\t\t\t\t\t\t<\/div>\n\t\t\t\t<\/div>\n\t\t\t\t<\/div>\n\t\t\t\t\t<\/div>\n\t\t\t\t<\/div>\n\t\t\t\t<\/div>\n\t\t","protected":false},"excerpt":{"rendered":"<p>Visszat\u00e9r\u00edt\u00e9si politika Az A&amp;A Vesa v\u00e1llalat 30 \u00e9ves tev\u00e9kenys\u00e9ge \u00e9s a rom\u00e1niai \u00e9s k\u00fclf\u00f6ldi \u00fcgyfeleknek eladott t\u00f6bb ezer term\u00e9k sor\u00e1n szerzett tapasztalata t\u00fckr\u00f6z\u0151dik mind a sz\u00e1ll\u00edt\u00e1si szolg\u00e1ltat\u00e1sok, mind a k\u00edn\u00e1lt term\u00e9kek magas sz\u00ednvonal\u00fa min\u0151s\u00e9g\u00e9ben. Fogyaszt\u00f3k\u00e9nt azonban a term\u00e9k \u00e1tv\u00e9tel\u00e9t\u0151l sz\u00e1m\u00edtott 14 napos id\u0151szak \u00e1ll rendelkez\u00e9s\u00e9re, hogy meg\u00e1llap\u00edtsa a term\u00e9k jelleg\u00e9t, jellemz\u0151it \u00e9s m\u0171k\u00f6d\u00e9s\u00e9t, ugyan\u00fagy, mintha [&hellip;]<\/p>\n","protected":false},"author":1,"featured_media":0,"parent":0,"menu_order":0,"comment_status":"closed","ping_status":"closed","template":"","meta":{"_acf_changed":false,"om_disable_all_campaigns":false,"inline_featured_image":false,"_monsterinsights_skip_tracking":false,"_monsterinsights_sitenote_active":false,"_monsterinsights_sitenote_note":"","_monsterinsights_sitenote_category":0,"footnotes":""},"class_list":["post-93136","page","type-page","status-publish","hentry"],"acf":[],"aioseo_notices":[],"_links":{"self":[{"href":"https:\/\/aavesa.com\/hu\/wp-json\/wp\/v2\/pages\/93136","targetHints":{"allow":["GET"]}}],"collection":[{"href":"https:\/\/aavesa.com\/hu\/wp-json\/wp\/v2\/pages"}],"about":[{"href":"https:\/\/aavesa.com\/hu\/wp-json\/wp\/v2\/types\/page"}],"author":[{"embeddable":true,"href":"https:\/\/aavesa.com\/hu\/wp-json\/wp\/v2\/users\/1"}],"replies":[{"embeddable":true,"href":"https:\/\/aavesa.com\/hu\/wp-json\/wp\/v2\/comments?post=93136"}],"version-history":[{"count":4,"href":"https:\/\/aavesa.com\/hu\/wp-json\/wp\/v2\/pages\/93136\/revisions"}],"predecessor-version":[{"id":98694,"href":"https:\/\/aavesa.com\/hu\/wp-json\/wp\/v2\/pages\/93136\/revisions\/98694"}],"wp:attachment":[{"href":"https:\/\/aavesa.com\/hu\/wp-json\/wp\/v2\/media?parent=93136"}],"curies":[{"name":"wp","href":"https:\/\/api.w.org\/{rel}","templated":true}]}}