

{"id":97950,"date":"2024-05-17T14:22:27","date_gmt":"2024-05-17T14:22:27","guid":{"rendered":"https:\/\/aavesa.com\/fizetesi-modok\/"},"modified":"2025-11-17T06:26:21","modified_gmt":"2025-11-17T06:26:21","slug":"fizetesi-modok","status":"publish","type":"page","link":"https:\/\/aavesa.com\/hu\/fizetesi-modok\/","title":{"rendered":"Fizet\u00e9si m\u00f3dok"},"content":{"rendered":"\t\t<div data-elementor-type=\"wp-page\" data-elementor-id=\"97950\" class=\"elementor elementor-97950 elementor-666\" data-elementor-post-type=\"page\">\n\t\t\t\t<div class=\"elementor-element elementor-element-9208430 e-flex e-con-boxed e-con e-parent\" data-id=\"9208430\" data-element_type=\"container\">\n\t\t\t\t\t<div class=\"e-con-inner\">\n\t\t\t\t<div class=\"elementor-element elementor-element-b56e242 elementor-widget elementor-widget-heading\" data-id=\"b56e242\" data-element_type=\"widget\" data-widget_type=\"heading.default\">\n\t\t\t\t<div class=\"elementor-widget-container\">\n\t\t\t\t\t<h1 class=\"elementor-heading-title elementor-size-default\">Fizet\u00e9si m\u00f3dok<\/h1>\t\t\t\t<\/div>\n\t\t\t\t<\/div>\n\t\t\t\t\t<\/div>\n\t\t\t\t<\/div>\n\t\t<div class=\"elementor-element elementor-element-e22718e e-grid elementor-hidden-mobile e-con-boxed e-con e-parent\" data-id=\"e22718e\" data-element_type=\"container\">\n\t\t\t\t\t<div class=\"e-con-inner\">\n\t\t<div class=\"elementor-element elementor-element-b38b2fe e-flex e-con-boxed e-con e-child\" data-id=\"b38b2fe\" data-element_type=\"container\">\n\t\t\t\t\t<div class=\"e-con-inner\">\n\t\t\t\t<div class=\"elementor-element elementor-element-8409b84 elementor-widget elementor-widget-image\" data-id=\"8409b84\" data-element_type=\"widget\" data-widget_type=\"image.default\">\n\t\t\t\t<div class=\"elementor-widget-container\">\n\t\t\t\t\t\t\t\t\t\t\t\t\t\t\t<img decoding=\"async\" width=\"28\" height=\"23\" src=\"https:\/\/aavesa.com\/wp-content\/uploads\/2024\/06\/credit_card_FILL1_wght400_GRAD200_opsz40.png\" class=\"attachment-full size-full wp-image-74925 wvs-archive-product-image\" alt=\"credit card FILL1 wght400 GRAD200 opsz40\" title=\"credit card FILL1 wght400 GRAD200 opsz40 - A&amp;A Vesa Shearling Factory\" \/>\t\t\t\t\t\t\t\t\t\t\t\t\t\t\t<\/div>\n\t\t\t\t<\/div>\n\t\t\t\t<div class=\"elementor-element elementor-element-8e01ccb elementor-widget elementor-widget-heading\" data-id=\"8e01ccb\" data-element_type=\"widget\" data-widget_type=\"heading.default\">\n\t\t\t\t<div class=\"elementor-widget-container\">\n\t\t\t\t\t<span class=\"elementor-heading-title elementor-size-default\">K\u00c1RTYA<\/span>\t\t\t\t<\/div>\n\t\t\t\t<\/div>\n\t\t\t\t\t<\/div>\n\t\t\t\t<\/div>\n\t\t<div class=\"elementor-element elementor-element-53479f0 e-flex e-con-boxed e-con e-child\" data-id=\"53479f0\" data-element_type=\"container\">\n\t\t\t\t\t<div class=\"e-con-inner\">\n\t\t\t\t<div class=\"elementor-element elementor-element-f250078 elementor-widget elementor-widget-image\" data-id=\"f250078\" data-element_type=\"widget\" data-widget_type=\"image.default\">\n\t\t\t\t<div class=\"elementor-widget-container\">\n\t\t\t\t\t\t\t\t\t\t\t\t\t\t\t<img decoding=\"async\" width=\"31\" height=\"23\" src=\"https:\/\/aavesa.com\/wp-content\/uploads\/2024\/06\/payments_FILL1_wght400_GRAD200_opsz40.png\" class=\"attachment-full size-full wp-image-74926 wvs-archive-product-image\" alt=\"payments FILL1 wght400 GRAD200 opsz40\" title=\"payments FILL1 wght400 GRAD200 opsz40 - A&amp;A Vesa Shearling Factory\" \/>\t\t\t\t\t\t\t\t\t\t\t\t\t\t\t<\/div>\n\t\t\t\t<\/div>\n\t\t\t\t<div class=\"elementor-element elementor-element-073dd3a elementor-widget elementor-widget-heading\" data-id=\"073dd3a\" data-element_type=\"widget\" data-widget_type=\"heading.default\">\n\t\t\t\t<div class=\"elementor-widget-container\">\n\t\t\t\t\t<span class=\"elementor-heading-title elementor-size-default\">UT\u00c1NV\u00c9TELLEL<\/span>\t\t\t\t<\/div>\n\t\t\t\t<\/div>\n\t\t\t\t\t<\/div>\n\t\t\t\t<\/div>\n\t\t<div class=\"elementor-element elementor-element-b5ee75f e-flex e-con-boxed e-con e-child\" data-id=\"b5ee75f\" data-element_type=\"container\">\n\t\t\t\t\t<div class=\"e-con-inner\">\n\t\t\t\t<div class=\"elementor-element elementor-element-e4406ae elementor-widget elementor-widget-image\" data-id=\"e4406ae\" data-element_type=\"widget\" data-widget_type=\"image.default\">\n\t\t\t\t<div class=\"elementor-widget-container\">\n\t\t\t\t\t\t\t\t\t\t\t\t\t\t\t<img decoding=\"async\" width=\"26\" height=\"28\" src=\"https:\/\/aavesa.com\/wp-content\/uploads\/2024\/06\/receipt_long_FILL1_wght400_GRAD200_opsz40-2.png\" class=\"attachment-full size-full wp-image-74927 wvs-archive-product-image\" alt=\"receipt long FILL1 wght400 GRAD200 opsz40 2\" title=\"receipt long FILL1 wght400 GRAD200 opsz40 2 - A&amp;A Vesa Shearling Factory\" \/>\t\t\t\t\t\t\t\t\t\t\t\t\t\t\t<\/div>\n\t\t\t\t<\/div>\n\t\t\t\t<div class=\"elementor-element elementor-element-335509d elementor-widget elementor-widget-heading\" data-id=\"335509d\" data-element_type=\"widget\" data-widget_type=\"heading.default\">\n\t\t\t\t<div class=\"elementor-widget-container\">\n\t\t\t\t\t<span class=\"elementor-heading-title elementor-size-default\">KAMATMENTES R\u00c9SZLETFIZET\u00c9S<\/span>\t\t\t\t<\/div>\n\t\t\t\t<\/div>\n\t\t\t\t\t<\/div>\n\t\t\t\t<\/div>\n\t\t<div class=\"elementor-element elementor-element-a069e69 e-flex e-con-boxed e-con e-child\" data-id=\"a069e69\" data-element_type=\"container\">\n\t\t\t\t\t<div class=\"e-con-inner\">\n\t\t\t\t<div class=\"elementor-element elementor-element-ddda3d8 elementor-widget elementor-widget-image\" data-id=\"ddda3d8\" data-element_type=\"widget\" data-widget_type=\"image.default\">\n\t\t\t\t<div class=\"elementor-widget-container\">\n\t\t\t\t\t\t\t\t\t\t\t\t\t\t\t<img loading=\"lazy\" decoding=\"async\" width=\"29\" height=\"28\" src=\"https:\/\/aavesa.com\/wp-content\/uploads\/2024\/06\/account_balance_FILL1_wght400_GRAD200_opsz40.png\" class=\"attachment-full size-full wp-image-74928 wvs-archive-product-image\" alt=\"account balance FILL1 wght400 GRAD200 opsz40\" title=\"account balance FILL1 wght400 GRAD200 opsz40 - A&amp;A Vesa Shearling Factory\" \/>\t\t\t\t\t\t\t\t\t\t\t\t\t\t\t<\/div>\n\t\t\t\t<\/div>\n\t\t\t\t<div class=\"elementor-element elementor-element-6c56f1d elementor-widget elementor-widget-heading\" data-id=\"6c56f1d\" data-element_type=\"widget\" data-widget_type=\"heading.default\">\n\t\t\t\t<div class=\"elementor-widget-container\">\n\t\t\t\t\t<span class=\"elementor-heading-title elementor-size-default\">R\u00c9SZLETFIZET\u00c9S A TBI BANKON KERESZT\u00dcL<\/span>\t\t\t\t<\/div>\n\t\t\t\t<\/div>\n\t\t\t\t\t<\/div>\n\t\t\t\t<\/div>\n\t\t\t\t\t<\/div>\n\t\t\t\t<\/div>\n\t\t<div class=\"elementor-element elementor-element-501765d e-grid elementor-hidden-desktop elementor-hidden-tablet e-con-boxed e-con e-parent\" data-id=\"501765d\" data-element_type=\"container\">\n\t\t\t\t\t<div class=\"e-con-inner\">\n\t\t<div class=\"elementor-element elementor-element-5b5607a e-flex e-con-boxed e-con e-child\" data-id=\"5b5607a\" data-element_type=\"container\">\n\t\t\t\t\t<div class=\"e-con-inner\">\n\t\t\t\t<div class=\"elementor-element elementor-element-174e601 elementor-widget elementor-widget-image\" data-id=\"174e601\" data-element_type=\"widget\" data-widget_type=\"image.default\">\n\t\t\t\t<div class=\"elementor-widget-container\">\n\t\t\t\t\t\t\t\t\t\t\t\t\t\t\t<img decoding=\"async\" width=\"28\" height=\"23\" src=\"https:\/\/aavesa.com\/wp-content\/uploads\/2024\/06\/credit_card_FILL1_wght400_GRAD200_opsz40.png\" class=\"attachment-full size-full wp-image-74925 wvs-archive-product-image\" alt=\"credit card FILL1 wght400 GRAD200 opsz40\" title=\"credit card FILL1 wght400 GRAD200 opsz40 - A&amp;A Vesa Shearling Factory\" \/>\t\t\t\t\t\t\t\t\t\t\t\t\t\t\t<\/div>\n\t\t\t\t<\/div>\n\t\t\t\t<div class=\"elementor-element elementor-element-546d887 elementor-widget elementor-widget-heading\" data-id=\"546d887\" data-element_type=\"widget\" data-widget_type=\"heading.default\">\n\t\t\t\t<div class=\"elementor-widget-container\">\n\t\t\t\t\t<span class=\"elementor-heading-title elementor-size-default\">K\u00c1RTYA<\/span>\t\t\t\t<\/div>\n\t\t\t\t<\/div>\n\t\t\t\t\t<\/div>\n\t\t\t\t<\/div>\n\t\t<div class=\"elementor-element elementor-element-032fae0 e-flex e-con-boxed e-con e-child\" data-id=\"032fae0\" data-element_type=\"container\">\n\t\t\t\t\t<div class=\"e-con-inner\">\n\t\t\t\t<div class=\"elementor-element elementor-element-5f85331 elementor-widget elementor-widget-image\" data-id=\"5f85331\" data-element_type=\"widget\" data-widget_type=\"image.default\">\n\t\t\t\t<div class=\"elementor-widget-container\">\n\t\t\t\t\t\t\t\t\t\t\t\t\t\t\t<img decoding=\"async\" width=\"31\" height=\"23\" src=\"https:\/\/aavesa.com\/wp-content\/uploads\/2024\/06\/payments_FILL1_wght400_GRAD200_opsz40.png\" class=\"attachment-full size-full wp-image-74926 wvs-archive-product-image\" alt=\"payments FILL1 wght400 GRAD200 opsz40\" title=\"payments FILL1 wght400 GRAD200 opsz40 - A&amp;A Vesa Shearling Factory\" \/>\t\t\t\t\t\t\t\t\t\t\t\t\t\t\t<\/div>\n\t\t\t\t<\/div>\n\t\t\t\t<div class=\"elementor-element elementor-element-3c92085 elementor-widget elementor-widget-heading\" data-id=\"3c92085\" data-element_type=\"widget\" data-widget_type=\"heading.default\">\n\t\t\t\t<div class=\"elementor-widget-container\">\n\t\t\t\t\t<span class=\"elementor-heading-title elementor-size-default\">UT\u00c1NV\u00c9TELLEL<\/span>\t\t\t\t<\/div>\n\t\t\t\t<\/div>\n\t\t\t\t\t<\/div>\n\t\t\t\t<\/div>\n\t\t<div class=\"elementor-element elementor-element-f11b54b e-flex e-con-boxed e-con e-child\" data-id=\"f11b54b\" data-element_type=\"container\">\n\t\t\t\t\t<div class=\"e-con-inner\">\n\t\t\t\t<div class=\"elementor-element elementor-element-d204d7c elementor-widget elementor-widget-image\" data-id=\"d204d7c\" data-element_type=\"widget\" data-widget_type=\"image.default\">\n\t\t\t\t<div class=\"elementor-widget-container\">\n\t\t\t\t\t\t\t\t\t\t\t\t\t\t\t<img decoding=\"async\" width=\"26\" height=\"28\" src=\"https:\/\/aavesa.com\/wp-content\/uploads\/2024\/06\/receipt_long_FILL1_wght400_GRAD200_opsz40-2.png\" class=\"attachment-full size-full wp-image-74927 wvs-archive-product-image\" alt=\"receipt long FILL1 wght400 GRAD200 opsz40 2\" title=\"receipt long FILL1 wght400 GRAD200 opsz40 2 - A&amp;A Vesa Shearling Factory\" \/>\t\t\t\t\t\t\t\t\t\t\t\t\t\t\t<\/div>\n\t\t\t\t<\/div>\n\t\t\t\t<div class=\"elementor-element elementor-element-11623ee elementor-widget elementor-widget-heading\" data-id=\"11623ee\" data-element_type=\"widget\" data-widget_type=\"heading.default\">\n\t\t\t\t<div class=\"elementor-widget-container\">\n\t\t\t\t\t<span class=\"elementor-heading-title elementor-size-default\">KAMATMENTES R\u00c9SZLETEK <br> <\/span>\t\t\t\t<\/div>\n\t\t\t\t<\/div>\n\t\t\t\t\t<\/div>\n\t\t\t\t<\/div>\n\t\t<div class=\"elementor-element elementor-element-c6c540c e-flex e-con-boxed e-con e-child\" data-id=\"c6c540c\" data-element_type=\"container\">\n\t\t\t\t\t<div class=\"e-con-inner\">\n\t\t\t\t<div class=\"elementor-element elementor-element-e234d70 elementor-widget elementor-widget-image\" data-id=\"e234d70\" data-element_type=\"widget\" data-widget_type=\"image.default\">\n\t\t\t\t<div class=\"elementor-widget-container\">\n\t\t\t\t\t\t\t\t\t\t\t\t\t\t\t<img loading=\"lazy\" decoding=\"async\" width=\"29\" height=\"28\" src=\"https:\/\/aavesa.com\/wp-content\/uploads\/2024\/06\/account_balance_FILL1_wght400_GRAD200_opsz40.png\" class=\"attachment-full size-full wp-image-74928 wvs-archive-product-image\" alt=\"account balance FILL1 wght400 GRAD200 opsz40\" title=\"account balance FILL1 wght400 GRAD200 opsz40 - A&amp;A Vesa Shearling Factory\" \/>\t\t\t\t\t\t\t\t\t\t\t\t\t\t\t<\/div>\n\t\t\t\t<\/div>\n\t\t\t\t<div class=\"elementor-element elementor-element-91ae3fb elementor-widget elementor-widget-heading\" data-id=\"91ae3fb\" data-element_type=\"widget\" data-widget_type=\"heading.default\">\n\t\t\t\t<div class=\"elementor-widget-container\">\n\t\t\t\t\t<span class=\"elementor-heading-title elementor-size-default\">R\u00c9SZLETFIZET\u00c9S A <br> TBI BANKON KERESZT\u00dcL<\/span>\t\t\t\t<\/div>\n\t\t\t\t<\/div>\n\t\t\t\t\t<\/div>\n\t\t\t\t<\/div>\n\t\t\t\t\t<\/div>\n\t\t\t\t<\/div>\n\t\t<div class=\"elementor-element elementor-element-87b3c78 e-flex e-con-boxed e-con e-parent\" data-id=\"87b3c78\" data-element_type=\"container\">\n\t\t\t\t\t<div class=\"e-con-inner\">\n\t\t<div class=\"elementor-element elementor-element-4384b29 e-con-full e-flex e-con e-child\" data-id=\"4384b29\" data-element_type=\"container\">\n\t\t\t\t<div class=\"elementor-element elementor-element-5da1b60 elementor-widget elementor-widget-heading\" data-id=\"5da1b60\" data-element_type=\"widget\" data-widget_type=\"heading.default\">\n\t\t\t\t<div class=\"elementor-widget-container\">\n\t\t\t\t\t<h2 class=\"elementor-heading-title elementor-size-default\">PayPal<\/h2>\t\t\t\t<\/div>\n\t\t\t\t<\/div>\n\t\t\t\t<div class=\"elementor-element elementor-element-34717c3 elementor-widget elementor-widget-heading\" data-id=\"34717c3\" data-element_type=\"widget\" data-widget_type=\"heading.default\">\n\t\t\t\t<div class=\"elementor-widget-container\">\n\t\t\t\t\t<p class=\"elementor-heading-title elementor-size-default\">PayPal form\u00e1ci\u00f3ban<\/p>\t\t\t\t<\/div>\n\t\t\t\t<\/div>\n\t\t\t\t<\/div>\n\t\t<div class=\"elementor-element elementor-element-91dc636 e-con-full e-flex e-con e-child\" data-id=\"91dc636\" data-element_type=\"container\">\n\t\t\t\t<div class=\"elementor-element elementor-element-cc96bb0 elementor-widget elementor-widget-heading\" data-id=\"cc96bb0\" data-element_type=\"widget\" data-widget_type=\"heading.default\">\n\t\t\t\t<div class=\"elementor-widget-container\">\n\t\t\t\t\t<h2 class=\"elementor-heading-title elementor-size-default\">K\u00e1rtya<\/h2>\t\t\t\t<\/div>\n\t\t\t\t<\/div>\n\t\t\t\t<div class=\"elementor-element elementor-element-fe3f240 elementor-widget elementor-widget-heading\" data-id=\"fe3f240\" data-element_type=\"widget\" data-widget_type=\"heading.default\">\n\t\t\t\t<div class=\"elementor-widget-container\">\n\t\t\t\t\t<span class=\"elementor-heading-title elementor-size-default\">Online fizet\u00e9s bankk\u00e1rty\u00e1val az EuPlatesc-en kereszt\u00fcl (Visa\/Maestro\/Mastercard).<\/span>\t\t\t\t<\/div>\n\t\t\t\t<\/div>\n\t\t<div class=\"elementor-element elementor-element-babdc0a e-grid e-con-boxed e-con e-child\" data-id=\"babdc0a\" data-element_type=\"container\">\n\t\t\t\t\t<div class=\"e-con-inner\">\n\t\t\t\t<div class=\"elementor-element elementor-element-6da2b02 elementor-widget elementor-widget-image\" data-id=\"6da2b02\" data-element_type=\"widget\" data-widget_type=\"image.default\">\n\t\t\t\t<div class=\"elementor-widget-container\">\n\t\t\t\t\t\t\t\t\t\t\t\t\t\t\t<img loading=\"lazy\" decoding=\"async\" width=\"88\" height=\"28\" src=\"https:\/\/aavesa.com\/wp-content\/uploads\/2024\/06\/g4158.png\" class=\"attachment-full size-full wp-image-74932 wvs-archive-product-image\" alt=\"g4158\" srcset=\"https:\/\/aavesa.com\/wp-content\/uploads\/2024\/06\/g4158.png 88w, https:\/\/aavesa.com\/wp-content\/uploads\/2024\/06\/g4158-64x20.png 64w\" sizes=\"(max-width: 88px) 100vw, 88px\" title=\"g4158 - A&amp;A Vesa Shearling Factory\" \/>\t\t\t\t\t\t\t\t\t\t\t\t\t\t\t<\/div>\n\t\t\t\t<\/div>\n\t\t\t\t<div class=\"elementor-element elementor-element-c4073a0 elementor-widget elementor-widget-image\" data-id=\"c4073a0\" data-element_type=\"widget\" data-widget_type=\"image.default\">\n\t\t\t\t<div class=\"elementor-widget-container\">\n\t\t\t\t\t\t\t\t\t\t\t\t\t\t\t<img loading=\"lazy\" decoding=\"async\" width=\"67\" height=\"52\" src=\"https:\/\/aavesa.com\/wp-content\/uploads\/2024\/06\/Mastercard-logo.png\" class=\"attachment-full size-full wp-image-74933 wvs-archive-product-image\" alt=\"Mastercard logo\" srcset=\"https:\/\/aavesa.com\/wp-content\/uploads\/2024\/06\/Mastercard-logo.png 67w, https:\/\/aavesa.com\/wp-content\/uploads\/2024\/06\/Mastercard-logo-64x50.png 64w\" sizes=\"(max-width: 67px) 100vw, 67px\" title=\"Mastercard logo - A&amp;A Vesa Shearling Factory\" \/>\t\t\t\t\t\t\t\t\t\t\t\t\t\t\t<\/div>\n\t\t\t\t<\/div>\n\t\t\t\t<div class=\"elementor-element elementor-element-e58d757 elementor-widget elementor-widget-image\" data-id=\"e58d757\" data-element_type=\"widget\" data-widget_type=\"image.default\">\n\t\t\t\t<div class=\"elementor-widget-container\">\n\t\t\t\t\t\t\t\t\t\t\t\t\t\t\t<img loading=\"lazy\" decoding=\"async\" width=\"67\" height=\"52\" src=\"https:\/\/aavesa.com\/wp-content\/uploads\/2024\/06\/Maestro_2016.png\" class=\"attachment-full size-full wp-image-74934 wvs-archive-product-image\" alt=\"Maestro 2016\" srcset=\"https:\/\/aavesa.com\/wp-content\/uploads\/2024\/06\/Maestro_2016.png 67w, https:\/\/aavesa.com\/wp-content\/uploads\/2024\/06\/Maestro_2016-64x50.png 64w\" sizes=\"(max-width: 67px) 100vw, 67px\" title=\"Maestro 2016 - A&amp;A Vesa Shearling Factory\" \/>\t\t\t\t\t\t\t\t\t\t\t\t\t\t\t<\/div>\n\t\t\t\t<\/div>\n\t\t\t\t\t<\/div>\n\t\t\t\t<\/div>\n\t\t\t\t<div class=\"elementor-element elementor-element-83e872b elementor-widget elementor-widget-heading\" data-id=\"83e872b\" data-element_type=\"widget\" data-widget_type=\"heading.default\">\n\t\t\t\t<div class=\"elementor-widget-container\">\n\t\t\t\t\t<p class=\"elementor-heading-title elementor-size-default\">Az \"Online bankk\u00e1rty\u00e1val\" fizet\u00e9si lehet\u0151s\u00e9g eset\u00e9n \u00d6nt \u00e1tir\u00e1ny\u00edtjuk a biztons\u00e1gos fizet\u00e9si szolg\u00e1ltat\u00f3 oldal\u00e1ra, ahol egy \u0171rlapot t\u00f6lt ki a k\u00e1rtyaadataival.<\/p>\t\t\t\t<\/div>\n\t\t\t\t<\/div>\n\t\t\t\t<div class=\"elementor-element elementor-element-c1e20a4 elementor-widget elementor-widget-heading\" data-id=\"c1e20a4\" data-element_type=\"widget\" data-widget_type=\"heading.default\">\n\t\t\t\t<div class=\"elementor-widget-container\">\n\t\t\t\t\t<p class=\"elementor-heading-title elementor-size-default\">- A Visa \u00e9s MasterCard m\u00e1rk\u00e1j\u00fa (Visa\/Visa Electron \u00e9s MasterCard\/Maestro) hitelk\u00e1rty\u00e1kkal t\u00f6rt\u00e9n\u0151 fizet\u00e9sek a Visa\/MasterCard k\u00e1rtyaszervezetek \u00e1ltal kifejlesztett \"3-D Secure\" rendszeren kereszt\u00fcl ker\u00fclnek feldolgoz\u00e1sra. Ez a rendszer biztos\u00edtja, hogy az online tranzakci\u00f3k ugyanolyan szint\u0171 biztons\u00e1got \u00e9lvezzenek, mint az ATM-ekn\u00e9l vagy a fizikai \u00fczletekben v\u00e9gzett tranzakci\u00f3k. <\/p>\t\t\t\t<\/div>\n\t\t\t\t<\/div>\n\t\t\t\t<div class=\"elementor-element elementor-element-5a55fae elementor-widget elementor-widget-heading\" data-id=\"5a55fae\" data-element_type=\"widget\" data-widget_type=\"heading.default\">\n\t\t\t\t<div class=\"elementor-widget-container\">\n\t\t\t\t\t<p class=\"elementor-heading-title elementor-size-default\">- A \"3-D Secure\" biztos\u00edtja, hogy az \u00d6n k\u00e1rty\u00e1j\u00e1val kapcsolatos semmilyen inform\u00e1ci\u00f3 nem ker\u00fcl \u00e1tvitelre vagy t\u00e1rol\u00e1sra a virtu\u00e1lis \u00e1ruh\u00e1z szerverein.<\/p>\t\t\t\t<\/div>\n\t\t\t\t<\/div>\n\t\t\t\t<div class=\"elementor-element elementor-element-8279ec5 elementor-widget elementor-widget-heading\" data-id=\"8279ec5\" data-element_type=\"widget\" data-widget_type=\"heading.default\">\n\t\t\t\t<div class=\"elementor-widget-container\">\n\t\t\t\t\t<p class=\"elementor-heading-title elementor-size-default\"><b>Fontos tudni!<\/b>  - A k\u00e1rty\u00e1s fizet\u00e9sek\u00e9rt a k\u00e1rtyabirtokost nem terheli jutal\u00e9k!<\/p>\t\t\t\t<\/div>\n\t\t\t\t<\/div>\n\t\t\t\t<\/div>\n\t\t\t\t\t<\/div>\n\t\t\t\t<\/div>\n\t\t<div class=\"elementor-element elementor-element-561aa6a e-flex e-con-boxed e-con e-parent\" data-id=\"561aa6a\" data-element_type=\"container\">\n\t\t\t\t\t<div class=\"e-con-inner\">\n\t\t\t\t<div class=\"elementor-element elementor-element-3da9da3 elementor-widget-divider--view-line elementor-widget elementor-widget-divider\" data-id=\"3da9da3\" data-element_type=\"widget\" data-widget_type=\"divider.default\">\n\t\t\t\t<div class=\"elementor-widget-container\">\n\t\t\t\t\t\t\t<div class=\"elementor-divider\">\n\t\t\t<span class=\"elementor-divider-separator\">\n\t\t\t\t\t\t<\/span>\n\t\t<\/div>\n\t\t\t\t\t\t<\/div>\n\t\t\t\t<\/div>\n\t\t\t\t\t<\/div>\n\t\t\t\t<\/div>\n\t\t<div class=\"elementor-element elementor-element-6bdf030 e-flex e-con-boxed e-con e-parent\" data-id=\"6bdf030\" data-element_type=\"container\">\n\t\t\t\t\t<div class=\"e-con-inner\">\n\t\t<div class=\"elementor-element elementor-element-b2ba61d e-con-full e-flex e-con e-child\" data-id=\"b2ba61d\" data-element_type=\"container\">\n\t\t\t\t<\/div>\n\t\t\t\t\t<\/div>\n\t\t\t\t<\/div>\n\t\t<div class=\"elementor-element elementor-element-49a4397 e-flex e-con-boxed e-con e-parent\" data-id=\"49a4397\" data-element_type=\"container\">\n\t\t\t\t\t<div class=\"e-con-inner\">\n\t\t\t\t<div class=\"elementor-element elementor-element-15c606c elementor-widget-divider--view-line elementor-widget elementor-widget-divider\" data-id=\"15c606c\" data-element_type=\"widget\" data-widget_type=\"divider.default\">\n\t\t\t\t<div class=\"elementor-widget-container\">\n\t\t\t\t\t\t\t<div class=\"elementor-divider\">\n\t\t\t<span class=\"elementor-divider-separator\">\n\t\t\t\t\t\t<\/span>\n\t\t<\/div>\n\t\t\t\t\t\t<\/div>\n\t\t\t\t<\/div>\n\t\t\t\t\t<\/div>\n\t\t\t\t<\/div>\n\t\t<div class=\"elementor-element elementor-element-a53d546 e-flex e-con-boxed e-con e-parent\" data-id=\"a53d546\" data-element_type=\"container\">\n\t\t\t\t\t<div class=\"e-con-inner\">\n\t\t\t\t\t<\/div>\n\t\t\t\t<\/div>\n\t\t\t\t<\/div>\n\t\t","protected":false},"excerpt":{"rendered":"<p>Fizet\u00e9si m\u00f3dok K\u00c1RTYA UT\u00c1NV\u00c9TELLEL KAMATMENTES R\u00c9SZLETFIZET\u00c9S R\u00c9SZLETFIZET\u00c9S A TBI BANKON KERESZT\u00dcL K\u00c1RTYA UT\u00c1NV\u00c9TELLEL KAMATMENTES R\u00c9SZLETEK R\u00c9SZLETFIZET\u00c9S A TBI BANKON KERESZT\u00dcL PayPal PayPal form\u00e1ci\u00f3ban K\u00e1rtya Online fizet\u00e9s bankk\u00e1rty\u00e1val az EuPlatesc-en kereszt\u00fcl (Visa\/Maestro\/Mastercard). Az &#8222;Online bankk\u00e1rty\u00e1val&#8221; fizet\u00e9si lehet\u0151s\u00e9g eset\u00e9n \u00d6nt \u00e1tir\u00e1ny\u00edtjuk a biztons\u00e1gos fizet\u00e9si szolg\u00e1ltat\u00f3 oldal\u00e1ra, ahol egy \u0171rlapot t\u00f6lt ki a k\u00e1rtyaadataival. &#8211; A Visa \u00e9s [&hellip;]<\/p>\n","protected":false},"author":1,"featured_media":0,"parent":0,"menu_order":0,"comment_status":"closed","ping_status":"closed","template":"","meta":{"_acf_changed":false,"om_disable_all_campaigns":false,"inline_featured_image":false,"_monsterinsights_skip_tracking":false,"_monsterinsights_sitenote_active":false,"_monsterinsights_sitenote_note":"","_monsterinsights_sitenote_category":0,"footnotes":""},"class_list":["post-97950","page","type-page","status-publish","hentry"],"acf":[],"aioseo_notices":[],"_links":{"self":[{"href":"https:\/\/aavesa.com\/hu\/wp-json\/wp\/v2\/pages\/97950","targetHints":{"allow":["GET"]}}],"collection":[{"href":"https:\/\/aavesa.com\/hu\/wp-json\/wp\/v2\/pages"}],"about":[{"href":"https:\/\/aavesa.com\/hu\/wp-json\/wp\/v2\/types\/page"}],"author":[{"embeddable":true,"href":"https:\/\/aavesa.com\/hu\/wp-json\/wp\/v2\/users\/1"}],"replies":[{"embeddable":true,"href":"https:\/\/aavesa.com\/hu\/wp-json\/wp\/v2\/comments?post=97950"}],"version-history":[{"count":1,"href":"https:\/\/aavesa.com\/hu\/wp-json\/wp\/v2\/pages\/97950\/revisions"}],"predecessor-version":[{"id":97951,"href":"https:\/\/aavesa.com\/hu\/wp-json\/wp\/v2\/pages\/97950\/revisions\/97951"}],"wp:attachment":[{"href":"https:\/\/aavesa.com\/hu\/wp-json\/wp\/v2\/media?parent=97950"}],"curies":[{"name":"wp","href":"https:\/\/api.w.org\/{rel}","templated":true}]}}