

{"id":97960,"date":"2024-04-30T12:17:14","date_gmt":"2024-04-30T14:17:14","guid":{"rendered":"https:\/\/aavesa.com\/adatvedelmi-szabalyzat\/"},"modified":"2026-04-13T12:02:34","modified_gmt":"2026-04-13T14:02:34","slug":"adatvedelmi-szabalyzat","status":"publish","type":"page","link":"https:\/\/aavesa.com\/hu\/adatvedelmi-szabalyzat\/","title":{"rendered":"Adatv\u00e9delmi szab\u00e1lyzat"},"content":{"rendered":"\t\t<div data-elementor-type=\"wp-page\" data-elementor-id=\"97960\" class=\"elementor elementor-97960 elementor-3\" data-elementor-post-type=\"page\">\n\t\t\t\t<div class=\"elementor-element elementor-element-46895cd5 e-flex e-con-boxed e-con e-parent\" data-id=\"46895cd5\" data-element_type=\"container\">\n\t\t\t\t\t<div class=\"e-con-inner\">\n\t\t\t\t<div class=\"elementor-element elementor-element-8c043d6 elementor-widget elementor-widget-heading\" data-id=\"8c043d6\" data-element_type=\"widget\" data-widget_type=\"heading.default\">\n\t\t\t\t<div class=\"elementor-widget-container\">\n\t\t\t\t\t<h1 class=\"elementor-heading-title elementor-size-default\">Adatv\u00e9delmi ir\u00e1nyelvek<\/h1>\t\t\t\t<\/div>\n\t\t\t\t<\/div>\n\t\t\t\t<div class=\"elementor-element elementor-element-405dcddf elementor-widget elementor-widget-text-editor\" data-id=\"405dcddf\" data-element_type=\"widget\" data-widget_type=\"text-editor.default\">\n\t\t\t\t<div class=\"elementor-widget-container\">\n\t\t\t\t\t\t\t\t\t<h3 data-path-to-node=\"1\">1. Preambulum<\/h3><p data-path-to-node=\"2\"><b data-path-to-node=\"2\" data-index-in-node=\"0\">1.1. A&amp;A Vesa<\/b>  &#8211; az <b data-path-to-node=\"2\" data-index-in-node=\"45\">S.C. A&amp;A VESA S.R.L.<\/b> bejegyzett v\u00e9djegye, amely egy rom\u00e1niai jogi szem\u00e9ly, sz\u00e9khelye: Buteni, 821 A, Arad megye, bejegyezve a kereskedelmi nyilv\u00e1ntart\u00e1sba a k\u00f6vetkez\u0151 sz\u00e1m alatt. J02\/589\/1994, ad\u00f3azonos\u00edt\u00f3 k\u00f3dja RO5706806.<\/p><p data-path-to-node=\"3\"><b data-path-to-node=\"3\" data-index-in-node=\"0\">1.2.<\/b>  Az online \u00e1ruh\u00e1z haszn\u00e1lat\u00e1val, bele\u00e9rtve a term\u00e9kek megl\u00e1togat\u00e1s\u00e1t \u00e9s megv\u00e1s\u00e1rl\u00e1s\u00e1t is, felt\u00e9telezz\u00fck, hogy \u00d6n teljes m\u00e9rt\u00e9kben \u00e9s minden alkalommal, amikor bel\u00e9p a weboldalunkra, elfogadja azokat a felt\u00e9teleket, amelyek alapj\u00e1n ezeket a szolg\u00e1ltat\u00e1sokat \u00e9s term\u00e9keket ny\u00fajtjuk. Javasoljuk, hogy figyelmesen olvassa el az \u00c1ltal\u00e1nos Szerz\u0151d\u00e9si Felt\u00e9telek minden szakasz\u00e1t, hogy t\u00e1j\u00e9kozott maradjon azokr\u00f3l a felt\u00e9telekr\u0151l, amelyek mellett a megrendel\u00e9st teljes\u00edtheti. A megrendel\u00e9s lead\u00e1sa meger\u0151s\u00edti, hogy az \u00fcgyf\u00e9l elfogadja a megadott felt\u00e9teleket. Az Elad\u00f3 fenntartja mag\u00e1nak a jogot, hogy a weboldalon szerepl\u0151 felt\u00e9teleket b\u00e1rmikor, a v\u00e1s\u00e1rl\u00f3 el\u0151zetes \u00e9rtes\u00edt\u00e9se n\u00e9lk\u00fcl m\u00f3dos\u00edtsa. A v\u00e1s\u00e1rl\u00f3 \u00e1lland\u00f3 hozz\u00e1f\u00e9r\u00e9ssel rendelkezik a felt\u00e9telekhez, \u00e9s felel\u0151s az\u00e9rt, hogy minden alkalommal, amikor bel\u00e9p az oldalunkra, megismerje azokat.    <\/p><p data-path-to-node=\"4\"><b data-path-to-node=\"4\" data-index-in-node=\"0\">1.3.<\/b> A jelen web\u00e1ruh\u00e1z felt\u00e9telei megfelelnek a <b data-path-to-node=\"4\" data-index-in-node=\"81\">34\/2014 GEO 34\/2014<\/b> a fogyaszt\u00f3k jogair\u00f3l a szakmai szerepl\u0151kkel k\u00f6t\u00f6tt szerz\u0151d\u00e9sekben, a <b data-path-to-node=\"4\" data-index-in-node=\"155\">21\/1992 GO<\/b> a fogyaszt\u00f3v\u00e9delemr\u0151l, a <b data-path-to-node=\"4\" data-index-in-node=\"190\">140\/2021 GEO<\/b> az \u00e1rukereskedelmi szerz\u0151d\u00e9sek egyes szempontjair\u00f3l (j\u00f3t\u00e1ll\u00e1s), a <b data-path-to-node=\"4\" data-index-in-node=\"278\">99\/2000 GO<\/b> a piaci term\u00e9kek \u00e9s szolg\u00e1ltat\u00e1sok forgalmaz\u00e1s\u00e1r\u00f3l, valamint a <b data-path-to-node=\"4\" data-index-in-node=\"343\">363\/2007 t\u00f6rv\u00e9ny<\/b> a tisztess\u00e9gtelen kereskedelmi gyakorlatok elleni k\u00fczdelemr\u0151l. Ezek a normat\u00edv aktusok a fogyaszt\u00f3kra vonatkoznak. <\/p><p data-path-to-node=\"5\"><b data-path-to-node=\"5\" data-index-in-node=\"0\">1.4.<\/b> A <b data-path-to-node=\"5\" data-index-in-node=\"18\">34\/2014 GEO<\/b> szerint t\u00e1vollev\u0151k k\u00f6z\u00f6tt k\u00f6t\u00f6tt szerz\u0151d\u00e9snek min\u0151s\u00fcl minden olyan szerz\u0151d\u00e9s, amelyet a szakember \u00e9s a fogyaszt\u00f3 <span class=\"citation-178 citation-end-178\">a szakember \u00e9s a fogyaszt\u00f3 egyidej\u0171 fizikai jelenl\u00e9te n\u00e9lk\u00fcl, egy vagy t\u00f6bb t\u00e1vk\u00f6zl\u00e9si eszk\u00f6z kiz\u00e1r\u00f3lagos haszn\u00e1lat\u00e1val<\/span>k\u00f6tnek meg, <span class=\"citation-178 citation-end-178\">a szerz\u0151d\u00e9s megk\u00f6t\u00e9s\u00e9nek pillanat\u00e1ig<\/span>(a megrendel\u00e9s elfogad\u00e1s\u00e1nak a szakember \u00e1ltali visszaigazol\u00e1sa), \u00e9s amelynek keret\u00e9ben a szakember a term\u00e9kek tulajdonjog\u00e1t \u00e1tadja vagy v\u00e1llalja, hogy \u00e1tadja a fogyaszt\u00f3nak.<\/p><div class=\"source-inline-chip-container ng-star-inserted\"> <\/div><p data-path-to-node=\"6\"><b data-path-to-node=\"6\" data-index-in-node=\"0\">1.5.<\/b> A <b data-path-to-node=\"6\" data-index-in-node=\"27\">jogi szem\u00e9lyek<\/b> (t\u00e1rsas\u00e1gok) \u00e1ltal v\u00e1s\u00e1rolt term\u00e9kekre a Polg\u00e1ri T\u00f6rv\u00e9nyk\u00f6nyv \u00e1ltal el\u0151\u00edrt \u00e1ltal\u00e1nos ad\u00e1sv\u00e9teli rendszer vonatkozik, k\u00fcl\u00f6n fogyaszt\u00f3v\u00e9delmi rendelkez\u00e9sek alkalmaz\u00e1sa n\u00e9lk\u00fcl. Ez\u00e9rt a jogi szem\u00e9lyek nem r\u00e9szes\u00fclnek a t\u00f6rv\u00e9nyes el\u00e1ll\u00e1si jog vagy a fogyaszt\u00f3knak az el\u00e1ll\u00e1si joggal kapcsolatban biztos\u00edtott egy\u00e9b k\u00fcl\u00f6nleges jogokb\u00f3l (a 34\/2014 GEO szerint). <\/p><p data-path-to-node=\"7\"><b data-path-to-node=\"7\" data-index-in-node=\"0\">1.6.<\/b>  A megrendel\u00e9s be\u00e9rkez\u00e9s\u00e9r\u0151l \u00e9rtes\u00edt\u0151 e-mail \u00fczenet, illetve az \u00e1llapotfriss\u00edt\u00e9s nem jelent szerz\u0151d\u00e9ses k\u00f6telezetts\u00e9get r\u00e9sz\u00fcnkr\u0151l; ezek elektronikus \u00faton t\u00f6rt\u00e9n\u0151 k\u00f6zl\u00e9sek. Minden be\u00e9rkezett megrendel\u00e9s el\u0151zetes ellen\u0151rz\u00e9si folyamaton megy kereszt\u00fcl a k\u00e9szlet, a term\u00e9kjellemz\u0151k, az \u00e1rak stb. tekintet\u00e9ben. Az elad\u00f3 tulajdonjog \u00e1tad\u00e1s\u00e1ra vonatkoz\u00f3 k\u00f6telezetts\u00e9gv\u00e1llal\u00e1sa \u00e9s a szerz\u0151d\u00e9ses k\u00f6telezetts\u00e9g csak a <b data-path-to-node=\"7\" data-index-in-node=\"427\">megrendel\u00e9s elfogad\u00e1s\u00e1nak visszaigazol\u00e1s\u00e1val<\/b> kezd\u0151dik.  <\/p><p data-path-to-node=\"8\"><b data-path-to-node=\"8\" data-index-in-node=\"0\">1.7.<\/b>  Minden int\u00e9zked\u00e9st megtesz\u00fcnk az online \u00e1ruh\u00e1z kiberbiztons\u00e1g\u00e1nak biztos\u00edt\u00e1sa \u00e9rdek\u00e9ben, de nem tudjuk teljes m\u00e9rt\u00e9kben garant\u00e1lni, hogy az oldal, a szerverek, amelyeken az oldal tal\u00e1lhat\u00f3, vagy a c\u00e9g\u00fcnk \u00e1ltal k\u00fcld\u00f6tt e-mailek folyamatosan mentesek a v\u00edrusokt\u00f3l vagy m\u00e1s potenci\u00e1lisan k\u00e1ros sz\u00e1m\u00edt\u00f3g\u00e9pes \u00f6sszetev\u0151kt\u0151l. Az \u00fcgyf\u00e9l saj\u00e1t felel\u0151ss\u00e9g\u00e9re haszn\u00e1lja az online \u00e1ruh\u00e1zat, \u00e9s k\u00f6teles szem\u00e9lyes kiberbiztons\u00e1gi megold\u00e1sokat telep\u00edteni. Tilos rosszindulat\u00fa szoftvereket, v\u00edrusokat vagy m\u00e1s k\u00e1ros szoftvereket (szolg\u00e1ltat\u00e1smegtagad\u00e1s, f\u00e9rgek, tr\u00f3jaiak stb.) behozni.  <\/p><p data-path-to-node=\"9\"><b data-path-to-node=\"9\" data-index-in-node=\"0\">1.8.<\/b>  Minden szakmai gondoss\u00e1ggal biztos\u00edtjuk az inform\u00e1ci\u00f3k pontoss\u00e1g\u00e1t (bele\u00e9rtve a jellemz\u0151ket \u00e9s az \u00e1rakat). A k\u00e9pek megfelelnek a val\u00f3s\u00e1gnak, de a sz\u00edn\u00e1rnyalatok a f\u00e9nyk\u00e9pez\u00e9si folyamat vagy a monitor be\u00e1ll\u00edt\u00e1sai miatt kiss\u00e9 elt\u00e9rhetnek. El\u0151fordulhatnak technikai vagy tartalmi hib\u00e1k a specifik\u00e1ci\u00f3kkal, \u00e1rakkal vagy el\u00e9rhet\u0151s\u00e9ggel kapcsolatban (pl. munkaid\u0151n k\u00edv\u00fcl leadott megrendel\u00e9sek eset\u00e9n).  <\/p><p data-path-to-node=\"10\"><b data-path-to-node=\"10\" data-index-in-node=\"0\">1.9.<\/b> Ha a rendszer hib\u00e1j\u00e1b\u00f3l ad\u00f3d\u00f3an <b data-path-to-node=\"10\" data-index-in-node=\"10\">a<\/b> t\u00e9nyleges \u00e1rn\u00e1l l\u00e9nyegesen alacsonyabb <b data-path-to-node=\"10\" data-index-in-node=\"10\">\u00e1r<\/b> jelenik meg, a helyes \u00e1rat k\u00f6z\u00f6lj\u00fck \u00d6nnel. \u00d6nnek joga van visszautas\u00edtani a m\u00f3dos\u00edtott aj\u00e1nlatot. Nem vagyunk k\u00f6telesek visszaigazolni a rendel\u00e9st a deriv\u00e1l\u00f3 \u00e1ron, tekintettel a term\u00e9kek beszerz\u00e9si \u00e1r alatti \u00e9rt\u00e9kes\u00edt\u00e9s\u00e9nek t\u00f6rv\u00e9nyi tilalm\u00e1ra.  <\/p><p data-path-to-node=\"11\"><b data-path-to-node=\"11\" data-index-in-node=\"0\">1.10.<\/b> Az \u00e1rak <b data-path-to-node=\"11\" data-index-in-node=\"30\">LEI-ben (RON<\/b> ) vannak kifejezve \u00e9s tartalmazz\u00e1k <b data-path-to-node=\"11\" data-index-in-node=\"52\">az \u00c1FA-t<\/b>. A v\u00e9gs\u0151 \u00e1r tartalmazza a term\u00e9k \u00e1r\u00e1t \u00e9s a sz\u00e1ll\u00edt\u00e1si k\u00f6lts\u00e9get (ha a v\u00e1s\u00e1rl\u00e1s \u00e9rt\u00e9ke nem \u00e9ri el a minim\u00e1lis rendel\u00e9si \u00e9rt\u00e9ket). <\/p><p data-path-to-node=\"12\"><b data-path-to-node=\"12\" data-index-in-node=\"0\">1.11.<\/b>  A sz\u00e1ll\u00edt\u00e1si k\u00f6lts\u00e9geket a szerz\u0151d\u00e9sk\u00f6t\u00e9st megel\u0151z\u0151 szakaszban k\u00f6z\u00f6lj\u00fck. A norm\u00e1l sz\u00e1ll\u00edt\u00e1si hat\u00e1rid\u0151 a megrendel\u00e9s visszaigazol\u00e1s\u00e1t\u00f3l kezd\u0151dik, \u00e9s a megrendel\u00e9s v\u00e9gleges\u00edt\u00e9se el\u0151tt k\u00f6z\u00f6lj\u00fck. A h\u00e9tv\u00e9g\u00e9n vagy \u00fcnnepnapokon leadott megrendel\u00e9sek az els\u0151 munkanapon ker\u00fclnek feldolgoz\u00e1sra. Az egyedi gy\u00e1rt\u00e1s\u00fa term\u00e9kek eset\u00e9ben a sz\u00e1ll\u00edt\u00e1si hat\u00e1rid\u0151 v\u00e1ltozhat, \u00e9s azt tart\u00f3s adathordoz\u00f3n k\u00f6z\u00f6lj\u00fck.   <\/p><p data-path-to-node=\"13\"><b data-path-to-node=\"13\" data-index-in-node=\"0\">1.12.<\/b>  Rendk\u00edv\u00fcli helyzetekben (rendk\u00edv\u00fcli \u00e1llapot, rossz id\u0151j\u00e1r\u00e1s, \u00fatlez\u00e1r\u00e1sok vagy nagy forgalm\u00fa id\u0151szakok, mint a fekete p\u00e9ntek\/kar\u00e1csony) k\u00e9sedelmek fordulhatnak el\u0151 a sz\u00e1ll\u00edt\u00e1sban. A <b data-path-to-node=\"13\" data-index-in-node=\"172\">sz\u00e1ll\u00edt\u00e1si hat\u00e1rid\u0151 azonban nem haladhatja meg a 30 napot<\/b>. Ha a term\u00e9ket nem sz\u00e1ll\u00edtj\u00e1k ki ezen az id\u0151tartamon bel\u00fcl, a v\u00e1s\u00e1rl\u00f3t \u00e9rtes\u00edtj\u00fck, \u00e9s a kifizetett \u00f6sszeget visszat\u00e9r\u00edtj\u00fck.  <\/p><hr data-path-to-node=\"14\"><h3 data-path-to-node=\"15\">2. Szerz\u0151d\u00e9ses dokumentumok<\/h3><p data-path-to-node=\"16\"><b data-path-to-node=\"16\" data-index-in-node=\"0\">2.1.<\/b>  A megrendel\u00e9s regisztr\u00e1l\u00e1s\u00e1val a vev\u0151 beleegyezik abba a kommunik\u00e1ci\u00f3s form\u00e1ba (telefon vagy e-mail), amelyen kereszt\u00fcl az elad\u00f3 a tev\u00e9kenys\u00e9g\u00e9t v\u00e9gzi.  <b data-path-to-node=\"16\" data-index-in-node=\"147\">2.2.<\/b>  A megrendel\u00e9s lead\u00e1sa ut\u00e1n kapott \u00e9rtes\u00edt\u00e9s t\u00e1j\u00e9koztat\u00f3 jelleg\u0171, \u00e9s nem jelenti a megrendel\u00e9s elfogad\u00e1s\u00e1t.  <b data-path-to-node=\"16\" data-index-in-node=\"271\">2.3.<\/b>  Az elad\u00f3 fenntartja a jogot, hogy indokolt esetben m\u00f3dos\u00edtsa a megrendel\u00e9sben szerepl\u0151 \u00e1ruk mennyis\u00e9g\u00e9t. Ilyen esetben az elad\u00f3 \u00e9rtes\u00edti a vev\u0151t, \u00e9s visszat\u00e9r\u00edti a kifizetett \u00f6sszeget. <b data-path-to-node=\"16\" data-index-in-node=\"451\">2.4.<\/b> A szerz\u0151d\u00e9s akkor tekinthet\u0151 megk\u00f6t\u00f6ttnek, amikor a vev\u0151 e-mailben \u00e9s\/vagy SMS-ben megkapja a <b data-path-to-node=\"16\" data-index-in-node=\"521\">megrendel\u00e9s visszaigazol\u00e1s\u00e1t \u00e9s a felad\u00e1sr\u00f3l sz\u00f3l\u00f3 \u00e9rtes\u00edt\u00e9st<\/b>. <\/p><hr data-path-to-node=\"17\"><h3 data-path-to-node=\"18\">3. Online \u00e9rt\u00e9kes\u00edt\u00e9si politika<\/h3><p data-path-to-node=\"19\"><b data-path-to-node=\"19\" data-index-in-node=\"0\">3.1.<\/b>  A megrendel\u00e9s lead\u00e1s\u00e1hoz val\u00f3 hozz\u00e1f\u00e9r\u00e9s b\u00e1rmely \u00fcgyf\u00e9l sz\u00e1m\u00e1ra enged\u00e9lyezett. Az A&amp;A VESA S.R.L. fenntartja a jogot a hozz\u00e1f\u00e9r\u00e9s korl\u00e1toz\u00e1s\u00e1ra, ha az \u00fcgyf\u00e9l magatart\u00e1sa k\u00e1rt okozhat a v\u00e1llalatnak.   <b data-path-to-node=\"19\" data-index-in-node=\"158\">3.2.<\/b>  Az elad\u00f3val val\u00f3 kapcsolattart\u00e1s a &#8222;Kapcsolat&#8221; r\u00e9szben tal\u00e1lhat\u00f3 c\u00edmeken kereszt\u00fcl t\u00f6rt\u00e9nhet. <b data-path-to-node=\"19\" data-index-in-node=\"249\">3.3.<\/b> Szokatlan forgalom eset\u00e9n a weboldal adatainak v\u00e9delme \u00e9rdek\u00e9ben <b data-path-to-node=\"19\" data-index-in-node=\"297\">CAPTCHA<\/b> \u00e9rv\u00e9nyes\u00edt\u00e9st k\u00e9rhet\u00fcnk.   <b data-path-to-node=\"19\" data-index-in-node=\"348\">3.4.<\/b>  Online fizet\u00e9s: Az elad\u00f3 nem felel\u0151s a vev\u0151 bankja \u00e1ltal alkalmazott tov\u00e1bbi k\u00f6lts\u00e9gek\u00e9rt, mint p\u00e9ld\u00e1ul a valutav\u00e1lt\u00e1si d\u00edjak.  <b data-path-to-node=\"19\" data-index-in-node=\"483\">3.5.<\/b>  A term\u00e9kle\u00edr\u00e1sok (k\u00e9pek, bemutat\u00f3k) bemutat\u00e1si c\u00e9lokat szolg\u00e1lnak, \u00e9s nem jelentenek szerz\u0151d\u00e9ses k\u00f6telezetts\u00e9get.  <b data-path-to-node=\"19\" data-index-in-node=\"611\">3.6.<\/b>  14 nappal a v\u00e1s\u00e1rl\u00e1s ut\u00e1n a v\u00e1s\u00e1rl\u00f3t megk\u00e9rj\u00fck, hogy \u00edrjon egy v\u00e9lem\u00e9nyt, hogy seg\u00edtse a t\u00f6bbi felhaszn\u00e1l\u00f3t.<\/p><hr data-path-to-node=\"20\"><h3 data-path-to-node=\"21\">4. \u00c1truh\u00e1z\u00e1s \u00e9s alv\u00e1llalkoz\u00e1sba ad\u00e1s<\/h3><p data-path-to-node=\"22\">Az elad\u00f3 a vev\u0151 beleegyez\u00e9se n\u00e9lk\u00fcl megb\u00edzhat vagy alv\u00e1llalkoz\u00f3t b\u00edzhat meg harmadik f\u00e9llel a megrendel\u00e9s teljes\u00edt\u00e9s\u00e9vel kapcsolatos szolg\u00e1ltat\u00e1sok elv\u00e9gz\u00e9s\u00e9vel, mik\u00f6zben tov\u00e1bbra is felel\u0151s marad az \u00f6sszes szerz\u0151d\u00e9ses k\u00f6telezetts\u00e9g\u00e9rt.<\/p><hr data-path-to-node=\"23\"><h3 data-path-to-node=\"24\">5. Szellemi \u00e9s ipari tulajdonjogok<\/h3><p data-path-to-node=\"25\">Minden tartalom (log\u00f3k, szimb\u00f3lumok, sz\u00f6vegek, k\u00e9pek, multim\u00e9dia) az <b data-path-to-node=\"25\" data-index-in-node=\"84\">A&amp;A VESA S.R.L.<\/b> kiz\u00e1r\u00f3lagos tulajdon\u00e1t k\u00e9pezi. A tartalom m\u00e1sol\u00e1sa, terjeszt\u00e9se vagy felhaszn\u00e1l\u00e1sa a szem\u00e9lyes, nem kereskedelmi c\u00e9l\u00fa felhaszn\u00e1l\u00e1son k\u00edv\u00fcl m\u00e1sra tilos kifejezett \u00edr\u00e1sbeli enged\u00e9ly n\u00e9lk\u00fcl. A szerz\u0151i jogok megs\u00e9rt\u00e9s\u00e9t a k\u00f6vetkez\u0151 c\u00edmen lehet bejelenteni: <code data-path-to-node=\"25\" data-index-in-node=\"288\">contact [at] aavesa.com<\/code>. <\/p><hr data-path-to-node=\"26\"><h3 data-path-to-node=\"27\">6. A rendel\u00e9s<\/h3><p data-path-to-node=\"28\"><b data-path-to-node=\"28\" data-index-in-node=\"0\">6.1.<\/b>  A term\u00e9k kos\u00e1rba helyez\u00e9se a megrendel\u00e9s v\u00e9gleges\u00edt\u00e9se n\u00e9lk\u00fcl nem min\u0151s\u00fcl foglal\u00e1snak.  <b data-path-to-node=\"28\" data-index-in-node=\"98\">6.2. Visszavon\u00e1si jog:<\/b>  A vev\u0151nek <b data-path-to-node=\"28\" data-index-in-node=\"135\">14 napt\u00e1ri nap<\/b> \u00e1ll rendelkez\u00e9s\u00e9re, hogy indokl\u00e1s n\u00e9lk\u00fcl visszak\u00fcldje a term\u00e9ket, \u00e9s csak a sz\u00e1ll\u00edt\u00e1si k\u00f6lts\u00e9get viselje.  <b data-path-to-node=\"28\" data-index-in-node=\"233\">6.3. Visszat\u00e9r\u00e9si elj\u00e1r\u00e1s:<\/b>  A v\u00e1s\u00e1rl\u00f3 a visszak\u00fcld\u00e9si \u0171rlapot a k\u00f6vetkez\u0151 c\u00edmen t\u00f6ltheti ki: https:\/\/aavesa.com\/return-policy\/ . <b data-path-to-node=\"28\" data-index-in-node=\"338\">6.4.<\/b> Az elad\u00f3 az el\u00e1ll\u00e1si d\u00f6nt\u00e9sr\u0151l val\u00f3 tudom\u00e1sszerz\u00e9st\u0151l sz\u00e1m\u00edtott <b data-path-to-node=\"28\" data-index-in-node=\"384\">14 napon<\/b> bel\u00fcl visszat\u00e9r\u00edti az \u00f6sszeget, ugyanazon a fizet\u00e9si m\u00f3dszeren kereszt\u00fcl, amelyet haszn\u00e1lt (vagy ut\u00e1nv\u00e9t eset\u00e9n banki \u00e1tutal\u00e1ssal).<\/p><hr data-path-to-node=\"29\"><h3 data-path-to-node=\"30\">7. A forgalomb\u00f3l val\u00f3 kivon\u00e1s \u00e9s \u00e9rt\u00e9kcs\u00f6kken\u00e9s al\u00f3l mentes\u00edtett \u00e1ruk<\/h3><p data-path-to-node=\"31\"><b data-path-to-node=\"31\" data-index-in-node=\"0\">7.1.<\/b> A 14 napos el\u00e1ll\u00e1si jog <b data-path-to-node=\"31\" data-index-in-node=\"33\">nem vonatkozik<\/b> az \u00fcgyf\u00e9l specifik\u00e1ci\u00f3i alapj\u00e1n k\u00e9sz\u00fclt vagy egy\u00e9rtelm\u0171en szem\u00e9lyre szabott term\u00e9kekre (egyedi m\u00e9ret, k\u00fcl\u00f6nleges anyagok, grav\u00edroz\u00e1s). <b data-path-to-node=\"31\" data-index-in-node=\"170\">7.2.<\/b> Ha a term\u00e9keket a jelleg\u00fck \u00e9s tulajdons\u00e1gaik meg\u00e1llap\u00edt\u00e1s\u00e1hoz sz\u00fcks\u00e9ges m\u00e9rt\u00e9ket meghalad\u00f3an haszn\u00e1lj\u00e1k, a vev\u0151 felel\u0151s az \u00e1ru <b data-path-to-node=\"31\" data-index-in-node=\"301\">\u00e9rt\u00e9kcs\u00f6kken\u00e9s\u00e9\u00e9rt<\/b>.<\/p><hr data-path-to-node=\"32\"><h3 data-path-to-node=\"33\">8. Bizalmass\u00e1g<\/h3><p data-path-to-node=\"34\">Az A&amp;A Vesa S.R.L. meg\u0151rzi a megadott inform\u00e1ci\u00f3k bizalmas jelleg\u00e9t. A weboldalon kereszt\u00fcl k\u00fcld\u00f6tt anyagokkal \u00d6n az elad\u00f3nak jogot biztos\u00edt azok felhaszn\u00e1l\u00e1s\u00e1ra\/\u00fajragy\u00e1rt\u00e1s\u00e1ra (hacsak a t\u00f6rv\u00e9ny m\u00e1sk\u00e9nt nem rendelkezik). <\/p><hr data-path-to-node=\"35\"><h3 data-path-to-node=\"36\">9. Kereskedelmi kommunik\u00e1ci\u00f3<\/h3><p data-path-to-node=\"37\">A felhaszn\u00e1l\u00f3k b\u00e1rmikor m\u00f3dos\u00edthatj\u00e1k feliratkoz\u00e1si opci\u00f3ikat vagy leiratkozhatnak a fi\u00f3kjuk &#8222;El\u0151fizet\u00e9seim&#8221; szakasz\u00e1n kereszt\u00fcl, vagy az e-mailekben tal\u00e1lhat\u00f3 leiratkoz\u00e1si linkre kattintva.<\/p><hr data-path-to-node=\"38\"><h3 data-path-to-node=\"39\">10. Sz\u00e1ml\u00e1z\u00e1s \u00e9s fizet\u00e9s<\/h3><p data-path-to-node=\"40\"><b data-path-to-node=\"40\" data-index-in-node=\"0\">10.1.<\/b>  Az \u00e1rak tartalmazz\u00e1k az \u00c1FA-t. A sz\u00e1ml\u00e1t elektronikusan vagy a kisz\u00e1ll\u00edtott csomagban k\u00fcldj\u00fck. <b data-path-to-node=\"40\" data-index-in-node=\"97\">10.2.<\/b> A fizet\u00e9si k\u00e1rtya adatait az A&amp;A VESA S.R.L. <b data-path-to-node=\"40\" data-index-in-node=\"124\">nem<\/b> t\u00e1rolja, azokat az arra felhatalmazott szervezet kezeli: <b data-path-to-node=\"40\" data-index-in-node=\"194\">EuroPayment Services S.R.L.<\/b> (EuPlatesc.ro) vagy a PayPal. <b data-path-to-node=\"40\" data-index-in-node=\"238\">10.3.<\/b> A biztons\u00e1g \u00e9rdek\u00e9ben a felhaszn\u00e1l\u00f3knak aj\u00e1nlott er\u0151s jelszavakat haszn\u00e1lniuk \u00e9s kijelentkezni\u00fck a megosztott eszk\u00f6z\u00f6kr\u0151l. <\/p><hr data-path-to-node=\"41\"><h3 data-path-to-node=\"42\">11. Az \u00e1ruk sz\u00e1ll\u00edt\u00e1sa<\/h3><p data-path-to-node=\"43\">A kisz\u00e1ll\u00edt\u00e1s h\u00e1zhoz sz\u00e1ll\u00edt\u00f3 fut\u00e1rszolg\u00e1lattal vagy az A&amp;A Vesa \u00fczleteibe t\u00f6rt\u00e9nik az Eur\u00f3pai Uni\u00f3 eg\u00e9sz ter\u00fclet\u00e9n.<\/p><hr data-path-to-node=\"44\"><h3 data-path-to-node=\"45\">12. Garanci\u00e1k<\/h3><p data-path-to-node=\"46\">Minden term\u00e9kre a rom\u00e1niai jogszab\u00e1lyok szerinti j\u00f3t\u00e1ll\u00e1si felt\u00e9telek vonatkoznak. A term\u00e9kek \u00fajak \u00e9s eredeti csomagol\u00e1sban vannak. A garanci\u00e1lis id\u0151szak alatt meghib\u00e1sodott term\u00e9keket a gy\u00e1rba vagy a legk\u00f6zelebbi A&amp;A Vesa \u00fczletbe kell k\u00fcldeni.  <\/p><hr data-path-to-node=\"47\"><h3 data-path-to-node=\"48\">13. Vagyon\u00e1truh\u00e1z\u00e1s<\/h3><p data-path-to-node=\"49\">Az \u00e1ru tulajdonjoga a sz\u00e1ll\u00edt\u00e1skor, a megrendel\u00e9sben megjel\u00f6lt helyen t\u00f6rt\u00e9n\u0151 fizet\u00e9st k\u00f6vet\u0151en sz\u00e1ll \u00e1t.<\/p><hr data-path-to-node=\"50\"><h3 data-path-to-node=\"51\">14. Felel\u0151ss\u00e9g<\/h3><p data-path-to-node=\"52\">Az elad\u00f3 nem felel az \u00e1ruk sz\u00e1ll\u00edt\u00e1s ut\u00e1ni haszn\u00e1lat\u00e1b\u00f3l ered\u0151 k\u00e1rok\u00e9rt. Fi\u00f3k l\u00e9trehoz\u00e1s\u00e1val a felhaszn\u00e1l\u00f3 felel\u0151ss\u00e9get v\u00e1llal a bejelentkez\u00e9si adatainak bizalmas kezel\u00e9s\u00e9\u00e9rt. <\/p>\t\t\t\t\t\t\t\t<\/div>\n\t\t\t\t<\/div>\n\t\t\t\t\t<\/div>\n\t\t\t\t<\/div>\n\t\t\t\t<\/div>\n\t\t","protected":false},"excerpt":{"rendered":"<p>Adatv\u00e9delmi ir\u00e1nyelvek 1. Preambulum 1.1. A&amp;A Vesa &#8211; az S.C. A&amp;A VESA S.R.L. bejegyzett v\u00e9djegye, amely egy rom\u00e1niai jogi szem\u00e9ly, sz\u00e9khelye: Buteni, 821 A, Arad megye, bejegyezve a kereskedelmi nyilv\u00e1ntart\u00e1sba a k\u00f6vetkez\u0151 sz\u00e1m alatt. J02\/589\/1994, ad\u00f3azonos\u00edt\u00f3 k\u00f3dja RO5706806. 1.2. Az online \u00e1ruh\u00e1z haszn\u00e1lat\u00e1val, bele\u00e9rtve a term\u00e9kek megl\u00e1togat\u00e1s\u00e1t \u00e9s megv\u00e1s\u00e1rl\u00e1s\u00e1t is, felt\u00e9telezz\u00fck, hogy \u00d6n teljes m\u00e9rt\u00e9kben [&hellip;]<\/p>\n","protected":false},"author":1,"featured_media":0,"parent":0,"menu_order":0,"comment_status":"closed","ping_status":"closed","template":"","meta":{"_acf_changed":false,"om_disable_all_campaigns":false,"inline_featured_image":false,"_monsterinsights_skip_tracking":false,"_monsterinsights_sitenote_active":false,"_monsterinsights_sitenote_note":"","_monsterinsights_sitenote_category":0,"footnotes":""},"class_list":["post-97960","page","type-page","status-publish","hentry"],"acf":[],"aioseo_notices":[],"_links":{"self":[{"href":"https:\/\/aavesa.com\/hu\/wp-json\/wp\/v2\/pages\/97960","targetHints":{"allow":["GET"]}}],"collection":[{"href":"https:\/\/aavesa.com\/hu\/wp-json\/wp\/v2\/pages"}],"about":[{"href":"https:\/\/aavesa.com\/hu\/wp-json\/wp\/v2\/types\/page"}],"author":[{"embeddable":true,"href":"https:\/\/aavesa.com\/hu\/wp-json\/wp\/v2\/users\/1"}],"replies":[{"embeddable":true,"href":"https:\/\/aavesa.com\/hu\/wp-json\/wp\/v2\/comments?post=97960"}],"version-history":[{"count":5,"href":"https:\/\/aavesa.com\/hu\/wp-json\/wp\/v2\/pages\/97960\/revisions"}],"predecessor-version":[{"id":98681,"href":"https:\/\/aavesa.com\/hu\/wp-json\/wp\/v2\/pages\/97960\/revisions\/98681"}],"wp:attachment":[{"href":"https:\/\/aavesa.com\/hu\/wp-json\/wp\/v2\/media?parent=97960"}],"curies":[{"name":"wp","href":"https:\/\/api.w.org\/{rel}","templated":true}]}}