

{"id":89006,"date":"2024-07-26T16:36:54","date_gmt":"2024-07-26T16:36:54","guid":{"rendered":"https:\/\/new.aavesa.com\/produs\/birkabor-kesztyu-m116\/"},"modified":"2025-11-17T06:33:36","modified_gmt":"2025-11-17T06:33:36","slug":"birkabor-kesztyu-m116","status":"publish","type":"product","link":"https:\/\/aavesa.com\/hu\/product\/birkabor-kesztyu-m116\/","title":{"rendered":"Birkab\u0151r keszty\u0171 M116"},"content":{"rendered":"<p>A n\u0151i b\u0151rkeszty\u0171 t\u00f6k\u00e9letes kieg\u00e9sz\u00edt\u0151, amely egyes\u00edti az eleganci\u00e1t \u00e9s a funkcionalit\u00e1st. A kiv\u00e1l\u00f3 min\u0151s\u00e9g\u0171 term\u00e9szetes b\u0151rb\u0151l k\u00e9sz\u00fclt keszty\u0171k \u00fajradefini\u00e1lj\u00e1k az eleganci\u00e1t \u00e9s a kifinomults\u00e1got. A b\u00e1r\u00e1nyb\u0151rb\u0151l k\u00e9sz\u00fclt keszty\u0171 finom text\u00far\u00e1t \u00e9s kiv\u00e9teles tart\u00f3ss\u00e1got k\u00edn\u00e1l.<br \/>\nA keszty\u0171 apr\u00f3l\u00e9kos kialak\u00edt\u00e1sa kiemeli a n\u0151iess\u00e9get, \u00e9s st\u00edlusoss\u00e1 tesz minden \u00f6lt\u00f6zetet. A legmagasabb min\u0151s\u00e9g\u0171 anyagok kifinomult megjelen\u00e9st \u00e9s f\u00e9ny\u0171z\u0151 tapint\u00e1st biztos\u00edtanak. Ak\u00e1r egy \u00e1tlagos napon, ak\u00e1r egy k\u00fcl\u00f6nleges esem\u00e9nyen veszel r\u00e9szt, a n\u0151i b\u0151rkeszty\u0171 ide\u00e1lis v\u00e1laszt\u00e1s az \u00f6lt\u00f6z\u00e9ked kieg\u00e9sz\u00edt\u00e9s\u00e9re.<\/p>\n","protected":false},"excerpt":{"rendered":"<p>A n\u0151i b\u0151rkeszty\u0171 t\u00f6k\u00e9letes kieg\u00e9sz\u00edt\u0151, amely egyes\u00edti az eleganci\u00e1t \u00e9s a funkcionalit\u00e1st. A kiv\u00e1l\u00f3 min\u0151s\u00e9g\u0171 term\u00e9szetes b\u0151rb\u0151l k\u00e9sz\u00fclt keszty\u0171k \u00fajradefini\u00e1lj\u00e1k az eleganci\u00e1t \u00e9s a kifinomults\u00e1got. A b\u00e1r\u00e1nyb\u0151rb\u0151l k\u00e9sz\u00fclt keszty\u0171 finom text\u00far\u00e1t \u00e9s kiv\u00e9teles tart\u00f3ss\u00e1got k\u00edn\u00e1l. A keszty\u0171 apr\u00f3l\u00e9kos kialak\u00edt\u00e1sa kiemeli a n\u0151iess\u00e9get, \u00e9s st\u00edlusoss\u00e1 tesz minden \u00f6lt\u00f6zetet. A legmagasabb min\u0151s\u00e9g\u0171 anyagok kifinomult megjelen\u00e9st \u00e9s f\u00e9ny\u0171z\u0151 [&hellip;]<\/p>\n","protected":false},"featured_media":89009,"comment_status":"closed","ping_status":"closed","template":"","meta":{"_acf_changed":false,"om_disable_all_campaigns":false,"inline_featured_image":false,"_monsterinsights_skip_tracking":false,"_monsterinsights_sitenote_active":false,"_monsterinsights_sitenote_note":"","_monsterinsights_sitenote_category":0},"product_brand":[],"product_cat":[743,741],"product_tag":[],"class_list":{"0":"post-89006","1":"product","2":"type-product","3":"status-publish","4":"has-post-thumbnail","6":"product_cat-borkesztyu-noi","7":"product_cat-nok","9":"first","10":"instock","11":"taxable","12":"shipping-taxable","13":"purchasable","14":"product-type-variable","15":"wvs-archive-product-wrapper"},"acf":{"categorie_feed":""},"aioseo_notices":[],"_links":{"self":[{"href":"https:\/\/aavesa.com\/hu\/wp-json\/wp\/v2\/product\/89006","targetHints":{"allow":["GET"]}}],"collection":[{"href":"https:\/\/aavesa.com\/hu\/wp-json\/wp\/v2\/product"}],"about":[{"href":"https:\/\/aavesa.com\/hu\/wp-json\/wp\/v2\/types\/product"}],"replies":[{"embeddable":true,"href":"https:\/\/aavesa.com\/hu\/wp-json\/wp\/v2\/comments?post=89006"}],"wp:featuredmedia":[{"embeddable":true,"href":"https:\/\/aavesa.com\/hu\/wp-json\/wp\/v2\/media\/89009"}],"wp:attachment":[{"href":"https:\/\/aavesa.com\/hu\/wp-json\/wp\/v2\/media?parent=89006"}],"wp:term":[{"taxonomy":"product_brand","embeddable":true,"href":"https:\/\/aavesa.com\/hu\/wp-json\/wp\/v2\/product_brand?post=89006"},{"taxonomy":"product_cat","embeddable":true,"href":"https:\/\/aavesa.com\/hu\/wp-json\/wp\/v2\/product_cat?post=89006"},{"taxonomy":"product_tag","embeddable":true,"href":"https:\/\/aavesa.com\/hu\/wp-json\/wp\/v2\/product_tag?post=89006"}],"curies":[{"name":"wp","href":"https:\/\/api.w.org\/{rel}","templated":true}]}}