

{"id":89033,"date":"2024-07-26T16:37:17","date_gmt":"2024-07-26T16:37:17","guid":{"rendered":"https:\/\/new.aavesa.com\/produs\/bor-ov-c019\/"},"modified":"2025-11-17T06:33:35","modified_gmt":"2025-11-17T06:33:35","slug":"bor-ov-c019","status":"publish","type":"product","link":"https:\/\/aavesa.com\/hu\/product\/bor-ov-c019\/","title":{"rendered":"B\u0151r \u00f6v C019"},"content":{"rendered":"<p>Ez a val\u00f3di b\u0151rb\u0151l k\u00e9zm\u0171ves munk\u00e1val k\u00e9sz\u00fclt f\u00e9rfi kieg\u00e9sz\u00edt\u0151 a v\u00e1lasztott anyagok k\u00e9zm\u0171vess\u00e9g\u00e9t \u00e9s nemess\u00e9g\u00e9t t\u00fckr\u00f6zi. A b\u00e1r\u00e1nyb\u0151r finom text\u00far\u00e1t \u00e9s jellegzetes rugalmass\u00e1got k\u00f6lcs\u00f6n\u00f6z az \u00f6vnek, ami a val\u00f3di luxus megjelen\u00e9s\u00e9t \u00e9s \u00e9rzet\u00e9t adja. A r\u00e9szletekre val\u00f3 apr\u00f3l\u00e9kos odafigyel\u00e9ssel ez a <a href=\"https:\/\/aavesa.com\/hu\/ferfiak\/borovek-ferfiaknak\/\">min\u0151s\u00e9gi b\u0151rsz\u00edj<\/a> a kifinomult st\u00edlus finom kifejez\u0151je lesz. Kifog\u00e1stalan kivitelez\u00e9s\u00e9vel \u00e9s kiemelked\u0151 tart\u00f3ss\u00e1g\u00e1val ez az \u00f6v nemcsak kieg\u00e9sz\u00edti, hanem gazdag\u00edtja is az \u00f6lt\u00f6z\u00e9ket, \u00e9s a hiteles f\u00e9rfias elegancia szimb\u00f3lum\u00e1v\u00e1 v\u00e1lik.<\/p>\n","protected":false},"excerpt":{"rendered":"<p>Ez a val\u00f3di b\u0151rb\u0151l k\u00e9zm\u0171ves munk\u00e1val k\u00e9sz\u00fclt f\u00e9rfi kieg\u00e9sz\u00edt\u0151 a v\u00e1lasztott anyagok k\u00e9zm\u0171vess\u00e9g\u00e9t \u00e9s nemess\u00e9g\u00e9t t\u00fckr\u00f6zi. A b\u00e1r\u00e1nyb\u0151r finom text\u00far\u00e1t \u00e9s jellegzetes rugalmass\u00e1got k\u00f6lcs\u00f6n\u00f6z az \u00f6vnek, ami a val\u00f3di luxus megjelen\u00e9s\u00e9t \u00e9s \u00e9rzet\u00e9t adja. A r\u00e9szletekre val\u00f3 apr\u00f3l\u00e9kos odafigyel\u00e9ssel ez a min\u0151s\u00e9gi b\u0151rsz\u00edj a kifinomult st\u00edlus finom kifejez\u0151je lesz. Kifog\u00e1stalan kivitelez\u00e9s\u00e9vel \u00e9s kiemelked\u0151 tart\u00f3ss\u00e1g\u00e1val ez [&hellip;]<\/p>\n","protected":false},"featured_media":89034,"comment_status":"closed","ping_status":"closed","template":"","meta":{"_acf_changed":false,"om_disable_all_campaigns":false,"inline_featured_image":false,"_monsterinsights_skip_tracking":false,"_monsterinsights_sitenote_active":false,"_monsterinsights_sitenote_note":"","_monsterinsights_sitenote_category":0},"product_brand":[],"product_cat":[727,726,725],"product_tag":[],"class_list":{"0":"post-89033","1":"product","2":"type-product","3":"status-publish","4":"has-post-thumbnail","6":"product_cat-2023-2024-kollekcio","7":"product_cat-borovek-ferfiaknak","8":"product_cat-ferfiak","10":"first","11":"instock","12":"taxable","13":"shipping-taxable","14":"purchasable","15":"product-type-variable","16":"has-default-attributes","17":"wvs-archive-product-wrapper"},"acf":{"categorie_feed":""},"aioseo_notices":[],"_links":{"self":[{"href":"https:\/\/aavesa.com\/hu\/wp-json\/wp\/v2\/product\/89033","targetHints":{"allow":["GET"]}}],"collection":[{"href":"https:\/\/aavesa.com\/hu\/wp-json\/wp\/v2\/product"}],"about":[{"href":"https:\/\/aavesa.com\/hu\/wp-json\/wp\/v2\/types\/product"}],"replies":[{"embeddable":true,"href":"https:\/\/aavesa.com\/hu\/wp-json\/wp\/v2\/comments?post=89033"}],"wp:featuredmedia":[{"embeddable":true,"href":"https:\/\/aavesa.com\/hu\/wp-json\/wp\/v2\/media\/89034"}],"wp:attachment":[{"href":"https:\/\/aavesa.com\/hu\/wp-json\/wp\/v2\/media?parent=89033"}],"wp:term":[{"taxonomy":"product_brand","embeddable":true,"href":"https:\/\/aavesa.com\/hu\/wp-json\/wp\/v2\/product_brand?post=89033"},{"taxonomy":"product_cat","embeddable":true,"href":"https:\/\/aavesa.com\/hu\/wp-json\/wp\/v2\/product_cat?post=89033"},{"taxonomy":"product_tag","embeddable":true,"href":"https:\/\/aavesa.com\/hu\/wp-json\/wp\/v2\/product_tag?post=89033"}],"curies":[{"name":"wp","href":"https:\/\/api.w.org\/{rel}","templated":true}]}}