

{"id":89037,"date":"2024-07-26T16:37:17","date_gmt":"2024-07-26T16:37:17","guid":{"rendered":"https:\/\/new.aavesa.com\/produs\/kivalo-minosegu-borszij-c020\/"},"modified":"2025-11-17T06:33:34","modified_gmt":"2025-11-17T06:33:34","slug":"kivalo-minosegu-borszij-c020","status":"publish","type":"product","link":"https:\/\/aavesa.com\/hu\/product\/kivalo-minosegu-borszij-c020\/","title":{"rendered":"Kiv\u00e1l\u00f3 min\u0151s\u00e9g\u0171 b\u0151rsz\u00edj C020"},"content":{"rendered":"<p>Fedezze fel a kifinomults\u00e1got \u00e9s a tart\u00f3ss\u00e1got egyetlen kieg\u00e9sz\u00edt\u0151ben ezzel a pr\u00e9mium <a href=\"https:\/\/aavesa.com\/hu\/ferfiak\/borovek-ferfiaknak\/\">min\u0151s\u00e9g\u0171 b\u0151r\u00f6vvel<\/a>, amelyet kifejezetten a kifinomults\u00e1got \u00e9s az autentikus st\u00edlust \u00e9rt\u00e9kel\u0151 f\u00e9rfiak sz\u00e1m\u00e1ra k\u00e9sz\u00edtettek. Ez a f\u00e9rfi \u00f6v kifinomult egyszer\u0171s\u00e9g\u00e9vel \u00e9s gondosan kidolgozott r\u00e9szleteivel t\u0171nik ki, id\u0151tlen eleganci\u00e1t k\u00edn\u00e1lva.<\/p>\n<p>A pr\u00e9mium min\u0151s\u00e9g\u0171 b\u0151rb\u0151l k\u00e9zm\u0171ves munk\u00e1val k\u00e9sz\u00fclt sz\u00edj nemcsak az eszt\u00e9tik\u00e1t \u00f6tv\u00f6zi a funkcionalit\u00e1ssal, hanem az id\u0151 pr\u00f3b\u00e1j\u00e1t is ki\u00e1llja. A fekete b\u0151r hat\u00e1rozott \u00e9s sokoldal\u00fa jelleget k\u00f6lcs\u00f6n\u00f6z, \u00edgy k\u00f6nnyen illeszkedik a legk\u00fcl\u00f6nb\u00f6z\u0151bb \u00f6lt\u00f6z\u00e9kekhez, a h\u00e9tk\u00f6znapit\u00f3l a hivatalosig.<\/p>\n","protected":false},"excerpt":{"rendered":"<p>Fedezze fel a kifinomults\u00e1got \u00e9s a tart\u00f3ss\u00e1got egyetlen kieg\u00e9sz\u00edt\u0151ben ezzel a pr\u00e9mium min\u0151s\u00e9g\u0171 b\u0151r\u00f6vvel, amelyet kifejezetten a kifinomults\u00e1got \u00e9s az autentikus st\u00edlust \u00e9rt\u00e9kel\u0151 f\u00e9rfiak sz\u00e1m\u00e1ra k\u00e9sz\u00edtettek. Ez a f\u00e9rfi \u00f6v kifinomult egyszer\u0171s\u00e9g\u00e9vel \u00e9s gondosan kidolgozott r\u00e9szleteivel t\u0171nik ki, id\u0151tlen eleganci\u00e1t k\u00edn\u00e1lva. A pr\u00e9mium min\u0151s\u00e9g\u0171 b\u0151rb\u0151l k\u00e9zm\u0171ves munk\u00e1val k\u00e9sz\u00fclt sz\u00edj nemcsak az eszt\u00e9tik\u00e1t \u00f6tv\u00f6zi a funkcionalit\u00e1ssal, [&hellip;]<\/p>\n","protected":false},"featured_media":89038,"comment_status":"closed","ping_status":"closed","template":"","meta":{"_acf_changed":false,"om_disable_all_campaigns":false,"inline_featured_image":false,"_monsterinsights_skip_tracking":false,"_monsterinsights_sitenote_active":false,"_monsterinsights_sitenote_note":"","_monsterinsights_sitenote_category":0},"product_brand":[],"product_cat":[727,726,725],"product_tag":[],"class_list":{"0":"post-89037","1":"product","2":"type-product","3":"status-publish","4":"has-post-thumbnail","6":"product_cat-2023-2024-kollekcio","7":"product_cat-borovek-ferfiaknak","8":"product_cat-ferfiak","10":"first","11":"instock","12":"taxable","13":"shipping-taxable","14":"purchasable","15":"product-type-variable","16":"has-default-attributes","17":"wvs-archive-product-wrapper"},"acf":{"categorie_feed":""},"aioseo_notices":[],"_links":{"self":[{"href":"https:\/\/aavesa.com\/hu\/wp-json\/wp\/v2\/product\/89037","targetHints":{"allow":["GET"]}}],"collection":[{"href":"https:\/\/aavesa.com\/hu\/wp-json\/wp\/v2\/product"}],"about":[{"href":"https:\/\/aavesa.com\/hu\/wp-json\/wp\/v2\/types\/product"}],"replies":[{"embeddable":true,"href":"https:\/\/aavesa.com\/hu\/wp-json\/wp\/v2\/comments?post=89037"}],"wp:featuredmedia":[{"embeddable":true,"href":"https:\/\/aavesa.com\/hu\/wp-json\/wp\/v2\/media\/89038"}],"wp:attachment":[{"href":"https:\/\/aavesa.com\/hu\/wp-json\/wp\/v2\/media?parent=89037"}],"wp:term":[{"taxonomy":"product_brand","embeddable":true,"href":"https:\/\/aavesa.com\/hu\/wp-json\/wp\/v2\/product_brand?post=89037"},{"taxonomy":"product_cat","embeddable":true,"href":"https:\/\/aavesa.com\/hu\/wp-json\/wp\/v2\/product_cat?post=89037"},{"taxonomy":"product_tag","embeddable":true,"href":"https:\/\/aavesa.com\/hu\/wp-json\/wp\/v2\/product_tag?post=89037"}],"curies":[{"name":"wp","href":"https:\/\/api.w.org\/{rel}","templated":true}]}}