

{"id":89041,"date":"2024-07-26T16:36:54","date_gmt":"2024-07-26T16:36:54","guid":{"rendered":"https:\/\/new.aavesa.com\/produs\/baranybor-sapka-540\/"},"modified":"2025-11-17T06:33:37","modified_gmt":"2025-11-17T06:33:37","slug":"baranybor-sapka-540","status":"publish","type":"product","link":"https:\/\/aavesa.com\/hu\/product\/baranybor-sapka-540\/","title":{"rendered":"B\u00e1r\u00e1nyb\u0151r sapka 540"},"content":{"rendered":"<p>A f\u00e9rfi b\u00e1r\u00e1nyb\u0151r sapka kifinomult v\u00e1laszt\u00e1s a hideg \u00e9vszakra. A legmagasabb min\u0151s\u00e9g\u0171 b\u00e1r\u00e1nysz\u0151rm\u00e9b\u0151l k\u00e9sz\u00fclt sapka nemcsak eleg\u00e1ns megjelen\u00e9st, hanem kiv\u00e9teles h\u0151komfortot is k\u00edn\u00e1l. A term\u00e9szetes b\u00e1r\u00e1nyb\u0151r puha text\u00far\u00e1ja extra kellemes tapint\u00e1s\u00fa, \u00e9s hat\u00e9kony h\u0151szigetel\u00e9st biztos\u00edt a hideg ellen. Klasszikus kialak\u00edt\u00e1s\u00e1val \u00e9s a fejhez t\u00f6k\u00e9letesen igazod\u00f3 szab\u00e1s\u00e1val a kalap p\u00e1ratlan k\u00e9nyelmet biztos\u00edt. F\u00fcggetlen\u00fcl az elv\u00e9gzett tev\u00e9kenys\u00e9gt\u0151l, a v\u00e1rosi s\u00e9t\u00e1kt\u00f3l a lejt\u0151k\u00f6n t\u00f6lt\u00f6tt napokig, ez a sapka hat\u00e9kony v\u00e9delmet ny\u00fajt az alacsony h\u0151m\u00e9rs\u00e9klet ellen.<\/p>\n","protected":false},"excerpt":{"rendered":"<p>A f\u00e9rfi b\u00e1r\u00e1nyb\u0151r sapka kifinomult v\u00e1laszt\u00e1s a hideg \u00e9vszakra. A legmagasabb min\u0151s\u00e9g\u0171 b\u00e1r\u00e1nysz\u0151rm\u00e9b\u0151l k\u00e9sz\u00fclt sapka nemcsak eleg\u00e1ns megjelen\u00e9st, hanem kiv\u00e9teles h\u0151komfortot is k\u00edn\u00e1l. A term\u00e9szetes b\u00e1r\u00e1nyb\u0151r puha text\u00far\u00e1ja extra kellemes tapint\u00e1s\u00fa, \u00e9s hat\u00e9kony h\u0151szigetel\u00e9st biztos\u00edt a hideg ellen. Klasszikus kialak\u00edt\u00e1s\u00e1val \u00e9s a fejhez t\u00f6k\u00e9letesen igazod\u00f3 szab\u00e1s\u00e1val a kalap p\u00e1ratlan k\u00e9nyelmet biztos\u00edt. F\u00fcggetlen\u00fcl az elv\u00e9gzett tev\u00e9kenys\u00e9gt\u0151l, [&hellip;]<\/p>\n","protected":false},"featured_media":89042,"comment_status":"closed","ping_status":"closed","template":"","meta":{"_acf_changed":false,"om_disable_all_campaigns":false,"inline_featured_image":false,"_monsterinsights_skip_tracking":false,"_monsterinsights_sitenote_active":false,"_monsterinsights_sitenote_note":"","_monsterinsights_sitenote_category":0},"product_brand":[],"product_cat":[727,725,736,737],"product_tag":[],"class_list":{"0":"post-89041","1":"product","2":"type-product","3":"status-publish","4":"has-post-thumbnail","6":"product_cat-2023-2024-kollekcio","7":"product_cat-ferfiak","8":"product_cat-shearling-kalapok-bundas-kalapok-ferfiaknak","9":"product_cat-teli-sapkak","11":"first","12":"instock","13":"taxable","14":"shipping-taxable","15":"purchasable","16":"product-type-variable","17":"has-default-attributes","18":"wvs-archive-product-wrapper"},"acf":{"categorie_feed":""},"aioseo_notices":[],"_links":{"self":[{"href":"https:\/\/aavesa.com\/hu\/wp-json\/wp\/v2\/product\/89041","targetHints":{"allow":["GET"]}}],"collection":[{"href":"https:\/\/aavesa.com\/hu\/wp-json\/wp\/v2\/product"}],"about":[{"href":"https:\/\/aavesa.com\/hu\/wp-json\/wp\/v2\/types\/product"}],"replies":[{"embeddable":true,"href":"https:\/\/aavesa.com\/hu\/wp-json\/wp\/v2\/comments?post=89041"}],"wp:featuredmedia":[{"embeddable":true,"href":"https:\/\/aavesa.com\/hu\/wp-json\/wp\/v2\/media\/89042"}],"wp:attachment":[{"href":"https:\/\/aavesa.com\/hu\/wp-json\/wp\/v2\/media?parent=89041"}],"wp:term":[{"taxonomy":"product_brand","embeddable":true,"href":"https:\/\/aavesa.com\/hu\/wp-json\/wp\/v2\/product_brand?post=89041"},{"taxonomy":"product_cat","embeddable":true,"href":"https:\/\/aavesa.com\/hu\/wp-json\/wp\/v2\/product_cat?post=89041"},{"taxonomy":"product_tag","embeddable":true,"href":"https:\/\/aavesa.com\/hu\/wp-json\/wp\/v2\/product_tag?post=89041"}],"curies":[{"name":"wp","href":"https:\/\/api.w.org\/{rel}","templated":true}]}}