

{"id":89059,"date":"2024-07-26T16:36:32","date_gmt":"2024-07-26T16:36:32","guid":{"rendered":"https:\/\/new.aavesa.com\/produs\/birkabor-sapka-543\/"},"modified":"2025-11-17T06:33:34","modified_gmt":"2025-11-17T06:33:34","slug":"birkabor-sapka-543","status":"publish","type":"product","link":"https:\/\/aavesa.com\/hu\/product\/birkabor-sapka-543\/","title":{"rendered":"Birkab\u0151r sapka 543"},"content":{"rendered":"<p>Tapasztalja meg a luxust \u00e9s a v\u00e9gs\u0151 k\u00e9nyelmet a pr\u00e9selt b\u00e1r\u00e1nysz\u0151rme sapk\u00e1val. Ez a kalap eleg\u00e1nsan \u00f6tv\u00f6zi a hagyom\u00e1nyt \u00e9s a modernit\u00e1st, eleg\u00e1ns \u00e9s kifinomult megjelen\u00e9st biztos\u00edtva \u00d6nnek. A b\u00e9lelt bels\u0151 r\u00e9sznek k\u00f6sz\u00f6nhet\u0151en a hideg napokon is melegen \u00e9s k\u00e9nyelmesen tartja \u00d6nt. A sapka modern diz\u00e1jnja eleganci\u00e1t k\u00f6lcs\u00f6n\u00f6z minden \u00f6lt\u00f6z\u00e9knek, a b\u00e1r\u00e1nysz\u0151rme pedig biztos\u00edtja, hogy j\u00f3l n\u00e9zzen ki \u00e9s j\u00f3l \u00e9rezze mag\u00e1t. Ezzel a sapk\u00e1val minden nap ragyogni fogsz, \u00e9s egy kis luxust \u00e9s st\u00edlust adsz a t\u00e9li ruhat\u00e1radhoz. A sapka menta, sz\u00fcrke \u00e9s r\u00f3zsasz\u00edn sz\u00ednekben kaphat\u00f3.<\/p>\n","protected":false},"excerpt":{"rendered":"<p>Tapasztalja meg a luxust \u00e9s a v\u00e9gs\u0151 k\u00e9nyelmet a pr\u00e9selt b\u00e1r\u00e1nysz\u0151rme sapk\u00e1val. Ez a kalap eleg\u00e1nsan \u00f6tv\u00f6zi a hagyom\u00e1nyt \u00e9s a modernit\u00e1st, eleg\u00e1ns \u00e9s kifinomult megjelen\u00e9st biztos\u00edtva \u00d6nnek. A b\u00e9lelt bels\u0151 r\u00e9sznek k\u00f6sz\u00f6nhet\u0151en a hideg napokon is melegen \u00e9s k\u00e9nyelmesen tartja \u00d6nt. A sapka modern diz\u00e1jnja eleganci\u00e1t k\u00f6lcs\u00f6n\u00f6z minden \u00f6lt\u00f6z\u00e9knek, a b\u00e1r\u00e1nysz\u0151rme pedig biztos\u00edtja, hogy [&hellip;]<\/p>\n","protected":false},"featured_media":89060,"comment_status":"closed","ping_status":"closed","template":"","meta":{"_acf_changed":false,"om_disable_all_campaigns":false,"inline_featured_image":false,"_monsterinsights_skip_tracking":false,"_monsterinsights_sitenote_active":false,"_monsterinsights_sitenote_note":"","_monsterinsights_sitenote_category":0},"product_brand":[],"product_cat":[727,750,737],"product_tag":[],"class_list":{"0":"post-89059","1":"product","2":"type-product","3":"status-publish","4":"has-post-thumbnail","6":"product_cat-2023-2024-kollekcio","7":"product_cat-bundas-kalapok-shearling-kalapok-noknek","8":"product_cat-teli-sapkak","10":"first","11":"instock","12":"taxable","13":"shipping-taxable","14":"purchasable","15":"product-type-variable","16":"has-default-attributes","17":"wvs-archive-product-wrapper"},"acf":{"categorie_feed":""},"aioseo_notices":[],"_links":{"self":[{"href":"https:\/\/aavesa.com\/hu\/wp-json\/wp\/v2\/product\/89059","targetHints":{"allow":["GET"]}}],"collection":[{"href":"https:\/\/aavesa.com\/hu\/wp-json\/wp\/v2\/product"}],"about":[{"href":"https:\/\/aavesa.com\/hu\/wp-json\/wp\/v2\/types\/product"}],"replies":[{"embeddable":true,"href":"https:\/\/aavesa.com\/hu\/wp-json\/wp\/v2\/comments?post=89059"}],"wp:featuredmedia":[{"embeddable":true,"href":"https:\/\/aavesa.com\/hu\/wp-json\/wp\/v2\/media\/89060"}],"wp:attachment":[{"href":"https:\/\/aavesa.com\/hu\/wp-json\/wp\/v2\/media?parent=89059"}],"wp:term":[{"taxonomy":"product_brand","embeddable":true,"href":"https:\/\/aavesa.com\/hu\/wp-json\/wp\/v2\/product_brand?post=89059"},{"taxonomy":"product_cat","embeddable":true,"href":"https:\/\/aavesa.com\/hu\/wp-json\/wp\/v2\/product_cat?post=89059"},{"taxonomy":"product_tag","embeddable":true,"href":"https:\/\/aavesa.com\/hu\/wp-json\/wp\/v2\/product_tag?post=89059"}],"curies":[{"name":"wp","href":"https:\/\/api.w.org\/{rel}","templated":true}]}}