

{"id":89080,"date":"2024-07-26T16:36:11","date_gmt":"2024-07-26T16:36:11","guid":{"rendered":"https:\/\/new.aavesa.com\/produs\/mosomedve-roka-szorme-kabat-2066\/"},"modified":"2025-11-17T06:33:43","modified_gmt":"2025-11-17T06:33:43","slug":"mosomedve-roka-szorme-kabat-2066","status":"publish","type":"product","link":"https:\/\/aavesa.com\/hu\/product\/mosomedve-roka-szorme-kabat-2066\/","title":{"rendered":"Mos\u00f3medve \/ r\u00f3ka sz\u0151rme kab\u00e1t 2066"},"content":{"rendered":"<p>Fedezze fel a luxust \u00e9s a kifinomults\u00e1got egy kiv\u00e9telesen egyedi sz\u0151rmekab\u00e1tban. Az \u00e9rt\u00e9kes term\u00e9szetes anyagokb\u00f3l k\u00e9sz\u00fclt kab\u00e1t h\u00e1rom v\u00e1ltozatban kaphat\u00f3. A barna sz\u00ednben a kab\u00e1t term\u00e9szetes mos\u00f3medve sz\u0151rm\u00e9b\u0151l, m\u00edg a feh\u00e9r \u00e9s sz\u00fcrke \u00e1rnyalatokban term\u00e9szetes sarki r\u00f3ka sz\u0151rm\u00e9b\u0151l k\u00e9sz\u00fclt. F\u00fcggetlen\u00fcl a v\u00e1lasztott kombin\u00e1ci\u00f3t\u00f3l, k\u00e9sz\u00fclj\u00f6n fel arra, hogy beleszeret a p\u00e1ratlan k\u00e9nyelembe \u00e9s megnyugtat\u00f3 melegs\u00e9gbe, amit ez a term\u00e9szetes sz\u0151rmekab\u00e1t ny\u00fajt. Fektessen be ruhat\u00e1r\u00e1ba egy olyan egyedi ruhadarab kiv\u00e1laszt\u00e1s\u00e1val, amelyben magabiztosnak \u00e9rzi mag\u00e1t, \u00e9s minden alkalommal ragyogni fog. Modell\u00fcnk 175 cm magas, 36-os m\u00e9retet visel, a term\u00e9k hossza 47 cm.<\/p>\n","protected":false},"excerpt":{"rendered":"<p>Fedezze fel a luxust \u00e9s a kifinomults\u00e1got egy kiv\u00e9telesen egyedi sz\u0151rmekab\u00e1tban. Az \u00e9rt\u00e9kes term\u00e9szetes anyagokb\u00f3l k\u00e9sz\u00fclt kab\u00e1t h\u00e1rom v\u00e1ltozatban kaphat\u00f3. A barna sz\u00ednben a kab\u00e1t term\u00e9szetes mos\u00f3medve sz\u0151rm\u00e9b\u0151l, m\u00edg a feh\u00e9r \u00e9s sz\u00fcrke \u00e1rnyalatokban term\u00e9szetes sarki r\u00f3ka sz\u0151rm\u00e9b\u0151l k\u00e9sz\u00fclt. F\u00fcggetlen\u00fcl a v\u00e1lasztott kombin\u00e1ci\u00f3t\u00f3l, k\u00e9sz\u00fclj\u00f6n fel arra, hogy beleszeret a p\u00e1ratlan k\u00e9nyelembe \u00e9s megnyugtat\u00f3 melegs\u00e9gbe, amit [&hellip;]<\/p>\n","protected":false},"featured_media":89086,"comment_status":"closed","ping_status":"closed","template":"","meta":{"_acf_changed":false,"om_disable_all_campaigns":false,"inline_featured_image":false,"_monsterinsights_skip_tracking":false,"_monsterinsights_sitenote_active":false,"_monsterinsights_sitenote_note":"","_monsterinsights_sitenote_category":0},"product_brand":[],"product_cat":[727,766,741,765],"product_tag":[],"class_list":{"0":"post-89080","1":"product","2":"type-product","3":"status-publish","4":"has-post-thumbnail","6":"product_cat-2023-2024-kollekcio","7":"product_cat-bundas-kabatok-es-bundas-dzsekik-noknek","8":"product_cat-nok","9":"product_cat-roka-szorme","11":"first","12":"instock","13":"taxable","14":"shipping-taxable","15":"purchasable","16":"product-type-variable","17":"has-default-attributes","18":"wvs-archive-product-wrapper"},"acf":{"categorie_feed":""},"aioseo_notices":[],"_links":{"self":[{"href":"https:\/\/aavesa.com\/hu\/wp-json\/wp\/v2\/product\/89080","targetHints":{"allow":["GET"]}}],"collection":[{"href":"https:\/\/aavesa.com\/hu\/wp-json\/wp\/v2\/product"}],"about":[{"href":"https:\/\/aavesa.com\/hu\/wp-json\/wp\/v2\/types\/product"}],"replies":[{"embeddable":true,"href":"https:\/\/aavesa.com\/hu\/wp-json\/wp\/v2\/comments?post=89080"}],"wp:featuredmedia":[{"embeddable":true,"href":"https:\/\/aavesa.com\/hu\/wp-json\/wp\/v2\/media\/89086"}],"wp:attachment":[{"href":"https:\/\/aavesa.com\/hu\/wp-json\/wp\/v2\/media?parent=89080"}],"wp:term":[{"taxonomy":"product_brand","embeddable":true,"href":"https:\/\/aavesa.com\/hu\/wp-json\/wp\/v2\/product_brand?post=89080"},{"taxonomy":"product_cat","embeddable":true,"href":"https:\/\/aavesa.com\/hu\/wp-json\/wp\/v2\/product_cat?post=89080"},{"taxonomy":"product_tag","embeddable":true,"href":"https:\/\/aavesa.com\/hu\/wp-json\/wp\/v2\/product_tag?post=89080"}],"curies":[{"name":"wp","href":"https:\/\/api.w.org\/{rel}","templated":true}]}}