

{"id":89081,"date":"2024-07-26T16:36:32","date_gmt":"2024-07-26T18:36:32","guid":{"rendered":"https:\/\/new.aavesa.com\/produs\/bordzseki-krokodilborrel-3030\/"},"modified":"2025-11-17T06:33:43","modified_gmt":"2025-11-17T06:33:43","slug":"bordzseki-krokodilborrel-3030","status":"publish","type":"product","link":"https:\/\/aavesa.com\/hu\/product\/bordzseki-krokodilborrel-3030\/","title":{"rendered":"B\u0151rdzseki krokodilb\u0151rrel 3030"},"content":{"rendered":"<p><a href=\"https:\/\/aavesa.com\/hu\/ferfiak\/borkabatok-ferfiaknak\/\">Fedezze fel az eleg\u00e1ns \u00e9s f\u00e9rfias diz\u00e1jnnal rendelkez\u0151 f\u00e9rfi b\u0151rdzsekit<\/a>, amely a legjobb min\u0151s\u00e9g\u0171 val\u00f3di b\u0151rb\u0151l k\u00e9sz\u00fclt. Ez a krokodilb\u0151r mint\u00e1s b\u0151rdzseki felt\u0171n\u0151 krokodilb\u0151r-ut\u00e1nzat\u00fa text\u00far\u00e1j\u00e1val t\u0171nik ki, ami egyedi \u00e9s mer\u00e9sz megjelen\u00e9st k\u00f6lcs\u00f6n\u00f6z neki. K\u00e9t t\u00e1gas \u00e9s praktikus zsebbel, k\u00f6nny\u0171 cipz\u00e1ras z\u00e1r\u00f3d\u00e1ssal, ez az alapvet\u0151 ruhadarab t\u00f6k\u00e9letes v\u00e1laszt\u00e1s, hogy kieg\u00e9sz\u00edtse st\u00edlus\u00e1t a hideg \u00e9vszakban. Ezt a rugalmas \u00e9s tart\u00f3s kab\u00e1tot \u00fagy tervezt\u00e9k, hogy melegen tartsa \u00d6nt, ugyanakkor k\u00f6nnyen p\u00e1ros\u00edthat\u00f3 b\u00e1rmilyen \u00f6lt\u00f6z\u00e9kkel, modern \u00e9s sokoldal\u00fa megjelen\u00e9st biztos\u00edtva \u00d6nnek. Modell\u00fcnk 188 cm magas, 48-as m\u00e9retet visel, a term\u00e9k hossza 65 cm.<\/p>\n","protected":false},"excerpt":{"rendered":"<p>Fedezze fel az eleg\u00e1ns \u00e9s f\u00e9rfias diz\u00e1jnnal rendelkez\u0151 f\u00e9rfi b\u0151rdzsekit, amely a legjobb min\u0151s\u00e9g\u0171 val\u00f3di b\u0151rb\u0151l k\u00e9sz\u00fclt. Ez a krokodilb\u0151r mint\u00e1s b\u0151rdzseki felt\u0171n\u0151 krokodilb\u0151r-ut\u00e1nzat\u00fa text\u00far\u00e1j\u00e1val t\u0171nik ki, ami egyedi \u00e9s mer\u00e9sz megjelen\u00e9st k\u00f6lcs\u00f6n\u00f6z neki. K\u00e9t t\u00e1gas \u00e9s praktikus zsebbel, k\u00f6nny\u0171 cipz\u00e1ras z\u00e1r\u00f3d\u00e1ssal, ez az alapvet\u0151 ruhadarab t\u00f6k\u00e9letes v\u00e1laszt\u00e1s, hogy kieg\u00e9sz\u00edtse st\u00edlus\u00e1t a hideg \u00e9vszakban. Ezt [&hellip;]<\/p>\n","protected":false},"featured_media":89082,"comment_status":"closed","ping_status":"closed","template":"","meta":{"_acf_changed":false,"om_disable_all_campaigns":false,"inline_featured_image":false,"_monsterinsights_skip_tracking":false,"_monsterinsights_sitenote_active":false,"_monsterinsights_sitenote_note":"","_monsterinsights_sitenote_category":0},"product_brand":[],"product_cat":[727,762,916],"product_tag":[],"class_list":{"0":"post-89081","1":"product","2":"type-product","3":"status-publish","4":"has-post-thumbnail","6":"product_cat-2023-2024-kollekcio","7":"product_cat-borkabatok-ferfiaknak","8":"product_cat-valodi-bor-termekek-tavaszra-es-oszre-kabatok-nadragok-kabatok-szoknyak-es-loveszkabatok-kabatok-nadragok-kabatok-szoknyak-es-loveszkabatok","10":"first","11":"instock","12":"taxable","13":"shipping-taxable","14":"purchasable","15":"product-type-variable","16":"has-default-attributes","17":"wvs-archive-product-wrapper"},"acf":{"categorie_feed":""},"aioseo_notices":[],"_links":{"self":[{"href":"https:\/\/aavesa.com\/hu\/wp-json\/wp\/v2\/product\/89081","targetHints":{"allow":["GET"]}}],"collection":[{"href":"https:\/\/aavesa.com\/hu\/wp-json\/wp\/v2\/product"}],"about":[{"href":"https:\/\/aavesa.com\/hu\/wp-json\/wp\/v2\/types\/product"}],"replies":[{"embeddable":true,"href":"https:\/\/aavesa.com\/hu\/wp-json\/wp\/v2\/comments?post=89081"}],"wp:featuredmedia":[{"embeddable":true,"href":"https:\/\/aavesa.com\/hu\/wp-json\/wp\/v2\/media\/89082"}],"wp:attachment":[{"href":"https:\/\/aavesa.com\/hu\/wp-json\/wp\/v2\/media?parent=89081"}],"wp:term":[{"taxonomy":"product_brand","embeddable":true,"href":"https:\/\/aavesa.com\/hu\/wp-json\/wp\/v2\/product_brand?post=89081"},{"taxonomy":"product_cat","embeddable":true,"href":"https:\/\/aavesa.com\/hu\/wp-json\/wp\/v2\/product_cat?post=89081"},{"taxonomy":"product_tag","embeddable":true,"href":"https:\/\/aavesa.com\/hu\/wp-json\/wp\/v2\/product_tag?post=89081"}],"curies":[{"name":"wp","href":"https:\/\/api.w.org\/{rel}","templated":true}]}}