

{"id":89101,"date":"2024-07-26T16:36:11","date_gmt":"2024-07-26T16:36:11","guid":{"rendered":"https:\/\/new.aavesa.com\/produs\/nerc-szorme-kabat-hm033\/"},"modified":"2025-11-17T06:33:47","modified_gmt":"2025-11-17T06:33:47","slug":"nerc-szorme-kabat-hm033","status":"publish","type":"product","link":"https:\/\/aavesa.com\/hu\/product\/nerc-szorme-kabat-hm033\/","title":{"rendered":"Nerc sz\u0151rme kab\u00e1t HM033"},"content":{"rendered":"<p>A vil\u00e1gosbarna sz\u00edn figyelemfelkelt\u0151 \u00e1rnyalat\u00e1val ez a nercbunda ruhadarab figyelemre m\u00e9lt\u00f3 kieg\u00e9sz\u00edt\u0151je ruhat\u00e1r\u00e1nak. K\u00fcl\u00f6nleges kialak\u00edt\u00e1s\u00e1nak k\u00f6sz\u00f6nhet\u0151en a gombos z\u00e1r\u00f3d\u00e1s \u00e9s a gombok kifinomult \u00e9s k\u00f6nnyen hordhat\u00f3 megjelen\u00e9st biztos\u00edtanak. A gall\u00e9r extra eleganci\u00e1t k\u00f6lcs\u00f6n\u00f6z, a k\u00e9t zseb pedig hasznoss\u00e1got \u00e9s st\u00edlust biztos\u00edt. Az alj\u00e1n tal\u00e1lhat\u00f3 \u00e1ll\u00edthat\u00f3 zsin\u00f3r lehet\u0151v\u00e9 teszi az optim\u00e1lis k\u00e9nyelem \u00e9rdek\u00e9ben az illeszked\u00e9s testre szab\u00e1s\u00e1t. Ez a nercbunda kab\u00e1t egy csipetnyi kifinomults\u00e1got \u00e9s egyedis\u00e9get k\u00f6lcs\u00f6n\u00f6z b\u00e1rmelyik \u00f6lt\u00f6z\u00e9knek. A kab\u00e1t vil\u00e1gosbarna sz\u00ednben kaphat\u00f3. Modell\u00fcnk 175 cm magas, 36-os m\u00e9retet visel, a term\u00e9k hossza 60 cm.<\/p>\n","protected":false},"excerpt":{"rendered":"<p>A vil\u00e1gosbarna sz\u00edn figyelemfelkelt\u0151 \u00e1rnyalat\u00e1val ez a nercbunda ruhadarab figyelemre m\u00e9lt\u00f3 kieg\u00e9sz\u00edt\u0151je ruhat\u00e1r\u00e1nak. K\u00fcl\u00f6nleges kialak\u00edt\u00e1s\u00e1nak k\u00f6sz\u00f6nhet\u0151en a gombos z\u00e1r\u00f3d\u00e1s \u00e9s a gombok kifinomult \u00e9s k\u00f6nnyen hordhat\u00f3 megjelen\u00e9st biztos\u00edtanak. A gall\u00e9r extra eleganci\u00e1t k\u00f6lcs\u00f6n\u00f6z, a k\u00e9t zseb pedig hasznoss\u00e1got \u00e9s st\u00edlust biztos\u00edt. Az alj\u00e1n tal\u00e1lhat\u00f3 \u00e1ll\u00edthat\u00f3 zsin\u00f3r lehet\u0151v\u00e9 teszi az optim\u00e1lis k\u00e9nyelem \u00e9rdek\u00e9ben az illeszked\u00e9s testre [&hellip;]<\/p>\n","protected":false},"featured_media":89108,"comment_status":"closed","ping_status":"closed","template":"","meta":{"_acf_changed":false,"om_disable_all_campaigns":false,"inline_featured_image":false,"_monsterinsights_skip_tracking":false,"_monsterinsights_sitenote_active":false,"_monsterinsights_sitenote_note":"","_monsterinsights_sitenote_category":0},"product_brand":[],"product_cat":[727,766,769,770],"product_tag":[],"class_list":{"0":"post-89101","1":"product","2":"type-product","3":"status-publish","4":"has-post-thumbnail","6":"product_cat-2023-2024-kollekcio","7":"product_cat-bundas-kabatok-es-bundas-dzsekik-noknek","8":"product_cat-nerc-szorme","9":"product_cat-vidra-bundak-vidra-zsekik","11":"first","12":"instock","13":"taxable","14":"shipping-taxable","15":"purchasable","16":"product-type-variable","17":"has-default-attributes","18":"wvs-archive-product-wrapper"},"acf":{"categorie_feed":""},"aioseo_notices":[],"_links":{"self":[{"href":"https:\/\/aavesa.com\/hu\/wp-json\/wp\/v2\/product\/89101","targetHints":{"allow":["GET"]}}],"collection":[{"href":"https:\/\/aavesa.com\/hu\/wp-json\/wp\/v2\/product"}],"about":[{"href":"https:\/\/aavesa.com\/hu\/wp-json\/wp\/v2\/types\/product"}],"replies":[{"embeddable":true,"href":"https:\/\/aavesa.com\/hu\/wp-json\/wp\/v2\/comments?post=89101"}],"wp:featuredmedia":[{"embeddable":true,"href":"https:\/\/aavesa.com\/hu\/wp-json\/wp\/v2\/media\/89108"}],"wp:attachment":[{"href":"https:\/\/aavesa.com\/hu\/wp-json\/wp\/v2\/media?parent=89101"}],"wp:term":[{"taxonomy":"product_brand","embeddable":true,"href":"https:\/\/aavesa.com\/hu\/wp-json\/wp\/v2\/product_brand?post=89101"},{"taxonomy":"product_cat","embeddable":true,"href":"https:\/\/aavesa.com\/hu\/wp-json\/wp\/v2\/product_cat?post=89101"},{"taxonomy":"product_tag","embeddable":true,"href":"https:\/\/aavesa.com\/hu\/wp-json\/wp\/v2\/product_tag?post=89101"}],"curies":[{"name":"wp","href":"https:\/\/api.w.org\/{rel}","templated":true}]}}