

{"id":89112,"date":"2024-07-26T16:36:32","date_gmt":"2024-07-26T18:36:32","guid":{"rendered":"https:\/\/new.aavesa.com\/produs\/bordzseki-krokodilborrel-1043\/"},"modified":"2025-11-17T06:33:36","modified_gmt":"2025-11-17T06:33:36","slug":"bordzseki-krokodilborrel-1043","status":"publish","type":"product","link":"https:\/\/aavesa.com\/hu\/product\/bordzseki-krokodilborrel-1043\/","title":{"rendered":"B\u0151rdzseki krokodilb\u0151rrel 1043"},"content":{"rendered":"<p>Minden modern n\u0151 ruhat\u00e1r\u00e1nak elengedhetetlen darabja egy <a href=\"https:\/\/aavesa.com\/hu\/nok\/borkabatok-noknek\/\">min\u0151s\u00e9gi b\u0151rdzseki krokodilb\u0151r mint\u00e1val<\/a>. Ez a val\u00f3di b\u00e1r\u00e1nyb\u0151rb\u0151l k\u00e9sz\u00fclt n\u0151i dzseki kiemelkedik a krokodilb\u0151r mint\u00e1val, amely szem\u00e9lyis\u00e9get k\u00f6lcs\u00f6n\u00f6z. Mer\u00e9sz, m\u00e9gis k\u00e9nyelmes v\u00e1laszt\u00e1s, a b\u0151rdzseki k\u00e9t zsebbel \u00e9s cipz\u00e1rral rendelkezik. A kab\u00e1t alj\u00e1n tal\u00e1lhat\u00f3 elasztikus p\u00e1nt alkalmi jelleget k\u00f6lcs\u00f6n\u00f6z, \u00e9s biztos\u00edtja, hogy a ruhadarab j\u00f3l illeszkedjen a der\u00e9khoz, kiemelve visel\u0151je sziluettj\u00e9t. Inspir\u00e1l\u00f3djon v\u00e1ltozatos \u00f6lt\u00f6z\u00e9kek l\u00e9trehoz\u00e1s\u00e1ra ezzel a sokoldal\u00fa b\u0151rdzsekivel. Modell\u00fcnk 175 cm magas, 36-os m\u00e9retet visel, a term\u00e9k hossza 55 cm.<\/p>\n","protected":false},"excerpt":{"rendered":"<p>Minden modern n\u0151 ruhat\u00e1r\u00e1nak elengedhetetlen darabja egy min\u0151s\u00e9gi b\u0151rdzseki krokodilb\u0151r mint\u00e1val. Ez a val\u00f3di b\u00e1r\u00e1nyb\u0151rb\u0151l k\u00e9sz\u00fclt n\u0151i dzseki kiemelkedik a krokodilb\u0151r mint\u00e1val, amely szem\u00e9lyis\u00e9get k\u00f6lcs\u00f6n\u00f6z. Mer\u00e9sz, m\u00e9gis k\u00e9nyelmes v\u00e1laszt\u00e1s, a b\u0151rdzseki k\u00e9t zsebbel \u00e9s cipz\u00e1rral rendelkezik. A kab\u00e1t alj\u00e1n tal\u00e1lhat\u00f3 elasztikus p\u00e1nt alkalmi jelleget k\u00f6lcs\u00f6n\u00f6z, \u00e9s biztos\u00edtja, hogy a ruhadarab j\u00f3l illeszkedjen a der\u00e9khoz, kiemelve [&hellip;]<\/p>\n","protected":false},"featured_media":89114,"comment_status":"closed","ping_status":"closed","template":"","meta":{"_acf_changed":false,"om_disable_all_campaigns":false,"inline_featured_image":false,"_monsterinsights_skip_tracking":false,"_monsterinsights_sitenote_active":false,"_monsterinsights_sitenote_note":"","_monsterinsights_sitenote_category":0},"product_brand":[],"product_cat":[727,767,916],"product_tag":[],"class_list":{"0":"post-89112","1":"product","2":"type-product","3":"status-publish","4":"has-post-thumbnail","6":"product_cat-2023-2024-kollekcio","7":"product_cat-borkabatok-noknek","8":"product_cat-valodi-bor-termekek-tavaszra-es-oszre-kabatok-nadragok-kabatok-szoknyak-es-loveszkabatok-kabatok-nadragok-kabatok-szoknyak-es-loveszkabatok","10":"first","11":"instock","12":"taxable","13":"shipping-taxable","14":"purchasable","15":"product-type-variable","16":"has-default-attributes","17":"wvs-archive-product-wrapper"},"acf":{"categorie_feed":""},"aioseo_notices":[],"_links":{"self":[{"href":"https:\/\/aavesa.com\/hu\/wp-json\/wp\/v2\/product\/89112","targetHints":{"allow":["GET"]}}],"collection":[{"href":"https:\/\/aavesa.com\/hu\/wp-json\/wp\/v2\/product"}],"about":[{"href":"https:\/\/aavesa.com\/hu\/wp-json\/wp\/v2\/types\/product"}],"replies":[{"embeddable":true,"href":"https:\/\/aavesa.com\/hu\/wp-json\/wp\/v2\/comments?post=89112"}],"wp:featuredmedia":[{"embeddable":true,"href":"https:\/\/aavesa.com\/hu\/wp-json\/wp\/v2\/media\/89114"}],"wp:attachment":[{"href":"https:\/\/aavesa.com\/hu\/wp-json\/wp\/v2\/media?parent=89112"}],"wp:term":[{"taxonomy":"product_brand","embeddable":true,"href":"https:\/\/aavesa.com\/hu\/wp-json\/wp\/v2\/product_brand?post=89112"},{"taxonomy":"product_cat","embeddable":true,"href":"https:\/\/aavesa.com\/hu\/wp-json\/wp\/v2\/product_cat?post=89112"},{"taxonomy":"product_tag","embeddable":true,"href":"https:\/\/aavesa.com\/hu\/wp-json\/wp\/v2\/product_tag?post=89112"}],"curies":[{"name":"wp","href":"https:\/\/api.w.org\/{rel}","templated":true}]}}