

{"id":89113,"date":"2024-07-26T16:36:32","date_gmt":"2024-07-26T16:36:32","guid":{"rendered":"https:\/\/new.aavesa.com\/produs\/bordzseki-vintage-dizajnnal-1046\/"},"modified":"2025-11-17T06:33:46","modified_gmt":"2025-11-17T06:33:46","slug":"bordzseki-vintage-dizajnnal-1046","status":"publish","type":"product","link":"https:\/\/aavesa.com\/hu\/product\/bordzseki-vintage-dizajnnal-1046\/","title":{"rendered":"B\u0151rdzseki vintage diz\u00e1jnnal 1046"},"content":{"rendered":"<p>Egy <a href=\"https:\/\/aavesa.com\/hu\/nok\/borkabatok-noknek\/\">nat\u00far b\u0151rdzseki<\/a> vintage diz\u00e1jnnal nem marad \u00e9szrev\u00e9tlen, k\u00fcl\u00f6n\u00f6sen, ha a diz\u00e1jnja friss \u00e9s mer\u00e9sz. Ez a n\u0151i b\u0151rdzseki modern szab\u00e1s\u00e1val \u00e9s sokoldal\u00fas\u00e1g\u00e1val ny\u0171g\u00f6z le. A kab\u00e1t az ujjak lev\u00e1laszt\u00e1s\u00e1val k\u00f6nnyen \u00e1talak\u00edthat\u00f3 mell\u00e9nny\u00e9. Ennek a n\u0151i kab\u00e1tnak a r\u00e9szletei \u00e9rdekess\u00e9 teszik a diz\u00e1jnt: az aszimmetrikus cipz\u00e1rak, a cipz\u00e1r, a kab\u00e1t alj\u00e1n l\u00e9v\u0151 csat \u00e9s a fonott h\u00e1tr\u00e9sz teljesen eredeti megjelen\u00e9st k\u00f6lcs\u00f6n\u00f6z. Merj m\u00e1s lenni, \u00e9s \u00e9lvezd a modern b\u0151rdzsekit, amely kiemeli a szem\u00e9lyis\u00e9gedet. A kab\u00e1t vintage sz\u00fcrke sz\u00ednben kaphat\u00f3. Modell\u00fcnk 175 cm magas, 36-os m\u00e9retet visel, a term\u00e9k hossza 57 cm.<\/p>\n","protected":false},"excerpt":{"rendered":"<p>Egy nat\u00far b\u0151rdzseki vintage diz\u00e1jnnal nem marad \u00e9szrev\u00e9tlen, k\u00fcl\u00f6n\u00f6sen, ha a diz\u00e1jnja friss \u00e9s mer\u00e9sz. Ez a n\u0151i b\u0151rdzseki modern szab\u00e1s\u00e1val \u00e9s sokoldal\u00fas\u00e1g\u00e1val ny\u0171g\u00f6z le. A kab\u00e1t az ujjak lev\u00e1laszt\u00e1s\u00e1val k\u00f6nnyen \u00e1talak\u00edthat\u00f3 mell\u00e9nny\u00e9. Ennek a n\u0151i kab\u00e1tnak a r\u00e9szletei \u00e9rdekess\u00e9 teszik a diz\u00e1jnt: az aszimmetrikus cipz\u00e1rak, a cipz\u00e1r, a kab\u00e1t alj\u00e1n l\u00e9v\u0151 csat \u00e9s a [&hellip;]<\/p>\n","protected":false},"featured_media":89118,"comment_status":"closed","ping_status":"closed","template":"","meta":{"_acf_changed":false,"om_disable_all_campaigns":false,"inline_featured_image":false,"_monsterinsights_skip_tracking":false,"_monsterinsights_sitenote_active":false,"_monsterinsights_sitenote_note":"","_monsterinsights_sitenote_category":0},"product_brand":[],"product_cat":[727,767,916],"product_tag":[],"class_list":{"0":"post-89113","1":"product","2":"type-product","3":"status-publish","4":"has-post-thumbnail","6":"product_cat-2023-2024-kollekcio","7":"product_cat-borkabatok-noknek","8":"product_cat-valodi-bor-termekek-tavaszra-es-oszre-kabatok-nadragok-kabatok-szoknyak-es-loveszkabatok-kabatok-nadragok-kabatok-szoknyak-es-loveszkabatok","10":"first","11":"instock","12":"taxable","13":"shipping-taxable","14":"purchasable","15":"product-type-variable","16":"has-default-attributes","17":"wvs-archive-product-wrapper"},"acf":{"categorie_feed":""},"aioseo_notices":[],"_links":{"self":[{"href":"https:\/\/aavesa.com\/hu\/wp-json\/wp\/v2\/product\/89113","targetHints":{"allow":["GET"]}}],"collection":[{"href":"https:\/\/aavesa.com\/hu\/wp-json\/wp\/v2\/product"}],"about":[{"href":"https:\/\/aavesa.com\/hu\/wp-json\/wp\/v2\/types\/product"}],"replies":[{"embeddable":true,"href":"https:\/\/aavesa.com\/hu\/wp-json\/wp\/v2\/comments?post=89113"}],"wp:featuredmedia":[{"embeddable":true,"href":"https:\/\/aavesa.com\/hu\/wp-json\/wp\/v2\/media\/89118"}],"wp:attachment":[{"href":"https:\/\/aavesa.com\/hu\/wp-json\/wp\/v2\/media?parent=89113"}],"wp:term":[{"taxonomy":"product_brand","embeddable":true,"href":"https:\/\/aavesa.com\/hu\/wp-json\/wp\/v2\/product_brand?post=89113"},{"taxonomy":"product_cat","embeddable":true,"href":"https:\/\/aavesa.com\/hu\/wp-json\/wp\/v2\/product_cat?post=89113"},{"taxonomy":"product_tag","embeddable":true,"href":"https:\/\/aavesa.com\/hu\/wp-json\/wp\/v2\/product_tag?post=89113"}],"curies":[{"name":"wp","href":"https:\/\/api.w.org\/{rel}","templated":true}]}}