

{"id":89124,"date":"2024-07-26T16:36:32","date_gmt":"2024-07-26T16:36:32","guid":{"rendered":"https:\/\/new.aavesa.com\/produs\/megfordithato-merino-baranybor-kabat-2082\/"},"modified":"2026-04-13T09:16:41","modified_gmt":"2026-04-13T11:16:41","slug":"megfordithato-merino-baranybor-kabat-2082","status":"publish","type":"product","link":"https:\/\/aavesa.com\/hu\/product\/megfordithato-merino-baranybor-kabat-2082\/","title":{"rendered":"Megford\u00edthat\u00f3 merin\u00f3 b\u00e1r\u00e1nyb\u0151r kab\u00e1t 2082"},"content":{"rendered":"<p>A term\u00e9szetes, <a href=\"https:\/\/aavesa.com\/hu\/nok\/noi-shearling-kabatok\/\">megford\u00edthat\u00f3 merin\u00f3 b\u00e1r\u00e1nyb\u0151r kab\u00e1tban<\/a> m\u00e9g a leghidegebb t\u00e9li napokon is felfedezheti a k\u00e9nyelmet. Ez a ford\u00edthat\u00f3 n\u0151i b\u00e1r\u00e1nyb\u0151r kab\u00e1t b\u00e1r\u00e1nysz\u0151rb\u0151l k\u00e9sz\u00fclt, amely puha \u00e9s rendk\u00edv\u00fcl meleg anyag. Eleg\u00e1ns \u00e9s praktikus, ez a kab\u00e1t mindk\u00e9t oldal\u00e1n viselhet\u0151, \u00edgy k\u00f6nnyen illeszthet\u0151 a legk\u00fcl\u00f6nb\u00f6z\u0151bb ruh\u00e1khoz. Gombokkal z\u00e1r\u00f3dik, \u00e9s k\u00e9t el\u00fcls\u0151 zsebbel rendelkezik. A kiv\u00e1l\u00f3 min\u0151s\u00e9g\u0171 anyagok \u00e9s az eleg\u00e1ns diz\u00e1jn r\u00e9v\u00e9n ez a kab\u00e1t befektet\u00e9s a szem\u00e9lyes st\u00edlusodba \u00e9s k\u00e9nyelembe. A kab\u00e1t mentaz\u00f6ld \u00e9s s\u00e1rga sz\u00ednben kaphat\u00f3. Modell\u00fcnk 175 cm magas, 36-os m\u00e9retet visel, a term\u00e9k hossza 108 cm.<\/p>\n","protected":false},"excerpt":{"rendered":"<p>A term\u00e9szetes, megford\u00edthat\u00f3 merin\u00f3 b\u00e1r\u00e1nyb\u0151r kab\u00e1tban m\u00e9g a leghidegebb t\u00e9li napokon is felfedezheti a k\u00e9nyelmet. Ez a ford\u00edthat\u00f3 n\u0151i b\u00e1r\u00e1nyb\u0151r kab\u00e1t b\u00e1r\u00e1nysz\u0151rb\u0151l k\u00e9sz\u00fclt, amely puha \u00e9s rendk\u00edv\u00fcl meleg anyag. Eleg\u00e1ns \u00e9s praktikus, ez a kab\u00e1t mindk\u00e9t oldal\u00e1n viselhet\u0151, \u00edgy k\u00f6nnyen illeszthet\u0151 a legk\u00fcl\u00f6nb\u00f6z\u0151bb ruh\u00e1khoz. Gombokkal z\u00e1r\u00f3dik, \u00e9s k\u00e9t el\u00fcls\u0151 zsebbel rendelkezik. A kiv\u00e1l\u00f3 min\u0151s\u00e9g\u0171 anyagok [&hellip;]<\/p>\n","protected":false},"featured_media":89126,"comment_status":"closed","ping_status":"closed","template":"","meta":{"_acf_changed":false,"om_disable_all_campaigns":false,"inline_featured_image":false,"_monsterinsights_skip_tracking":false,"_monsterinsights_sitenote_active":false,"_monsterinsights_sitenote_note":"","_monsterinsights_sitenote_category":0},"product_brand":[],"product_cat":[727,778,779],"product_tag":[],"class_list":{"0":"post-89124","1":"product","2":"type-product","3":"status-publish","4":"has-post-thumbnail","6":"product_cat-2023-2024-kollekcio","7":"product_cat-baranybor-kabatok-hu","8":"product_cat-noi-shearling-kabatok","10":"first","11":"instock","12":"taxable","13":"shipping-taxable","14":"purchasable","15":"product-type-variable","16":"has-default-attributes","17":"wvs-archive-product-wrapper"},"acf":{"categorie_feed":""},"aioseo_notices":[],"_links":{"self":[{"href":"https:\/\/aavesa.com\/hu\/wp-json\/wp\/v2\/product\/89124","targetHints":{"allow":["GET"]}}],"collection":[{"href":"https:\/\/aavesa.com\/hu\/wp-json\/wp\/v2\/product"}],"about":[{"href":"https:\/\/aavesa.com\/hu\/wp-json\/wp\/v2\/types\/product"}],"replies":[{"embeddable":true,"href":"https:\/\/aavesa.com\/hu\/wp-json\/wp\/v2\/comments?post=89124"}],"wp:featuredmedia":[{"embeddable":true,"href":"https:\/\/aavesa.com\/hu\/wp-json\/wp\/v2\/media\/89126"}],"wp:attachment":[{"href":"https:\/\/aavesa.com\/hu\/wp-json\/wp\/v2\/media?parent=89124"}],"wp:term":[{"taxonomy":"product_brand","embeddable":true,"href":"https:\/\/aavesa.com\/hu\/wp-json\/wp\/v2\/product_brand?post=89124"},{"taxonomy":"product_cat","embeddable":true,"href":"https:\/\/aavesa.com\/hu\/wp-json\/wp\/v2\/product_cat?post=89124"},{"taxonomy":"product_tag","embeddable":true,"href":"https:\/\/aavesa.com\/hu\/wp-json\/wp\/v2\/product_tag?post=89124"}],"curies":[{"name":"wp","href":"https:\/\/api.w.org\/{rel}","templated":true}]}}