

{"id":89125,"date":"2024-07-26T16:36:11","date_gmt":"2024-07-26T16:36:11","guid":{"rendered":"https:\/\/new.aavesa.com\/produs\/juhaszkabat-387\/"},"modified":"2026-04-10T15:08:01","modified_gmt":"2026-04-10T17:08:01","slug":"juhaszkabat-387","status":"publish","type":"product","link":"https:\/\/aavesa.com\/hu\/product\/juhaszkabat-387\/","title":{"rendered":"Juh\u00e1szkab\u00e1t 387"},"content":{"rendered":"<p>Ez a ny\u00edrbund\u00e1s kab\u00e1t egy olyan ruhadarab, amelyet hossz\u00fa ideig \u00e9rdemes a szekr\u00e9nyedben tartani. \u00d6lelje mag\u00e1ra a f\u00e9rfias \u00e9s laza megjelen\u00e9st a legmagasabb min\u0151s\u00e9g\u0171 term\u00e9szetes anyagokb\u00f3l k\u00e9sz\u00fclt ruhadarabokkal. A b\u00e1r\u00e1nysz\u0151rme kellemes, puha \u00e9s kiv\u00e9telesen meleg tapint\u00e1s\u00fa anyag. Ez a kab\u00e1t modern diz\u00e1jnj\u00e1val \u00e9s praktikus megjelen\u00e9s\u00e9vel t\u0171nik ki. H\u00e1rom nagym\u00e9ret\u0171, cipz\u00e1ras zsebbel rendelkezik, \u00e9s term\u00e9szetes megjelen\u00e9s\u0171 barna \u00e9s fekete \u00e1rnyalatokban kaphat\u00f3. Modell\u00fcnk 188 cm magas, 48-as m\u00e9retet visel, a term\u00e9k hossza 66 cm.<\/p>\n","protected":false},"excerpt":{"rendered":"<p>Ez a ny\u00edrbund\u00e1s kab\u00e1t egy olyan ruhadarab, amelyet hossz\u00fa ideig \u00e9rdemes a szekr\u00e9nyedben tartani. \u00d6lelje mag\u00e1ra a f\u00e9rfias \u00e9s laza megjelen\u00e9st a legmagasabb min\u0151s\u00e9g\u0171 term\u00e9szetes anyagokb\u00f3l k\u00e9sz\u00fclt ruhadarabokkal. A b\u00e1r\u00e1nysz\u0151rme kellemes, puha \u00e9s kiv\u00e9telesen meleg tapint\u00e1s\u00fa anyag. Ez a kab\u00e1t modern diz\u00e1jnj\u00e1val \u00e9s praktikus megjelen\u00e9s\u00e9vel t\u0171nik ki. H\u00e1rom nagym\u00e9ret\u0171, cipz\u00e1ras zsebbel rendelkezik, \u00e9s term\u00e9szetes megjelen\u00e9s\u0171 [&hellip;]<\/p>\n","protected":false},"featured_media":89141,"comment_status":"closed","ping_status":"closed","template":"","meta":{"_acf_changed":false,"om_disable_all_campaigns":false,"inline_featured_image":false,"_monsterinsights_skip_tracking":false,"_monsterinsights_sitenote_active":false,"_monsterinsights_sitenote_note":"","_monsterinsights_sitenote_category":0},"product_brand":[],"product_cat":[727,952,772],"product_tag":[],"class_list":{"0":"post-89125","1":"product","2":"type-product","3":"status-publish","4":"has-post-thumbnail","6":"product_cat-2023-2024-kollekcio","7":"product_cat-ferfi-es-noi-pehelypaplan-dzsekik-a-luxus-es-a-melegseg-vegso-kevereke","8":"product_cat-shearling-kabatok-ferfiaknak","10":"first","11":"instock","12":"taxable","13":"shipping-taxable","14":"purchasable","15":"product-type-variable","16":"has-default-attributes","17":"wvs-archive-product-wrapper"},"acf":{"categorie_feed":""},"aioseo_notices":[],"_links":{"self":[{"href":"https:\/\/aavesa.com\/hu\/wp-json\/wp\/v2\/product\/89125","targetHints":{"allow":["GET"]}}],"collection":[{"href":"https:\/\/aavesa.com\/hu\/wp-json\/wp\/v2\/product"}],"about":[{"href":"https:\/\/aavesa.com\/hu\/wp-json\/wp\/v2\/types\/product"}],"replies":[{"embeddable":true,"href":"https:\/\/aavesa.com\/hu\/wp-json\/wp\/v2\/comments?post=89125"}],"wp:featuredmedia":[{"embeddable":true,"href":"https:\/\/aavesa.com\/hu\/wp-json\/wp\/v2\/media\/89141"}],"wp:attachment":[{"href":"https:\/\/aavesa.com\/hu\/wp-json\/wp\/v2\/media?parent=89125"}],"wp:term":[{"taxonomy":"product_brand","embeddable":true,"href":"https:\/\/aavesa.com\/hu\/wp-json\/wp\/v2\/product_brand?post=89125"},{"taxonomy":"product_cat","embeddable":true,"href":"https:\/\/aavesa.com\/hu\/wp-json\/wp\/v2\/product_cat?post=89125"},{"taxonomy":"product_tag","embeddable":true,"href":"https:\/\/aavesa.com\/hu\/wp-json\/wp\/v2\/product_tag?post=89125"}],"curies":[{"name":"wp","href":"https:\/\/api.w.org\/{rel}","templated":true}]}}