

{"id":89149,"date":"2024-07-26T16:36:32","date_gmt":"2024-07-26T16:36:32","guid":{"rendered":"https:\/\/new.aavesa.com\/produs\/baranybor-kabat-2070\/"},"modified":"2026-04-10T15:02:29","modified_gmt":"2026-04-10T17:02:29","slug":"baranybor-kabat-2070","status":"publish","type":"product","link":"https:\/\/aavesa.com\/hu\/product\/baranybor-kabat-2070\/","title":{"rendered":"B\u00e1r\u00e1nyb\u0151r kab\u00e1t 2070"},"content":{"rendered":"<p>Tapasztalja meg az eleganci\u00e1t \u00e9s a legmagasabb szint\u0171 k\u00e9nyelmet a r\u00f6vid merin\u00f3i b\u00e1r\u00e1nyb\u0151r sz\u0151rmekab\u00e1tunkkal, kifinomult mentaz\u00f6ld \u00e1rnyalatban. Ez a ruhadarab melegs\u00e9get \u00e9s st\u00edlust hoz a hideg \u00e9vszakba. Az egygombos z\u00e1r\u00f3d\u00e1s kifinomult r\u00e9szletet ad, a k\u00e9t zseb pedig funkcionalit\u00e1st \u00e9s sokoldal\u00fas\u00e1got biztos\u00edt. A gall\u00e9r extra eleganci\u00e1t k\u00f6lcs\u00f6n\u00f6z a ruh\u00e1nak. Id\u0151tlen diz\u00e1jnj\u00e1val \u00e9s friss sz\u00edn\u00e9vel ez a ruhadarab t\u00f6k\u00e9letesen kieg\u00e9sz\u00edt b\u00e1rmilyen \u00f6lt\u00f6z\u00e9ket, \u00e9s egy csipetnyi kifinomults\u00e1got \u00e9s st\u00edlust ad a t\u00e9li ruhat\u00e1r\u00e1hoz. Mentaz\u00f6ld \u00e9s s\u00f6t\u00e9tsz\u00fcrke sz\u00ednben kaphat\u00f3. Modell\u00fcnk 175 cm magas, 36-os m\u00e9retet visel, a term\u00e9k hossza 60 cm.<\/p>\n","protected":false},"excerpt":{"rendered":"<p>Tapasztalja meg az eleganci\u00e1t \u00e9s a legmagasabb szint\u0171 k\u00e9nyelmet a r\u00f6vid merin\u00f3i b\u00e1r\u00e1nyb\u0151r sz\u0151rmekab\u00e1tunkkal, kifinomult mentaz\u00f6ld \u00e1rnyalatban. Ez a ruhadarab melegs\u00e9get \u00e9s st\u00edlust hoz a hideg \u00e9vszakba. Az egygombos z\u00e1r\u00f3d\u00e1s kifinomult r\u00e9szletet ad, a k\u00e9t zseb pedig funkcionalit\u00e1st \u00e9s sokoldal\u00fas\u00e1got biztos\u00edt. A gall\u00e9r extra eleganci\u00e1t k\u00f6lcs\u00f6n\u00f6z a ruh\u00e1nak. Id\u0151tlen diz\u00e1jnj\u00e1val \u00e9s friss sz\u00edn\u00e9vel ez a [&hellip;]<\/p>\n","protected":false},"featured_media":89150,"comment_status":"closed","ping_status":"closed","template":"","meta":{"_acf_changed":false,"om_disable_all_campaigns":false,"inline_featured_image":false,"_monsterinsights_skip_tracking":false,"_monsterinsights_sitenote_active":false,"_monsterinsights_sitenote_note":"","_monsterinsights_sitenote_category":0},"product_brand":[],"product_cat":[727,952,773],"product_tag":[],"class_list":{"0":"post-89149","1":"product","2":"type-product","3":"status-publish","4":"has-post-thumbnail","6":"product_cat-2023-2024-kollekcio","7":"product_cat-ferfi-es-noi-pehelypaplan-dzsekik-a-luxus-es-a-melegseg-vegso-kevereke","8":"product_cat-noi-shearling-dzsekik","10":"first","11":"instock","12":"taxable","13":"shipping-taxable","14":"purchasable","15":"product-type-variable","16":"has-default-attributes","17":"wvs-archive-product-wrapper"},"acf":{"categorie_feed":""},"aioseo_notices":[],"_links":{"self":[{"href":"https:\/\/aavesa.com\/hu\/wp-json\/wp\/v2\/product\/89149","targetHints":{"allow":["GET"]}}],"collection":[{"href":"https:\/\/aavesa.com\/hu\/wp-json\/wp\/v2\/product"}],"about":[{"href":"https:\/\/aavesa.com\/hu\/wp-json\/wp\/v2\/types\/product"}],"replies":[{"embeddable":true,"href":"https:\/\/aavesa.com\/hu\/wp-json\/wp\/v2\/comments?post=89149"}],"wp:featuredmedia":[{"embeddable":true,"href":"https:\/\/aavesa.com\/hu\/wp-json\/wp\/v2\/media\/89150"}],"wp:attachment":[{"href":"https:\/\/aavesa.com\/hu\/wp-json\/wp\/v2\/media?parent=89149"}],"wp:term":[{"taxonomy":"product_brand","embeddable":true,"href":"https:\/\/aavesa.com\/hu\/wp-json\/wp\/v2\/product_brand?post=89149"},{"taxonomy":"product_cat","embeddable":true,"href":"https:\/\/aavesa.com\/hu\/wp-json\/wp\/v2\/product_cat?post=89149"},{"taxonomy":"product_tag","embeddable":true,"href":"https:\/\/aavesa.com\/hu\/wp-json\/wp\/v2\/product_tag?post=89149"}],"curies":[{"name":"wp","href":"https:\/\/api.w.org\/{rel}","templated":true}]}}