

{"id":89180,"date":"2024-07-26T16:35:49","date_gmt":"2024-07-26T16:35:49","guid":{"rendered":"https:\/\/new.aavesa.com\/produs\/szorme-kabat-2072\/"},"modified":"2026-04-13T09:16:42","modified_gmt":"2026-04-13T11:16:42","slug":"szorme-kabat-2072","status":"publish","type":"product","link":"https:\/\/aavesa.com\/hu\/product\/szorme-kabat-2072\/","title":{"rendered":"Sz\u0151rme kab\u00e1t 2072"},"content":{"rendered":"<p>A legfinomabb \u00e9s legpuh\u00e1bb merin\u00f3gyapj\u00fab\u00f3l k\u00e9sz\u00fclt ruhadarab t\u00f6k\u00e9letes v\u00e1laszt\u00e1s a h\u0171v\u00f6s napokra. Az okos, megford\u00edthat\u00f3 kialak\u00edt\u00e1snak k\u00f6sz\u00f6nhet\u0151en k\u00e9t k\u00fcl\u00f6nb\u00f6z\u0151 megjelen\u00e9s k\u00f6z\u00f6tt v\u00e1lthatsz tetsz\u00e9sed szerint. K\u00e9t praktikus zsebbel rendelkezik, hogy melegen tartsa a kez\u00e9t \u00e9s t\u00e1rolja a kisebb t\u00e1rgyakat. Ezenk\u00edv\u00fcl a cipz\u00e1r biztos\u00edtja a k\u00f6nny\u0171 \u00e9s biztons\u00e1gos r\u00f6gz\u00edt\u00e9st. A p\u00faderr\u00f3zsasz\u00edn finom \u00e1rnyalat\u00e1val ez a sz\u0151rme ruhadarab eleganci\u00e1t \u00e9s kifinomults\u00e1got k\u00f6lcs\u00f6n\u00f6z minden ruh\u00e1nak. R\u00f3zsasz\u00edn sz\u00ednben kaphat\u00f3. Modell\u00fcnk 175 cm magas, 36-os m\u00e9retet visel, a term\u00e9k hossza 88 cm.<\/p>\n","protected":false},"excerpt":{"rendered":"<p>A legfinomabb \u00e9s legpuh\u00e1bb merin\u00f3gyapj\u00fab\u00f3l k\u00e9sz\u00fclt ruhadarab t\u00f6k\u00e9letes v\u00e1laszt\u00e1s a h\u0171v\u00f6s napokra. Az okos, megford\u00edthat\u00f3 kialak\u00edt\u00e1snak k\u00f6sz\u00f6nhet\u0151en k\u00e9t k\u00fcl\u00f6nb\u00f6z\u0151 megjelen\u00e9s k\u00f6z\u00f6tt v\u00e1lthatsz tetsz\u00e9sed szerint. K\u00e9t praktikus zsebbel rendelkezik, hogy melegen tartsa a kez\u00e9t \u00e9s t\u00e1rolja a kisebb t\u00e1rgyakat. Ezenk\u00edv\u00fcl a cipz\u00e1r biztos\u00edtja a k\u00f6nny\u0171 \u00e9s biztons\u00e1gos r\u00f6gz\u00edt\u00e9st. A p\u00faderr\u00f3zsasz\u00edn finom \u00e1rnyalat\u00e1val ez a sz\u0151rme ruhadarab [&hellip;]<\/p>\n","protected":false},"featured_media":89181,"comment_status":"closed","ping_status":"closed","template":"","meta":{"_acf_changed":false,"om_disable_all_campaigns":false,"inline_featured_image":false,"_monsterinsights_skip_tracking":false,"_monsterinsights_sitenote_active":false,"_monsterinsights_sitenote_note":"","_monsterinsights_sitenote_category":0},"product_brand":[],"product_cat":[727,778,779],"product_tag":[],"class_list":{"0":"post-89180","1":"product","2":"type-product","3":"status-publish","4":"has-post-thumbnail","6":"product_cat-2023-2024-kollekcio","7":"product_cat-baranybor-kabatok-hu","8":"product_cat-noi-shearling-kabatok","10":"first","11":"instock","12":"taxable","13":"shipping-taxable","14":"purchasable","15":"product-type-variable","16":"has-default-attributes","17":"wvs-archive-product-wrapper"},"acf":{"categorie_feed":""},"aioseo_notices":[],"_links":{"self":[{"href":"https:\/\/aavesa.com\/hu\/wp-json\/wp\/v2\/product\/89180","targetHints":{"allow":["GET"]}}],"collection":[{"href":"https:\/\/aavesa.com\/hu\/wp-json\/wp\/v2\/product"}],"about":[{"href":"https:\/\/aavesa.com\/hu\/wp-json\/wp\/v2\/types\/product"}],"replies":[{"embeddable":true,"href":"https:\/\/aavesa.com\/hu\/wp-json\/wp\/v2\/comments?post=89180"}],"wp:featuredmedia":[{"embeddable":true,"href":"https:\/\/aavesa.com\/hu\/wp-json\/wp\/v2\/media\/89181"}],"wp:attachment":[{"href":"https:\/\/aavesa.com\/hu\/wp-json\/wp\/v2\/media?parent=89180"}],"wp:term":[{"taxonomy":"product_brand","embeddable":true,"href":"https:\/\/aavesa.com\/hu\/wp-json\/wp\/v2\/product_brand?post=89180"},{"taxonomy":"product_cat","embeddable":true,"href":"https:\/\/aavesa.com\/hu\/wp-json\/wp\/v2\/product_cat?post=89180"},{"taxonomy":"product_tag","embeddable":true,"href":"https:\/\/aavesa.com\/hu\/wp-json\/wp\/v2\/product_tag?post=89180"}],"curies":[{"name":"wp","href":"https:\/\/api.w.org\/{rel}","templated":true}]}}