

{"id":89185,"date":"2024-07-26T16:35:48","date_gmt":"2024-07-26T18:35:48","guid":{"rendered":"https:\/\/new.aavesa.com\/produs\/bor-motoros-dzseki-3029\/"},"modified":"2025-11-17T06:33:59","modified_gmt":"2025-11-17T06:33:59","slug":"bor-motoros-dzseki-3029","status":"publish","type":"product","link":"https:\/\/aavesa.com\/hu\/product\/bor-motoros-dzseki-3029\/","title":{"rendered":"B\u0151r motoros dzseki 3029"},"content":{"rendered":"<p>Egy f\u00e9rfi motoros dzsekivel minden viseleteddel hiteles \u00e9s f\u00e9rfias megjelen\u00e9st k\u00f6lcs\u00f6n\u00f6zhetsz. Ez a fekete b\u0151rdzseki h\u00e1rom funkcion\u00e1lis zsebbel \u00e9s l\u00e1that\u00f3 cipz\u00e1rral rendelkezik, \u00edgy dinamikus \u00e9s karakteres megjelen\u00e9st k\u00f6lcs\u00f6n\u00f6z \u00d6nnek. A kiv\u00e1l\u00f3 min\u0151s\u00e9g\u0171 val\u00f3di b\u0151rb\u0151l k\u00e9sz\u00fclt alkalmi kab\u00e1t fokozott v\u00e9delmet ny\u00fajt az alacsony h\u0151m\u00e9rs\u00e9klettel szemben, \u00e9s fokozottan ellen\u00e1ll a mindennapi viseletnek. V\u00e1lassza ezt a fekete f\u00e9rfi motoros dzsekit, \u00e9s eg\u00e9sz\u00edtse ki \u0151szi \u00e9s t\u00e9li ruhat\u00e1r\u00e1t egy olyan modern ruhadarabbal, amely k\u00e9ts\u00e9gk\u00edv\u00fcl felkelti a figyelmet. Modell\u00fcnk 188 cm magas, 48-as m\u00e9retet visel, a term\u00e9k hossza 65 cm.<\/p>\n","protected":false},"excerpt":{"rendered":"<p>Egy f\u00e9rfi motoros dzsekivel minden viseleteddel hiteles \u00e9s f\u00e9rfias megjelen\u00e9st k\u00f6lcs\u00f6n\u00f6zhetsz. Ez a fekete b\u0151rdzseki h\u00e1rom funkcion\u00e1lis zsebbel \u00e9s l\u00e1that\u00f3 cipz\u00e1rral rendelkezik, \u00edgy dinamikus \u00e9s karakteres megjelen\u00e9st k\u00f6lcs\u00f6n\u00f6z \u00d6nnek. A kiv\u00e1l\u00f3 min\u0151s\u00e9g\u0171 val\u00f3di b\u0151rb\u0151l k\u00e9sz\u00fclt alkalmi kab\u00e1t fokozott v\u00e9delmet ny\u00fajt az alacsony h\u0151m\u00e9rs\u00e9klettel szemben, \u00e9s fokozottan ellen\u00e1ll a mindennapi viseletnek. V\u00e1lassza ezt a fekete f\u00e9rfi [&hellip;]<\/p>\n","protected":false},"featured_media":89187,"comment_status":"closed","ping_status":"closed","template":"","meta":{"_acf_changed":false,"om_disable_all_campaigns":false,"inline_featured_image":false,"_monsterinsights_skip_tracking":false,"_monsterinsights_sitenote_active":false,"_monsterinsights_sitenote_note":"","_monsterinsights_sitenote_category":0},"product_brand":[],"product_cat":[727,762,916],"product_tag":[],"class_list":{"0":"post-89185","1":"product","2":"type-product","3":"status-publish","4":"has-post-thumbnail","6":"product_cat-2023-2024-kollekcio","7":"product_cat-borkabatok-ferfiaknak","8":"product_cat-valodi-bor-termekek-tavaszra-es-oszre-kabatok-nadragok-kabatok-szoknyak-es-loveszkabatok-kabatok-nadragok-kabatok-szoknyak-es-loveszkabatok","10":"first","11":"instock","12":"taxable","13":"shipping-taxable","14":"purchasable","15":"product-type-variable","16":"has-default-attributes","17":"wvs-archive-product-wrapper"},"acf":{"categorie_feed":""},"aioseo_notices":[],"_links":{"self":[{"href":"https:\/\/aavesa.com\/hu\/wp-json\/wp\/v2\/product\/89185","targetHints":{"allow":["GET"]}}],"collection":[{"href":"https:\/\/aavesa.com\/hu\/wp-json\/wp\/v2\/product"}],"about":[{"href":"https:\/\/aavesa.com\/hu\/wp-json\/wp\/v2\/types\/product"}],"replies":[{"embeddable":true,"href":"https:\/\/aavesa.com\/hu\/wp-json\/wp\/v2\/comments?post=89185"}],"wp:featuredmedia":[{"embeddable":true,"href":"https:\/\/aavesa.com\/hu\/wp-json\/wp\/v2\/media\/89187"}],"wp:attachment":[{"href":"https:\/\/aavesa.com\/hu\/wp-json\/wp\/v2\/media?parent=89185"}],"wp:term":[{"taxonomy":"product_brand","embeddable":true,"href":"https:\/\/aavesa.com\/hu\/wp-json\/wp\/v2\/product_brand?post=89185"},{"taxonomy":"product_cat","embeddable":true,"href":"https:\/\/aavesa.com\/hu\/wp-json\/wp\/v2\/product_cat?post=89185"},{"taxonomy":"product_tag","embeddable":true,"href":"https:\/\/aavesa.com\/hu\/wp-json\/wp\/v2\/product_tag?post=89185"}],"curies":[{"name":"wp","href":"https:\/\/api.w.org\/{rel}","templated":true}]}}