

{"id":89186,"date":"2024-07-26T16:35:49","date_gmt":"2024-07-26T16:35:49","guid":{"rendered":"https:\/\/new.aavesa.com\/produs\/nagymeretu-baranybor-kabat-2068\/"},"modified":"2026-04-10T15:02:50","modified_gmt":"2026-04-10T17:02:50","slug":"nagymeretu-baranybor-kabat-2068","status":"publish","type":"product","link":"https:\/\/aavesa.com\/hu\/product\/nagymeretu-baranybor-kabat-2068\/","title":{"rendered":"Nagym\u00e9ret\u0171 b\u00e1r\u00e1nyb\u0151r kab\u00e1t 2068"},"content":{"rendered":"<p>Tapasztalja meg az igazi kifinomults\u00e1got ezzel a term\u00e9szetes sz\u0151rme kab\u00e1ttal. A kifog\u00e1stalan szab\u00e1svonalakkal \u00e9s gondosan kidolgozott r\u00e9szletekkel ez a b\u00e1r\u00e1nysz\u0151rme kab\u00e1t eg\u00e9sz t\u00e9len k\u00e9nyelmes \u00e9rz\u00e9st ny\u00fajt \u00d6nnek. Ak\u00e1r alkalmi \u00f6lt\u00f6z\u00e9kkel p\u00e1ros\u00edtja, ak\u00e1r k\u00fcl\u00f6nleges esem\u00e9nyekre viseli, ez a n\u0151i kab\u00e1t minden megjelen\u00e9s\u00e9hez egy plusz eleganci\u00e1t \u00e9s kifinomults\u00e1got k\u00f6lcs\u00f6n\u00f6z. Itt az ideje, hogy befektessen egy kiv\u00e1l\u00f3 min\u0151s\u00e9g\u0171 ruhadarabba, amely \u00e9vekig szolg\u00e1lja \u00d6nt, \u00e9s minden pillanatban k\u00fcl\u00f6nlegesnek \u00e9rzi mag\u00e1t. A kab\u00e1t konyak \u00e9s b\u00e9zs sz\u00ednben kaphat\u00f3. Modell\u00fcnk 175 cm magas, 36-os m\u00e9retet visel, a term\u00e9k hossza 51 cm.     <\/p>\n","protected":false},"excerpt":{"rendered":"<p>Tapasztalja meg az igazi kifinomults\u00e1got ezzel a term\u00e9szetes sz\u0151rme kab\u00e1ttal. A kifog\u00e1stalan szab\u00e1svonalakkal \u00e9s gondosan kidolgozott r\u00e9szletekkel ez a b\u00e1r\u00e1nysz\u0151rme kab\u00e1t eg\u00e9sz t\u00e9len k\u00e9nyelmes \u00e9rz\u00e9st ny\u00fajt \u00d6nnek. Ak\u00e1r alkalmi \u00f6lt\u00f6z\u00e9kkel p\u00e1ros\u00edtja, ak\u00e1r k\u00fcl\u00f6nleges esem\u00e9nyekre viseli, ez a n\u0151i kab\u00e1t minden megjelen\u00e9s\u00e9hez egy plusz eleganci\u00e1t \u00e9s kifinomults\u00e1got k\u00f6lcs\u00f6n\u00f6z. Itt az ideje, hogy befektessen egy kiv\u00e1l\u00f3 min\u0151s\u00e9g\u0171 [&hellip;]<\/p>\n","protected":false},"featured_media":89191,"comment_status":"closed","ping_status":"closed","template":"","meta":{"_acf_changed":false,"om_disable_all_campaigns":false,"inline_featured_image":false,"_monsterinsights_skip_tracking":false,"_monsterinsights_sitenote_active":false,"_monsterinsights_sitenote_note":"","_monsterinsights_sitenote_category":0},"product_brand":[],"product_cat":[727,952,773],"product_tag":[],"class_list":{"0":"post-89186","1":"product","2":"type-product","3":"status-publish","4":"has-post-thumbnail","6":"product_cat-2023-2024-kollekcio","7":"product_cat-ferfi-es-noi-pehelypaplan-dzsekik-a-luxus-es-a-melegseg-vegso-kevereke","8":"product_cat-noi-shearling-dzsekik","10":"first","11":"instock","12":"taxable","13":"shipping-taxable","14":"purchasable","15":"product-type-variable","16":"has-default-attributes","17":"wvs-archive-product-wrapper"},"acf":{"categorie_feed":""},"aioseo_notices":[],"_links":{"self":[{"href":"https:\/\/aavesa.com\/hu\/wp-json\/wp\/v2\/product\/89186","targetHints":{"allow":["GET"]}}],"collection":[{"href":"https:\/\/aavesa.com\/hu\/wp-json\/wp\/v2\/product"}],"about":[{"href":"https:\/\/aavesa.com\/hu\/wp-json\/wp\/v2\/types\/product"}],"replies":[{"embeddable":true,"href":"https:\/\/aavesa.com\/hu\/wp-json\/wp\/v2\/comments?post=89186"}],"wp:featuredmedia":[{"embeddable":true,"href":"https:\/\/aavesa.com\/hu\/wp-json\/wp\/v2\/media\/89191"}],"wp:attachment":[{"href":"https:\/\/aavesa.com\/hu\/wp-json\/wp\/v2\/media?parent=89186"}],"wp:term":[{"taxonomy":"product_brand","embeddable":true,"href":"https:\/\/aavesa.com\/hu\/wp-json\/wp\/v2\/product_brand?post=89186"},{"taxonomy":"product_cat","embeddable":true,"href":"https:\/\/aavesa.com\/hu\/wp-json\/wp\/v2\/product_cat?post=89186"},{"taxonomy":"product_tag","embeddable":true,"href":"https:\/\/aavesa.com\/hu\/wp-json\/wp\/v2\/product_tag?post=89186"}],"curies":[{"name":"wp","href":"https:\/\/api.w.org\/{rel}","templated":true}]}}