

{"id":89201,"date":"2024-07-26T16:35:49","date_gmt":"2024-07-26T16:35:49","guid":{"rendered":"https:\/\/new.aavesa.com\/produs\/shearling-kabat-mosomedve-szormevel-390\/"},"modified":"2025-11-17T06:34:01","modified_gmt":"2025-11-17T06:34:01","slug":"shearling-kabat-mosomedve-szormevel-390","status":"publish","type":"product","link":"https:\/\/aavesa.com\/hu\/product\/shearling-kabat-mosomedve-szormevel-390\/","title":{"rendered":"Shearling kab\u00e1t mos\u00f3medve sz\u0151rm\u00e9vel 390"},"content":{"rendered":"<p>Ez a <a href=\"https:\/\/aavesa.com\/hu\/ferfiak\/shearling-kabatok-ferfiaknak-ferfiak\/\">f\u00e9rfi kab\u00e1t<\/a> term\u00e9szetes b\u00e1r\u00e1ny- \u00e9s mos\u00f3medvebund\u00e1b\u00f3l k\u00e9sz\u00fclt a meleg barna \u00e1rnyalat\u00fa v\u00e1ltozathoz, a fekete sz\u00ednhez pedig r\u00f3kabund\u00e1b\u00f3l. E kiv\u00e1l\u00f3 min\u0151s\u00e9g\u0171 anyagok kombin\u00e1ci\u00f3ja puha \u00e9s f\u00e9ny\u0171z\u0151 text\u00far\u00e1t k\u00f6lcs\u00f6n\u00f6z a mos\u00f3medve sz\u0151rm\u00e9vel ell\u00e1tott ny\u00edrbund\u00e1s kab\u00e1tnak, ami kellemes tapint\u00e1s\u00fav\u00e1 teszi, \u00e9s biztos\u00edtja a sz\u00fcks\u00e9ges meleget a hideg t\u00e9li napokon. A kab\u00e1t h\u00e1rom funkcion\u00e1lis zsebbel rendelkezik, amelyek t\u00f6k\u00e9letesen alkalmasak a kezek melegen tart\u00e1s\u00e1ra. A gombos z\u00e1r\u00e1s praktikus, \u00e9s kifinomult megjelen\u00e9st k\u00f6lcs\u00f6n\u00f6z a ruhadarabnak, kiemelve a tervez\u00e9si r\u00e9szleteket. V\u00e1lassza ezt a kab\u00e1tot, hogy ruhat\u00e1r\u00e1t egy kiv\u00e9teles ruhadarabbal eg\u00e9sz\u00edtse ki, amelyet \u00fagy terveztek, hogy meleget, st\u00edlust \u00e9s magabiztoss\u00e1got ny\u00fajtson a hideg \u00e9vszakban. Modell\u00fcnk 188 cm magas, 48-as m\u00e9retet visel, a term\u00e9k hossza 100 cm.<\/p>\n","protected":false},"excerpt":{"rendered":"<p>Ez a f\u00e9rfi kab\u00e1t term\u00e9szetes b\u00e1r\u00e1ny- \u00e9s mos\u00f3medvebund\u00e1b\u00f3l k\u00e9sz\u00fclt a meleg barna \u00e1rnyalat\u00fa v\u00e1ltozathoz, a fekete sz\u00ednhez pedig r\u00f3kabund\u00e1b\u00f3l. E kiv\u00e1l\u00f3 min\u0151s\u00e9g\u0171 anyagok kombin\u00e1ci\u00f3ja puha \u00e9s f\u00e9ny\u0171z\u0151 text\u00far\u00e1t k\u00f6lcs\u00f6n\u00f6z a mos\u00f3medve sz\u0151rm\u00e9vel ell\u00e1tott ny\u00edrbund\u00e1s kab\u00e1tnak, ami kellemes tapint\u00e1s\u00fav\u00e1 teszi, \u00e9s biztos\u00edtja a sz\u00fcks\u00e9ges meleget a hideg t\u00e9li napokon. A kab\u00e1t h\u00e1rom funkcion\u00e1lis zsebbel rendelkezik, amelyek [&hellip;]<\/p>\n","protected":false},"featured_media":89203,"comment_status":"closed","ping_status":"closed","template":"","meta":{"_acf_changed":false,"om_disable_all_campaigns":false,"inline_featured_image":false,"_monsterinsights_skip_tracking":false,"_monsterinsights_sitenote_active":false,"_monsterinsights_sitenote_note":"","_monsterinsights_sitenote_category":0},"product_brand":[],"product_cat":[727,778,777],"product_tag":[],"class_list":{"0":"post-89201","1":"product","2":"type-product","3":"status-publish","4":"has-post-thumbnail","6":"product_cat-2023-2024-kollekcio","7":"product_cat-baranybor-kabatok-hu","8":"product_cat-shearling-kabatok-ferfiaknak-ferfiak","10":"first","11":"instock","12":"taxable","13":"shipping-taxable","14":"purchasable","15":"product-type-variable","16":"has-default-attributes","17":"wvs-archive-product-wrapper"},"acf":{"categorie_feed":""},"aioseo_notices":[],"_links":{"self":[{"href":"https:\/\/aavesa.com\/hu\/wp-json\/wp\/v2\/product\/89201","targetHints":{"allow":["GET"]}}],"collection":[{"href":"https:\/\/aavesa.com\/hu\/wp-json\/wp\/v2\/product"}],"about":[{"href":"https:\/\/aavesa.com\/hu\/wp-json\/wp\/v2\/types\/product"}],"replies":[{"embeddable":true,"href":"https:\/\/aavesa.com\/hu\/wp-json\/wp\/v2\/comments?post=89201"}],"wp:featuredmedia":[{"embeddable":true,"href":"https:\/\/aavesa.com\/hu\/wp-json\/wp\/v2\/media\/89203"}],"wp:attachment":[{"href":"https:\/\/aavesa.com\/hu\/wp-json\/wp\/v2\/media?parent=89201"}],"wp:term":[{"taxonomy":"product_brand","embeddable":true,"href":"https:\/\/aavesa.com\/hu\/wp-json\/wp\/v2\/product_brand?post=89201"},{"taxonomy":"product_cat","embeddable":true,"href":"https:\/\/aavesa.com\/hu\/wp-json\/wp\/v2\/product_cat?post=89201"},{"taxonomy":"product_tag","embeddable":true,"href":"https:\/\/aavesa.com\/hu\/wp-json\/wp\/v2\/product_tag?post=89201"}],"curies":[{"name":"wp","href":"https:\/\/api.w.org\/{rel}","templated":true}]}}