

{"id":89202,"date":"2024-07-26T16:35:28","date_gmt":"2024-07-26T16:35:28","guid":{"rendered":"https:\/\/new.aavesa.com\/produs\/tulmeretezett-nyirbor-kabat-2079\/"},"modified":"2026-04-13T09:16:46","modified_gmt":"2026-04-13T11:16:46","slug":"tulmeretezett-nyirbor-kabat-2079","status":"publish","type":"product","link":"https:\/\/aavesa.com\/hu\/product\/tulmeretezett-nyirbor-kabat-2079\/","title":{"rendered":"T\u00falm\u00e9retezett ny\u00edrb\u0151r kab\u00e1t 2079"},"content":{"rendered":"<p>Ez a term\u00e9szetes sz\u0151rmebunda v\u00e9gig \u00e9r\u0151 hossz\u00e1val, kifinomult egyszer\u0171s\u00e9g\u00e9vel t\u0171nik ki. A k\u00e9t praktikus zsebbel \u00e9s eleg\u00e1ns gombos z\u00e1r\u00f3d\u00e1ssal ell\u00e1tott n\u0151i <a href=\"https:\/\/aavesa.com\/hu\/nok\/noi-shearling-kabatok\/\">trencsekk<\/a> funkcionalit\u00e1st \u00e9s eleganci\u00e1t k\u00edn\u00e1l hib\u00e1tlan kombin\u00e1ci\u00f3ban. Ez egy alapvet\u0151 ruhadarab, amely k\u00f6nnyen p\u00e1ros\u00edthat\u00f3 b\u00e1rmilyen \u00f6lt\u00f6z\u00e9kkel, \u00e9s b\u00e1rmely megjelen\u00e9snek egy csipetnyi kifinomults\u00e1got k\u00f6lcs\u00f6n\u00f6z. A kiv\u00e1l\u00f3 min\u0151s\u00e9g\u0171 anyagoknak \u00e9s a r\u00e9szletekre val\u00f3 odafigyel\u00e9snek k\u00f6sz\u00f6nhet\u0151en ez a t\u00falm\u00e9retezett trencsekk befektet\u00e9s a szem\u00e9lyes st\u00edlus\u00e1ba. A t\u00falm\u00e9retezett ny\u00edrb\u0151r kab\u00e1t sz\u00fcrke \u00e9s fekete sz\u00ednben kaphat\u00f3. Modell\u00fcnk 175 cm magas, 36-os m\u00e9retet visel, a term\u00e9k hossza 124 cm.<\/p>\n","protected":false},"excerpt":{"rendered":"<p>Ez a term\u00e9szetes sz\u0151rmebunda v\u00e9gig \u00e9r\u0151 hossz\u00e1val, kifinomult egyszer\u0171s\u00e9g\u00e9vel t\u0171nik ki. A k\u00e9t praktikus zsebbel \u00e9s eleg\u00e1ns gombos z\u00e1r\u00f3d\u00e1ssal ell\u00e1tott n\u0151i trencsekk funkcionalit\u00e1st \u00e9s eleganci\u00e1t k\u00edn\u00e1l hib\u00e1tlan kombin\u00e1ci\u00f3ban. Ez egy alapvet\u0151 ruhadarab, amely k\u00f6nnyen p\u00e1ros\u00edthat\u00f3 b\u00e1rmilyen \u00f6lt\u00f6z\u00e9kkel, \u00e9s b\u00e1rmely megjelen\u00e9snek egy csipetnyi kifinomults\u00e1got k\u00f6lcs\u00f6n\u00f6z. A kiv\u00e1l\u00f3 min\u0151s\u00e9g\u0171 anyagoknak \u00e9s a r\u00e9szletekre val\u00f3 odafigyel\u00e9snek k\u00f6sz\u00f6nhet\u0151en ez [&hellip;]<\/p>\n","protected":false},"featured_media":89211,"comment_status":"closed","ping_status":"closed","template":"","meta":{"_acf_changed":false,"om_disable_all_campaigns":false,"inline_featured_image":false,"_monsterinsights_skip_tracking":false,"_monsterinsights_sitenote_active":false,"_monsterinsights_sitenote_note":"","_monsterinsights_sitenote_category":0},"product_brand":[],"product_cat":[727,778,779],"product_tag":[],"class_list":{"0":"post-89202","1":"product","2":"type-product","3":"status-publish","4":"has-post-thumbnail","6":"product_cat-2023-2024-kollekcio","7":"product_cat-baranybor-kabatok-hu","8":"product_cat-noi-shearling-kabatok","10":"first","11":"instock","12":"taxable","13":"shipping-taxable","14":"purchasable","15":"product-type-variable","16":"has-default-attributes","17":"wvs-archive-product-wrapper"},"acf":{"categorie_feed":""},"aioseo_notices":[],"_links":{"self":[{"href":"https:\/\/aavesa.com\/hu\/wp-json\/wp\/v2\/product\/89202","targetHints":{"allow":["GET"]}}],"collection":[{"href":"https:\/\/aavesa.com\/hu\/wp-json\/wp\/v2\/product"}],"about":[{"href":"https:\/\/aavesa.com\/hu\/wp-json\/wp\/v2\/types\/product"}],"replies":[{"embeddable":true,"href":"https:\/\/aavesa.com\/hu\/wp-json\/wp\/v2\/comments?post=89202"}],"wp:featuredmedia":[{"embeddable":true,"href":"https:\/\/aavesa.com\/hu\/wp-json\/wp\/v2\/media\/89211"}],"wp:attachment":[{"href":"https:\/\/aavesa.com\/hu\/wp-json\/wp\/v2\/media?parent=89202"}],"wp:term":[{"taxonomy":"product_brand","embeddable":true,"href":"https:\/\/aavesa.com\/hu\/wp-json\/wp\/v2\/product_brand?post=89202"},{"taxonomy":"product_cat","embeddable":true,"href":"https:\/\/aavesa.com\/hu\/wp-json\/wp\/v2\/product_cat?post=89202"},{"taxonomy":"product_tag","embeddable":true,"href":"https:\/\/aavesa.com\/hu\/wp-json\/wp\/v2\/product_tag?post=89202"}],"curies":[{"name":"wp","href":"https:\/\/api.w.org\/{rel}","templated":true}]}}