

{"id":89221,"date":"2024-07-26T16:35:28","date_gmt":"2024-07-26T16:35:28","guid":{"rendered":"https:\/\/new.aavesa.com\/produs\/juhaszkabat-2067\/"},"modified":"2026-04-10T15:02:50","modified_gmt":"2026-04-10T17:02:50","slug":"juhaszkabat-2067","status":"publish","type":"product","link":"https:\/\/aavesa.com\/hu\/product\/juhaszkabat-2067\/","title":{"rendered":"Juh\u00e1szkab\u00e1t 2067"},"content":{"rendered":"<p>Fedezze fel a melegs\u00e9get \u00e9s az autentikus eleganci\u00e1t ezzel a term\u00e9szetes sz\u0151rmekab\u00e1ttal, amely a hideg \u00e9vszak elengedhetetlen ruhadarabja. A b\u00e1r\u00e1nybunda melegs\u00e9g\u00e9r\u0151l \u00e9s kellemes text\u00far\u00e1j\u00e1r\u00f3l ismert, \u00e9s ez a kab\u00e1t sem kiv\u00e9tel. A tov\u00e1bbi k\u00e9nyelem \u00e9rdek\u00e9ben a kab\u00e1t k\u00e9t el\u00fcls\u0151 zsebbel rendelkezik, \u00e9s cipz\u00e1rral gyorsan z\u00e1r\u00f3dik. A modern szab\u00e1s, valamint a text\u00far\u00e1k \u00e9s \u00e1rnyalatok egyedi kombin\u00e1ci\u00f3i a kab\u00e1t apr\u00f3l\u00e9kosan kidolgozott diz\u00e1jnj\u00e1t b\u00e1rmilyen k\u00f6rnyezetben kiemelked\u0151v\u00e9 teszik. A kab\u00e1t k\u00e9t sz\u00ednben kaphat\u00f3: fekete \u00e9s konyak. Modell\u00fcnk 175 cm magas, 36-os m\u00e9retet visel, a term\u00e9k hossza 57 cm.<\/p>\n","protected":false},"excerpt":{"rendered":"<p>Fedezze fel a melegs\u00e9get \u00e9s az autentikus eleganci\u00e1t ezzel a term\u00e9szetes sz\u0151rmekab\u00e1ttal, amely a hideg \u00e9vszak elengedhetetlen ruhadarabja. A b\u00e1r\u00e1nybunda melegs\u00e9g\u00e9r\u0151l \u00e9s kellemes text\u00far\u00e1j\u00e1r\u00f3l ismert, \u00e9s ez a kab\u00e1t sem kiv\u00e9tel. A tov\u00e1bbi k\u00e9nyelem \u00e9rdek\u00e9ben a kab\u00e1t k\u00e9t el\u00fcls\u0151 zsebbel rendelkezik, \u00e9s cipz\u00e1rral gyorsan z\u00e1r\u00f3dik. A modern szab\u00e1s, valamint a text\u00far\u00e1k \u00e9s \u00e1rnyalatok egyedi kombin\u00e1ci\u00f3i [&hellip;]<\/p>\n","protected":false},"featured_media":93720,"comment_status":"closed","ping_status":"closed","template":"","meta":{"_acf_changed":false,"om_disable_all_campaigns":false,"inline_featured_image":false,"_monsterinsights_skip_tracking":false,"_monsterinsights_sitenote_active":false,"_monsterinsights_sitenote_note":"","_monsterinsights_sitenote_category":0},"product_brand":[],"product_cat":[727,880,952,773],"product_tag":[],"class_list":{"0":"post-89221","1":"product","2":"type-product","3":"status-publish","4":"has-post-thumbnail","6":"product_cat-2023-2024-kollekcio","7":"product_cat-2024-2025-kollekcio","8":"product_cat-ferfi-es-noi-pehelypaplan-dzsekik-a-luxus-es-a-melegseg-vegso-kevereke","9":"product_cat-noi-shearling-dzsekik","11":"first","12":"instock","13":"taxable","14":"shipping-taxable","15":"purchasable","16":"product-type-variable","17":"has-default-attributes","18":"wvs-archive-product-wrapper"},"acf":{"categorie_feed":""},"aioseo_notices":[],"_links":{"self":[{"href":"https:\/\/aavesa.com\/hu\/wp-json\/wp\/v2\/product\/89221","targetHints":{"allow":["GET"]}}],"collection":[{"href":"https:\/\/aavesa.com\/hu\/wp-json\/wp\/v2\/product"}],"about":[{"href":"https:\/\/aavesa.com\/hu\/wp-json\/wp\/v2\/types\/product"}],"replies":[{"embeddable":true,"href":"https:\/\/aavesa.com\/hu\/wp-json\/wp\/v2\/comments?post=89221"}],"wp:featuredmedia":[{"embeddable":true,"href":"https:\/\/aavesa.com\/hu\/wp-json\/wp\/v2\/media\/93720"}],"wp:attachment":[{"href":"https:\/\/aavesa.com\/hu\/wp-json\/wp\/v2\/media?parent=89221"}],"wp:term":[{"taxonomy":"product_brand","embeddable":true,"href":"https:\/\/aavesa.com\/hu\/wp-json\/wp\/v2\/product_brand?post=89221"},{"taxonomy":"product_cat","embeddable":true,"href":"https:\/\/aavesa.com\/hu\/wp-json\/wp\/v2\/product_cat?post=89221"},{"taxonomy":"product_tag","embeddable":true,"href":"https:\/\/aavesa.com\/hu\/wp-json\/wp\/v2\/product_tag?post=89221"}],"curies":[{"name":"wp","href":"https:\/\/api.w.org\/{rel}","templated":true}]}}