

{"id":89240,"date":"2024-07-26T16:35:49","date_gmt":"2024-07-26T16:35:49","guid":{"rendered":"https:\/\/new.aavesa.com\/produs\/kapucnis-baranybor-kabat-sarki-roka-szormevel-2074\/"},"modified":"2026-04-10T15:02:45","modified_gmt":"2026-04-10T17:02:45","slug":"kapucnis-baranybor-kabat-sarki-roka-szormevel-2074","status":"publish","type":"product","link":"https:\/\/aavesa.com\/hu\/product\/kapucnis-baranybor-kabat-sarki-roka-szormevel-2074\/","title":{"rendered":"Kapucnis b\u00e1r\u00e1nyb\u0151r kab\u00e1t sarki r\u00f3ka sz\u0151rm\u00e9vel 2074"},"content":{"rendered":"<p>B\u00fajjon melegs\u00e9gbe \u00e9s eleganci\u00e1ba ezzel a term\u00e9szetes b\u00e1r\u00e1nysz\u0151rme kab\u00e1ttal, amely sarki r\u00f3ka sz\u0151rme r\u00e9szletekkel rendelkezik. A cipz\u00e1rral z\u00e1r\u00f3d\u00f3 \u00e9s k\u00e9t t\u00e1gas el\u00fcls\u0151 zsebbel ell\u00e1tott, <a href=\"https:\/\/aavesa.com\/hu\/nok\/noi-shearling-dzsekik\/\">kapucnis b\u00e1r\u00e1nyb\u0151r kab\u00e1t sarki r\u00f3ka sz\u0151rm\u00e9vel<\/a> egyszerre st\u00edlusos \u00e9s funkcion\u00e1lis. A tov\u00e1bbi melegs\u00e9g \u00e9rdek\u00e9ben a kab\u00e1t kapucnival van ell\u00e1tva, amelynek \u00e9rt\u00e9kes szeg\u00e9lye term\u00e9szetes sarki r\u00f3ka sz\u0151rm\u00e9b\u0151l k\u00e9sz\u00fclt. Kifinomult kialak\u00edt\u00e1s\u00e1val \u00e9s a r\u00e9szletekre val\u00f3 kiv\u00e9teles odafigyel\u00e9ssel ez a kab\u00e1t \u00fajradefini\u00e1lja a t\u00e9li divatot. \u00c9lvezze az autentikus luxust \u00e9s kifinomults\u00e1got, amelyet ez a kab\u00e1t hoz a ruhat\u00e1r\u00e1ba. Modell\u00fcnk 175 cm magas, 36-os m\u00e9retet visel, a term\u00e9k hossza 76 cm.<\/p>\n","protected":false},"excerpt":{"rendered":"<p>B\u00fajjon melegs\u00e9gbe \u00e9s eleganci\u00e1ba ezzel a term\u00e9szetes b\u00e1r\u00e1nysz\u0151rme kab\u00e1ttal, amely sarki r\u00f3ka sz\u0151rme r\u00e9szletekkel rendelkezik. A cipz\u00e1rral z\u00e1r\u00f3d\u00f3 \u00e9s k\u00e9t t\u00e1gas el\u00fcls\u0151 zsebbel ell\u00e1tott, kapucnis b\u00e1r\u00e1nyb\u0151r kab\u00e1t sarki r\u00f3ka sz\u0151rm\u00e9vel egyszerre st\u00edlusos \u00e9s funkcion\u00e1lis. A tov\u00e1bbi melegs\u00e9g \u00e9rdek\u00e9ben a kab\u00e1t kapucnival van ell\u00e1tva, amelynek \u00e9rt\u00e9kes szeg\u00e9lye term\u00e9szetes sarki r\u00f3ka sz\u0151rm\u00e9b\u0151l k\u00e9sz\u00fclt. Kifinomult kialak\u00edt\u00e1s\u00e1val \u00e9s a [&hellip;]<\/p>\n","protected":false},"featured_media":93738,"comment_status":"closed","ping_status":"closed","template":"","meta":{"_acf_changed":false,"om_disable_all_campaigns":false,"inline_featured_image":false,"_monsterinsights_skip_tracking":false,"_monsterinsights_sitenote_active":false,"_monsterinsights_sitenote_note":"","_monsterinsights_sitenote_category":0},"product_brand":[],"product_cat":[727,880,766,952,773,765],"product_tag":[],"class_list":{"0":"post-89240","1":"product","2":"type-product","3":"status-publish","4":"has-post-thumbnail","6":"product_cat-2023-2024-kollekcio","7":"product_cat-2024-2025-kollekcio","8":"product_cat-bundas-kabatok-es-bundas-dzsekik-noknek","9":"product_cat-ferfi-es-noi-pehelypaplan-dzsekik-a-luxus-es-a-melegseg-vegso-kevereke","10":"product_cat-noi-shearling-dzsekik","11":"product_cat-roka-szorme","13":"first","14":"instock","15":"taxable","16":"shipping-taxable","17":"purchasable","18":"product-type-variable","19":"has-default-attributes","20":"wvs-archive-product-wrapper"},"acf":{"categorie_feed":""},"aioseo_notices":[],"_links":{"self":[{"href":"https:\/\/aavesa.com\/hu\/wp-json\/wp\/v2\/product\/89240","targetHints":{"allow":["GET"]}}],"collection":[{"href":"https:\/\/aavesa.com\/hu\/wp-json\/wp\/v2\/product"}],"about":[{"href":"https:\/\/aavesa.com\/hu\/wp-json\/wp\/v2\/types\/product"}],"replies":[{"embeddable":true,"href":"https:\/\/aavesa.com\/hu\/wp-json\/wp\/v2\/comments?post=89240"}],"wp:featuredmedia":[{"embeddable":true,"href":"https:\/\/aavesa.com\/hu\/wp-json\/wp\/v2\/media\/93738"}],"wp:attachment":[{"href":"https:\/\/aavesa.com\/hu\/wp-json\/wp\/v2\/media?parent=89240"}],"wp:term":[{"taxonomy":"product_brand","embeddable":true,"href":"https:\/\/aavesa.com\/hu\/wp-json\/wp\/v2\/product_brand?post=89240"},{"taxonomy":"product_cat","embeddable":true,"href":"https:\/\/aavesa.com\/hu\/wp-json\/wp\/v2\/product_cat?post=89240"},{"taxonomy":"product_tag","embeddable":true,"href":"https:\/\/aavesa.com\/hu\/wp-json\/wp\/v2\/product_tag?post=89240"}],"curies":[{"name":"wp","href":"https:\/\/api.w.org\/{rel}","templated":true}]}}