

{"id":89241,"date":"2024-07-26T16:35:48","date_gmt":"2024-07-26T16:35:48","guid":{"rendered":"https:\/\/new.aavesa.com\/produs\/juhaszkabat-385\/"},"modified":"2026-04-10T15:08:00","modified_gmt":"2026-04-10T17:08:00","slug":"juhaszkabat-385","status":"publish","type":"product","link":"https:\/\/aavesa.com\/hu\/product\/juhaszkabat-385\/","title":{"rendered":"Juh\u00e1szkab\u00e1t 385"},"content":{"rendered":"<p>A term\u00e9szetes b\u00e1r\u00e1nybund\u00e1val maxim\u00e1lis meleget \u00e9s k\u00e9nyelmet \u00e9lvezhet a hideg \u00e9vszakban. Egy friss \u00e9s f\u00e9rfias megjelen\u00e9s, amely alkalmi \u00e9s form\u00e1lis \u00f6lt\u00f6z\u00e9khez egyar\u00e1nt alkalmas. A kiv\u00e1l\u00f3 min\u0151s\u00e9g\u0171 anyagokb\u00f3l k\u00e9sz\u00fclt kab\u00e1t rendk\u00edv\u00fcl ellen\u00e1ll\u00f3 \u00e9s tart\u00f3s. V\u00e1lassza \u00fagy, hogy nem csak egy szezonra fektet be ruhat\u00e1r\u00e1ba, \u00e9s szerezzen be tart\u00f3s ruhadarabokat, amelyek az \u00e9vek m\u00fal\u00e1s\u00e1val is mindig st\u00edlusosak maradnak. Ez a cipz\u00e1rral \u00e9s h\u00e1rom nagym\u00e9ret\u0171 cipz\u00e1ras zsebbel ell\u00e1tott sz\u0151rmebunda a sz\u00fcrke \u00e9s a s\u00f6t\u00e9tbarna \u00e1rnyalataiban kaphat\u00f3. Modell\u00fcnk 188 cm magas, 48-as m\u00e9retet visel, a term\u00e9k hossza 68 cm.<\/p>\n","protected":false},"excerpt":{"rendered":"<p>A term\u00e9szetes b\u00e1r\u00e1nybund\u00e1val maxim\u00e1lis meleget \u00e9s k\u00e9nyelmet \u00e9lvezhet a hideg \u00e9vszakban. Egy friss \u00e9s f\u00e9rfias megjelen\u00e9s, amely alkalmi \u00e9s form\u00e1lis \u00f6lt\u00f6z\u00e9khez egyar\u00e1nt alkalmas. A kiv\u00e1l\u00f3 min\u0151s\u00e9g\u0171 anyagokb\u00f3l k\u00e9sz\u00fclt kab\u00e1t rendk\u00edv\u00fcl ellen\u00e1ll\u00f3 \u00e9s tart\u00f3s. V\u00e1lassza \u00fagy, hogy nem csak egy szezonra fektet be ruhat\u00e1r\u00e1ba, \u00e9s szerezzen be tart\u00f3s ruhadarabokat, amelyek az \u00e9vek m\u00fal\u00e1s\u00e1val is mindig st\u00edlusosak [&hellip;]<\/p>\n","protected":false},"featured_media":89246,"comment_status":"closed","ping_status":"closed","template":"","meta":{"_acf_changed":false,"om_disable_all_campaigns":false,"inline_featured_image":false,"_monsterinsights_skip_tracking":false,"_monsterinsights_sitenote_active":false,"_monsterinsights_sitenote_note":"","_monsterinsights_sitenote_category":0},"product_brand":[],"product_cat":[727,952,772],"product_tag":[],"class_list":{"0":"post-89241","1":"product","2":"type-product","3":"status-publish","4":"has-post-thumbnail","6":"product_cat-2023-2024-kollekcio","7":"product_cat-ferfi-es-noi-pehelypaplan-dzsekik-a-luxus-es-a-melegseg-vegso-kevereke","8":"product_cat-shearling-kabatok-ferfiaknak","10":"first","11":"instock","12":"taxable","13":"shipping-taxable","14":"purchasable","15":"product-type-variable","16":"has-default-attributes","17":"wvs-archive-product-wrapper"},"acf":{"categorie_feed":""},"aioseo_notices":[],"_links":{"self":[{"href":"https:\/\/aavesa.com\/hu\/wp-json\/wp\/v2\/product\/89241","targetHints":{"allow":["GET"]}}],"collection":[{"href":"https:\/\/aavesa.com\/hu\/wp-json\/wp\/v2\/product"}],"about":[{"href":"https:\/\/aavesa.com\/hu\/wp-json\/wp\/v2\/types\/product"}],"replies":[{"embeddable":true,"href":"https:\/\/aavesa.com\/hu\/wp-json\/wp\/v2\/comments?post=89241"}],"wp:featuredmedia":[{"embeddable":true,"href":"https:\/\/aavesa.com\/hu\/wp-json\/wp\/v2\/media\/89246"}],"wp:attachment":[{"href":"https:\/\/aavesa.com\/hu\/wp-json\/wp\/v2\/media?parent=89241"}],"wp:term":[{"taxonomy":"product_brand","embeddable":true,"href":"https:\/\/aavesa.com\/hu\/wp-json\/wp\/v2\/product_brand?post=89241"},{"taxonomy":"product_cat","embeddable":true,"href":"https:\/\/aavesa.com\/hu\/wp-json\/wp\/v2\/product_cat?post=89241"},{"taxonomy":"product_tag","embeddable":true,"href":"https:\/\/aavesa.com\/hu\/wp-json\/wp\/v2\/product_tag?post=89241"}],"curies":[{"name":"wp","href":"https:\/\/api.w.org\/{rel}","templated":true}]}}