

{"id":89255,"date":"2024-07-26T16:35:48","date_gmt":"2024-07-26T16:35:48","guid":{"rendered":"https:\/\/new.aavesa.com\/produs\/megfordithato-szormebunda-2071\/"},"modified":"2026-04-13T09:16:42","modified_gmt":"2026-04-13T11:16:42","slug":"megfordithato-szormebunda-2071","status":"publish","type":"product","link":"https:\/\/aavesa.com\/hu\/product\/megfordithato-szormebunda-2071\/","title":{"rendered":"Megford\u00edthat\u00f3 sz\u0151rmebunda 2071"},"content":{"rendered":"<p>Puha merin\u00f3gyapj\u00fa kab\u00e1tunkkal \u00e9s finom mentaz\u00f6ld \u00e1rnyalat\u00e1val egyed\u00fcl\u00e1ll\u00f3 m\u00f3don tapasztalhatja meg a meleget \u00e9s a st\u00edlust. Ez a kiv\u00e9teles kab\u00e1t k\u00e9t zsebbel rendelkezik a k\u00e9nyelem \u00e9s a funkcionalit\u00e1s \u00e9rdek\u00e9ben, a gall\u00e9r pedig eleganci\u00e1t k\u00f6lcs\u00f6n\u00f6z. A megford\u00edthat\u00f3 funkci\u00f3nak k\u00f6sz\u00f6nhet\u0151en gyorsan megv\u00e1ltoztathatja a megjelen\u00e9st, hogy megfeleljen a hangulat\u00e1nak \u00e9s az alkalomnak. A pattint\u00f3s z\u00e1r praktikus \u00e9s kifinomult elemet ad hozz\u00e1. Ez a ruhadarab lehet\u0151v\u00e9 teszi, hogy sokoldal\u00faan \u00e9s vonz\u00f3 m\u00f3don fejezze ki szem\u00e9lyes st\u00edlus\u00e1t. A kab\u00e1t mentaz\u00f6ld \u00e9s konyak sz\u00ednben kaphat\u00f3. Modell\u00fcnk 175 cm magas, 36-os m\u00e9retet visel, a term\u00e9k hossza 88 cm.<\/p>\n","protected":false},"excerpt":{"rendered":"<p>Puha merin\u00f3gyapj\u00fa kab\u00e1tunkkal \u00e9s finom mentaz\u00f6ld \u00e1rnyalat\u00e1val egyed\u00fcl\u00e1ll\u00f3 m\u00f3don tapasztalhatja meg a meleget \u00e9s a st\u00edlust. Ez a kiv\u00e9teles kab\u00e1t k\u00e9t zsebbel rendelkezik a k\u00e9nyelem \u00e9s a funkcionalit\u00e1s \u00e9rdek\u00e9ben, a gall\u00e9r pedig eleganci\u00e1t k\u00f6lcs\u00f6n\u00f6z. A megford\u00edthat\u00f3 funkci\u00f3nak k\u00f6sz\u00f6nhet\u0151en gyorsan megv\u00e1ltoztathatja a megjelen\u00e9st, hogy megfeleljen a hangulat\u00e1nak \u00e9s az alkalomnak. A pattint\u00f3s z\u00e1r praktikus \u00e9s kifinomult [&hellip;]<\/p>\n","protected":false},"featured_media":93726,"comment_status":"closed","ping_status":"closed","template":"","meta":{"_acf_changed":false,"om_disable_all_campaigns":false,"inline_featured_image":false,"_monsterinsights_skip_tracking":false,"_monsterinsights_sitenote_active":false,"_monsterinsights_sitenote_note":"","_monsterinsights_sitenote_category":0},"product_brand":[],"product_cat":[727,880,778,779],"product_tag":[],"class_list":{"0":"post-89255","1":"product","2":"type-product","3":"status-publish","4":"has-post-thumbnail","6":"product_cat-2023-2024-kollekcio","7":"product_cat-2024-2025-kollekcio","8":"product_cat-baranybor-kabatok-hu","9":"product_cat-noi-shearling-kabatok","11":"first","12":"instock","13":"taxable","14":"shipping-taxable","15":"purchasable","16":"product-type-variable","17":"has-default-attributes","18":"wvs-archive-product-wrapper"},"acf":{"categorie_feed":""},"aioseo_notices":[],"_links":{"self":[{"href":"https:\/\/aavesa.com\/hu\/wp-json\/wp\/v2\/product\/89255","targetHints":{"allow":["GET"]}}],"collection":[{"href":"https:\/\/aavesa.com\/hu\/wp-json\/wp\/v2\/product"}],"about":[{"href":"https:\/\/aavesa.com\/hu\/wp-json\/wp\/v2\/types\/product"}],"replies":[{"embeddable":true,"href":"https:\/\/aavesa.com\/hu\/wp-json\/wp\/v2\/comments?post=89255"}],"wp:featuredmedia":[{"embeddable":true,"href":"https:\/\/aavesa.com\/hu\/wp-json\/wp\/v2\/media\/93726"}],"wp:attachment":[{"href":"https:\/\/aavesa.com\/hu\/wp-json\/wp\/v2\/media?parent=89255"}],"wp:term":[{"taxonomy":"product_brand","embeddable":true,"href":"https:\/\/aavesa.com\/hu\/wp-json\/wp\/v2\/product_brand?post=89255"},{"taxonomy":"product_cat","embeddable":true,"href":"https:\/\/aavesa.com\/hu\/wp-json\/wp\/v2\/product_cat?post=89255"},{"taxonomy":"product_tag","embeddable":true,"href":"https:\/\/aavesa.com\/hu\/wp-json\/wp\/v2\/product_tag?post=89255"}],"curies":[{"name":"wp","href":"https:\/\/api.w.org\/{rel}","templated":true}]}}