

{"id":89275,"date":"2024-07-26T16:35:28","date_gmt":"2024-07-26T16:35:28","guid":{"rendered":"https:\/\/new.aavesa.com\/produs\/nercbunda-kabat-2064\/"},"modified":"2025-11-17T06:34:08","modified_gmt":"2025-11-17T06:34:08","slug":"nercbunda-kabat-2064","status":"publish","type":"product","link":"https:\/\/aavesa.com\/hu\/product\/nercbunda-kabat-2064\/","title":{"rendered":"Nercbunda kab\u00e1t 2064"},"content":{"rendered":"<p data-start=\"120\" data-end=\"284\">Tiszta elegancia \u00e9s kifinomult luxus egy darabban &#8211; ez a val\u00f3di nercbunda kab\u00e1t t\u00f6k\u00e9letes v\u00e1laszt\u00e1s a kifinomult \u00e9s eml\u00e9kezetes megjelen\u00e9sre v\u00e1gy\u00f3 n\u0151 sz\u00e1m\u00e1ra.<\/p>\n<p data-start=\"120\" data-end=\"284\">A <strong data-start=\"309\" data-end=\"342\">kiv\u00e1l\u00f3 min\u0151s\u00e9g\u0171 term\u00e9szetes nercbund\u00e1b\u00f3l<\/strong> gondosan megmunk\u00e1lt kab\u00e1t kiemelkedik a <strong data-start=\"376\" data-end=\"410\">teljes nercbunda gall\u00e9rj\u00e1val \u00e9s mandzsett\u00e1ival<\/strong>, amelyek extra t\u00e9rfogatot, gazdag text\u00far\u00e1t \u00e9s f\u00e9ny\u0171z\u0151 megjelen\u00e9st biztos\u00edtanak. Az enyh\u00e9n szabott klasszikus szab\u00e1s finoman kiemeli a sziluettet, m\u00edg a sz\u0151rme term\u00e9szetes f\u00e9nye megk\u00fcl\u00f6nb\u00f6ztet\u0151 b\u00e1jt k\u00f6lcs\u00f6n\u00f6z minden \u00f6lt\u00f6z\u00e9knek. <\/p>\n<p class=\"\" data-start=\"621\" data-end=\"756\">Ez a sokoldal\u00fa darab eleg\u00e1ns egy\u00fcttesekhez \u00e9s modern, h\u00e9tk\u00f6znapi ruh\u00e1khoz egyar\u00e1nt viselhet\u0151, mindig egy csipetnyi exkluzivit\u00e1st k\u00f6lcs\u00f6n\u00f6zve.<\/p>\n<ul data-start=\"758\" data-end=\"1063\">\n<li class=\"\" data-start=\"758\" data-end=\"797\">\n<p class=\"\" data-start=\"760\" data-end=\"797\">Teljes eg\u00e9sz\u00e9ben term\u00e9szetes nercbund\u00e1b\u00f3l k\u00e9sz\u00fclt<\/p>\n<\/li>\n<li class=\"\" data-start=\"798\" data-end=\"857\">\n<p class=\"\" data-start=\"800\" data-end=\"857\">Teljes nercbunda gall\u00e9r \u00e9s mandzsetta a l\u00e1tv\u00e1nyos hat\u00e1s \u00e9rdek\u00e9ben<\/p>\n<\/li>\n<li class=\"\" data-start=\"858\" data-end=\"894\">\n<p class=\"\" data-start=\"860\" data-end=\"894\">Sz\u00edn: m\u00e9lyfekete, k\u00f6nnyen illeszthet\u0151<\/p>\n<\/li>\n<li class=\"\" data-start=\"895\" data-end=\"932\">\n<p class=\"\" data-start=\"897\" data-end=\"932\">Diszkr\u00e9t z\u00e1r\u00f3d\u00e1s \u00e9s oldalzsebek<\/p>\n<\/li>\n<li class=\"\" data-start=\"933\" data-end=\"984\">\n<p class=\"\" data-start=\"935\" data-end=\"984\">Ide\u00e1lis a hideg \u00e9vszakban \u00e9s k\u00fcl\u00f6nleges alkalmakra<\/p>\n<\/li>\n<li class=\"\" data-start=\"985\" data-end=\"1063\">\n<p class=\"\" data-start=\"987\" data-end=\"1063\"><strong data-start=\"987\" data-end=\"1063\">Modell\u00fcnk 175 cm magas, 36-os m\u00e9retet visel, a term\u00e9k hossza 59 cm.<\/strong><\/p>\n<\/li>\n<\/ul>\n","protected":false},"excerpt":{"rendered":"<p>Tiszta elegancia \u00e9s kifinomult luxus egy darabban &#8211; ez a val\u00f3di nercbunda kab\u00e1t t\u00f6k\u00e9letes v\u00e1laszt\u00e1s a kifinomult \u00e9s eml\u00e9kezetes megjelen\u00e9sre v\u00e1gy\u00f3 n\u0151 sz\u00e1m\u00e1ra. A kiv\u00e1l\u00f3 min\u0151s\u00e9g\u0171 term\u00e9szetes nercbund\u00e1b\u00f3l gondosan megmunk\u00e1lt kab\u00e1t kiemelkedik a teljes nercbunda gall\u00e9rj\u00e1val \u00e9s mandzsett\u00e1ival, amelyek extra t\u00e9rfogatot, gazdag text\u00far\u00e1t \u00e9s f\u00e9ny\u0171z\u0151 megjelen\u00e9st biztos\u00edtanak. Az enyh\u00e9n szabott klasszikus szab\u00e1s finoman kiemeli a [&hellip;]<\/p>\n","protected":false},"featured_media":89276,"comment_status":"closed","ping_status":"closed","template":"","meta":{"_acf_changed":false,"om_disable_all_campaigns":false,"inline_featured_image":false,"_monsterinsights_skip_tracking":false,"_monsterinsights_sitenote_active":false,"_monsterinsights_sitenote_note":"","_monsterinsights_sitenote_category":0},"product_brand":[],"product_cat":[727,766,769,770],"product_tag":[],"class_list":{"0":"post-89275","1":"product","2":"type-product","3":"status-publish","4":"has-post-thumbnail","6":"product_cat-2023-2024-kollekcio","7":"product_cat-bundas-kabatok-es-bundas-dzsekik-noknek","8":"product_cat-nerc-szorme","9":"product_cat-vidra-bundak-vidra-zsekik","11":"first","12":"instock","13":"taxable","14":"shipping-taxable","15":"purchasable","16":"product-type-variable","17":"has-default-attributes","18":"wvs-archive-product-wrapper"},"acf":{"categorie_feed":""},"aioseo_notices":[],"_links":{"self":[{"href":"https:\/\/aavesa.com\/hu\/wp-json\/wp\/v2\/product\/89275","targetHints":{"allow":["GET"]}}],"collection":[{"href":"https:\/\/aavesa.com\/hu\/wp-json\/wp\/v2\/product"}],"about":[{"href":"https:\/\/aavesa.com\/hu\/wp-json\/wp\/v2\/types\/product"}],"replies":[{"embeddable":true,"href":"https:\/\/aavesa.com\/hu\/wp-json\/wp\/v2\/comments?post=89275"}],"wp:featuredmedia":[{"embeddable":true,"href":"https:\/\/aavesa.com\/hu\/wp-json\/wp\/v2\/media\/89276"}],"wp:attachment":[{"href":"https:\/\/aavesa.com\/hu\/wp-json\/wp\/v2\/media?parent=89275"}],"wp:term":[{"taxonomy":"product_brand","embeddable":true,"href":"https:\/\/aavesa.com\/hu\/wp-json\/wp\/v2\/product_brand?post=89275"},{"taxonomy":"product_cat","embeddable":true,"href":"https:\/\/aavesa.com\/hu\/wp-json\/wp\/v2\/product_cat?post=89275"},{"taxonomy":"product_tag","embeddable":true,"href":"https:\/\/aavesa.com\/hu\/wp-json\/wp\/v2\/product_tag?post=89275"}],"curies":[{"name":"wp","href":"https:\/\/api.w.org\/{rel}","templated":true}]}}