

{"id":89293,"date":"2024-07-26T16:35:28","date_gmt":"2024-07-26T16:35:28","guid":{"rendered":"https:\/\/new.aavesa.com\/produs\/baranybor-kabat-391\/"},"modified":"2025-11-17T06:34:14","modified_gmt":"2025-11-17T06:34:14","slug":"baranybor-kabat-391","status":"publish","type":"product","link":"https:\/\/aavesa.com\/hu\/product\/baranybor-kabat-391\/","title":{"rendered":"B\u00e1r\u00e1nyb\u0151r kab\u00e1t 391"},"content":{"rendered":"<p>Fedezze fel a klasszikus \u00e9s eleg\u00e1ns kialak\u00edt\u00e1s\u00fa f\u00e9rfi b\u00e1r\u00e1nysz\u0151rme kab\u00e1tot. A cipz\u00e1ras z\u00e1r\u00f3d\u00e1ssal \u00e9s dekorat\u00edv elasztikus r\u00e9szletekkel ell\u00e1tott kab\u00e1t fokozott k\u00e9nyelemmel \u00f6rvendezteti meg \u00d6nt. A k\u00e9t funkcion\u00e1lis \u00e9s t\u00e1gas zseb rendk\u00edv\u00fcl praktikusnak bizonyul. A term\u00e9szetes b\u00e1r\u00e1nysz\u0151rme t\u00f6k\u00e9letes az optim\u00e1lis melegs\u00e9g fenntart\u00e1s\u00e1hoz a hideg \u00e9vszakban. V\u00e1lassza ezt a kab\u00e1tot, hogy k\u00f6nnyed\u00e9n kieg\u00e9sz\u00edtse alkalmi vagy eleg\u00e1ns st\u00edlus\u00e1t egy kis melegs\u00e9ggel \u00e9s k\u00e9nyelemmel. A kab\u00e1t s\u00f6t\u00e9tbarna \u00e9s fekete \u00e1rnyalatokban kaphat\u00f3. Modell\u00fcnk 188 cm magas, 48-as m\u00e9retet visel, a term\u00e9k hossza 68 cm.<\/p>\n","protected":false},"excerpt":{"rendered":"<p>Fedezze fel a klasszikus \u00e9s eleg\u00e1ns kialak\u00edt\u00e1s\u00fa f\u00e9rfi b\u00e1r\u00e1nysz\u0151rme kab\u00e1tot. A cipz\u00e1ras z\u00e1r\u00f3d\u00e1ssal \u00e9s dekorat\u00edv elasztikus r\u00e9szletekkel ell\u00e1tott kab\u00e1t fokozott k\u00e9nyelemmel \u00f6rvendezteti meg \u00d6nt. A k\u00e9t funkcion\u00e1lis \u00e9s t\u00e1gas zseb rendk\u00edv\u00fcl praktikusnak bizonyul. A term\u00e9szetes b\u00e1r\u00e1nysz\u0151rme t\u00f6k\u00e9letes az optim\u00e1lis melegs\u00e9g fenntart\u00e1s\u00e1hoz a hideg \u00e9vszakban. V\u00e1lassza ezt a kab\u00e1tot, hogy k\u00f6nnyed\u00e9n kieg\u00e9sz\u00edtse alkalmi vagy eleg\u00e1ns st\u00edlus\u00e1t [&hellip;]<\/p>\n","protected":false},"featured_media":89298,"comment_status":"closed","ping_status":"closed","template":"","meta":{"_acf_changed":false,"om_disable_all_campaigns":false,"inline_featured_image":false,"_monsterinsights_skip_tracking":false,"_monsterinsights_sitenote_active":false,"_monsterinsights_sitenote_note":"","_monsterinsights_sitenote_category":0},"product_brand":[],"product_cat":[727,780],"product_tag":[],"class_list":{"0":"post-89293","1":"product","2":"type-product","3":"status-publish","4":"has-post-thumbnail","6":"product_cat-2023-2024-kollekcio","7":"product_cat-baranybor-kabatok-hu-2","9":"first","10":"instock","11":"taxable","12":"shipping-taxable","13":"purchasable","14":"product-type-variable","15":"has-default-attributes","16":"wvs-archive-product-wrapper"},"acf":{"categorie_feed":""},"aioseo_notices":[],"_links":{"self":[{"href":"https:\/\/aavesa.com\/hu\/wp-json\/wp\/v2\/product\/89293","targetHints":{"allow":["GET"]}}],"collection":[{"href":"https:\/\/aavesa.com\/hu\/wp-json\/wp\/v2\/product"}],"about":[{"href":"https:\/\/aavesa.com\/hu\/wp-json\/wp\/v2\/types\/product"}],"replies":[{"embeddable":true,"href":"https:\/\/aavesa.com\/hu\/wp-json\/wp\/v2\/comments?post=89293"}],"wp:featuredmedia":[{"embeddable":true,"href":"https:\/\/aavesa.com\/hu\/wp-json\/wp\/v2\/media\/89298"}],"wp:attachment":[{"href":"https:\/\/aavesa.com\/hu\/wp-json\/wp\/v2\/media?parent=89293"}],"wp:term":[{"taxonomy":"product_brand","embeddable":true,"href":"https:\/\/aavesa.com\/hu\/wp-json\/wp\/v2\/product_brand?post=89293"},{"taxonomy":"product_cat","embeddable":true,"href":"https:\/\/aavesa.com\/hu\/wp-json\/wp\/v2\/product_cat?post=89293"},{"taxonomy":"product_tag","embeddable":true,"href":"https:\/\/aavesa.com\/hu\/wp-json\/wp\/v2\/product_tag?post=89293"}],"curies":[{"name":"wp","href":"https:\/\/api.w.org\/{rel}","templated":true}]}}