

{"id":89306,"date":"2024-07-26T16:35:28","date_gmt":"2024-07-26T16:35:28","guid":{"rendered":"https:\/\/new.aavesa.com\/produs\/nercbunda-kapucnis-kabat-hm032\/"},"modified":"2025-11-17T06:34:12","modified_gmt":"2025-11-17T06:34:12","slug":"nercbunda-kapucnis-kabat-hm032","status":"publish","type":"product","link":"https:\/\/aavesa.com\/hu\/product\/nercbunda-kapucnis-kabat-hm032\/","title":{"rendered":"Nercbunda kapucnis kab\u00e1t HM032"},"content":{"rendered":"<p>Nercbunda kab\u00e1tunk k\u00e9nyelmet \u00e9s st\u00edlust k\u00edn\u00e1l a hideg \u00e9vszakban. Ez a pr\u00e9mium min\u0151s\u00e9g\u0171, teljes nercbund\u00e1b\u00f3l k\u00e9sz\u00fclt, kapucnis, ny\u00e9rcbund\u00e1b\u00f3l k\u00e9sz\u00fclt kab\u00e1t kapucnival rendelkezik, amely tov\u00e1bbi v\u00e9delmet ny\u00fajt a sz\u00e9l \u00e9s a hideg ellen. A klipszes z\u00e1r\u00f3d\u00e1s praktikus \u00e9s eleg\u00e1ns, a k\u00e9t zseb pedig t\u00f6k\u00e9letes a kezek melegen tart\u00e1s\u00e1hoz vagy kisebb t\u00e1rgyak sz\u00e1ll\u00edt\u00e1s\u00e1ra. Az alj\u00e1n tal\u00e1lhat\u00f3 \u00e1ll\u00edthat\u00f3 h\u00faz\u00f3zsin\u00f3rral testre szabhatja az illeszked\u00e9st. Ez a kab\u00e1t ide\u00e1lis v\u00e1laszt\u00e1s, hogy melegen \u00e9s divatosan tartsa \u00d6nt a hideg \u00e9vszakban. A kab\u00e1t z\u00f6ld sz\u00ednben kaphat\u00f3. Modell\u00fcnk 175 cm magas, 36-os m\u00e9retet visel, a term\u00e9k hossza 64 cm.<\/p>\n","protected":false},"excerpt":{"rendered":"<p>Nercbunda kab\u00e1tunk k\u00e9nyelmet \u00e9s st\u00edlust k\u00edn\u00e1l a hideg \u00e9vszakban. Ez a pr\u00e9mium min\u0151s\u00e9g\u0171, teljes nercbund\u00e1b\u00f3l k\u00e9sz\u00fclt, kapucnis, ny\u00e9rcbund\u00e1b\u00f3l k\u00e9sz\u00fclt kab\u00e1t kapucnival rendelkezik, amely tov\u00e1bbi v\u00e9delmet ny\u00fajt a sz\u00e9l \u00e9s a hideg ellen. A klipszes z\u00e1r\u00f3d\u00e1s praktikus \u00e9s eleg\u00e1ns, a k\u00e9t zseb pedig t\u00f6k\u00e9letes a kezek melegen tart\u00e1s\u00e1hoz vagy kisebb t\u00e1rgyak sz\u00e1ll\u00edt\u00e1s\u00e1ra. Az alj\u00e1n tal\u00e1lhat\u00f3 \u00e1ll\u00edthat\u00f3 [&hellip;]<\/p>\n","protected":false},"featured_media":89307,"comment_status":"closed","ping_status":"closed","template":"","meta":{"_acf_changed":false,"om_disable_all_campaigns":false,"inline_featured_image":false,"_monsterinsights_skip_tracking":false,"_monsterinsights_sitenote_active":false,"_monsterinsights_sitenote_note":"","_monsterinsights_sitenote_category":0},"product_brand":[],"product_cat":[727,766,769,770],"product_tag":[],"class_list":{"0":"post-89306","1":"product","2":"type-product","3":"status-publish","4":"has-post-thumbnail","6":"product_cat-2023-2024-kollekcio","7":"product_cat-bundas-kabatok-es-bundas-dzsekik-noknek","8":"product_cat-nerc-szorme","9":"product_cat-vidra-bundak-vidra-zsekik","11":"first","12":"instock","13":"taxable","14":"shipping-taxable","15":"purchasable","16":"product-type-variable","17":"has-default-attributes","18":"wvs-archive-product-wrapper"},"acf":{"categorie_feed":""},"aioseo_notices":[],"_links":{"self":[{"href":"https:\/\/aavesa.com\/hu\/wp-json\/wp\/v2\/product\/89306","targetHints":{"allow":["GET"]}}],"collection":[{"href":"https:\/\/aavesa.com\/hu\/wp-json\/wp\/v2\/product"}],"about":[{"href":"https:\/\/aavesa.com\/hu\/wp-json\/wp\/v2\/types\/product"}],"replies":[{"embeddable":true,"href":"https:\/\/aavesa.com\/hu\/wp-json\/wp\/v2\/comments?post=89306"}],"wp:featuredmedia":[{"embeddable":true,"href":"https:\/\/aavesa.com\/hu\/wp-json\/wp\/v2\/media\/89307"}],"wp:attachment":[{"href":"https:\/\/aavesa.com\/hu\/wp-json\/wp\/v2\/media?parent=89306"}],"wp:term":[{"taxonomy":"product_brand","embeddable":true,"href":"https:\/\/aavesa.com\/hu\/wp-json\/wp\/v2\/product_brand?post=89306"},{"taxonomy":"product_cat","embeddable":true,"href":"https:\/\/aavesa.com\/hu\/wp-json\/wp\/v2\/product_cat?post=89306"},{"taxonomy":"product_tag","embeddable":true,"href":"https:\/\/aavesa.com\/hu\/wp-json\/wp\/v2\/product_tag?post=89306"}],"curies":[{"name":"wp","href":"https:\/\/api.w.org\/{rel}","templated":true}]}}