

{"id":89329,"date":"2024-07-26T16:35:48","date_gmt":"2024-07-26T16:35:48","guid":{"rendered":"https:\/\/new.aavesa.com\/produs\/borkabat-1039\/"},"modified":"2025-11-17T06:34:03","modified_gmt":"2025-11-17T06:34:03","slug":"borkabat-1039","status":"publish","type":"product","link":"https:\/\/aavesa.com\/hu\/product\/borkabat-1039\/","title":{"rendered":"B\u0151rkab\u00e1t 1039"},"content":{"rendered":"<p>A b\u0151rkab\u00e1tot val\u00f3ban kiemel\u0151 t\u00e9nyez\u0151 a haszn\u00e1lt anyag min\u0151s\u00e9ge. Ez a val\u00f3di b\u0151rb\u0151l k\u00e9sz\u00fclt kab\u00e1t t\u00f6k\u00e9letes p\u00e9lda erre. A term\u00e9szetes b\u0151r hib\u00e1tlan megjelen\u00e9s\u00e9t meg\u0151rzi, m\u00e9g az \u00e9vek m\u00fal\u00e1s\u00e1val is. A kab\u00e1t klasszikus szab\u00e1s\u00e1t harmonikusan kieg\u00e9sz\u00edtik a modern r\u00e9szletek, mint a l\u00e1that\u00f3 cipz\u00e1rak \u00e9s a v\u00e1llp\u00e1ntok. Az \u00edgy kialakult kombin\u00e1ci\u00f3 dinamikus \u00e9s fiatalos megjelen\u00e9st k\u00f6lcs\u00f6n\u00f6z a ruhadarabnak, \u00f6sszhangban a jelenlegi trendekkel. A kab\u00e1t k\u00e9t el\u00fcls\u0151 zsebbel van felszerelve, \u00e9s petrol sz\u00fcrke valamint fekete sz\u00ednekben kaphat\u00f3. A modell\u00fcnk 175 cm magas, 36-os m\u00e9retet visel, a term\u00e9k hossza pedig 57 cm.<\/p>\n","protected":false},"excerpt":{"rendered":"<p>A b\u0151rkab\u00e1tot val\u00f3ban kiemel\u0151 t\u00e9nyez\u0151 a haszn\u00e1lt anyag min\u0151s\u00e9ge. Ez a val\u00f3di b\u0151rb\u0151l k\u00e9sz\u00fclt kab\u00e1t t\u00f6k\u00e9letes p\u00e9lda erre. A term\u00e9szetes b\u0151r hib\u00e1tlan megjelen\u00e9s\u00e9t meg\u0151rzi, m\u00e9g az \u00e9vek m\u00fal\u00e1s\u00e1val is. A kab\u00e1t klasszikus szab\u00e1s\u00e1t harmonikusan kieg\u00e9sz\u00edtik a modern r\u00e9szletek, mint a l\u00e1that\u00f3 cipz\u00e1rak \u00e9s a v\u00e1llp\u00e1ntok. Az \u00edgy kialakult kombin\u00e1ci\u00f3 dinamikus \u00e9s fiatalos megjelen\u00e9st k\u00f6lcs\u00f6n\u00f6z a [&hellip;]<\/p>\n","protected":false},"featured_media":89330,"comment_status":"closed","ping_status":"closed","template":"","meta":{"_acf_changed":false,"om_disable_all_campaigns":false,"inline_featured_image":false,"_monsterinsights_skip_tracking":false,"_monsterinsights_sitenote_active":false,"_monsterinsights_sitenote_note":"","_monsterinsights_sitenote_category":0},"product_brand":[],"product_cat":[727,767,916],"product_tag":[],"class_list":{"0":"post-89329","1":"product","2":"type-product","3":"status-publish","4":"has-post-thumbnail","6":"product_cat-2023-2024-kollekcio","7":"product_cat-borkabatok-noknek","8":"product_cat-valodi-bor-termekek-tavaszra-es-oszre-kabatok-nadragok-kabatok-szoknyak-es-loveszkabatok-kabatok-nadragok-kabatok-szoknyak-es-loveszkabatok","10":"first","11":"instock","12":"taxable","13":"shipping-taxable","14":"purchasable","15":"product-type-variable","16":"has-default-attributes","17":"wvs-archive-product-wrapper"},"acf":{"categorie_feed":""},"aioseo_notices":[],"_links":{"self":[{"href":"https:\/\/aavesa.com\/hu\/wp-json\/wp\/v2\/product\/89329","targetHints":{"allow":["GET"]}}],"collection":[{"href":"https:\/\/aavesa.com\/hu\/wp-json\/wp\/v2\/product"}],"about":[{"href":"https:\/\/aavesa.com\/hu\/wp-json\/wp\/v2\/types\/product"}],"replies":[{"embeddable":true,"href":"https:\/\/aavesa.com\/hu\/wp-json\/wp\/v2\/comments?post=89329"}],"wp:featuredmedia":[{"embeddable":true,"href":"https:\/\/aavesa.com\/hu\/wp-json\/wp\/v2\/media\/89330"}],"wp:attachment":[{"href":"https:\/\/aavesa.com\/hu\/wp-json\/wp\/v2\/media?parent=89329"}],"wp:term":[{"taxonomy":"product_brand","embeddable":true,"href":"https:\/\/aavesa.com\/hu\/wp-json\/wp\/v2\/product_brand?post=89329"},{"taxonomy":"product_cat","embeddable":true,"href":"https:\/\/aavesa.com\/hu\/wp-json\/wp\/v2\/product_cat?post=89329"},{"taxonomy":"product_tag","embeddable":true,"href":"https:\/\/aavesa.com\/hu\/wp-json\/wp\/v2\/product_tag?post=89329"}],"curies":[{"name":"wp","href":"https:\/\/api.w.org\/{rel}","templated":true}]}}