

{"id":89338,"date":"2024-07-26T16:35:27","date_gmt":"2024-07-26T18:35:27","guid":{"rendered":"https:\/\/new.aavesa.com\/produs\/megfordithato-juhbor-kabat-mosomedve-szormevel-392\/"},"modified":"2026-04-12T13:59:04","modified_gmt":"2026-04-12T15:59:04","slug":"megfordithato-juhbor-kabat-mosomedve-szormevel-392","status":"publish","type":"product","link":"https:\/\/aavesa.com\/hu\/product\/megfordithato-juhbor-kabat-mosomedve-szormevel-392\/","title":{"rendered":"Megford\u00edthat\u00f3 juhb\u0151r kab\u00e1t mos\u00f3medve sz\u0151rm\u00e9vel, 392."},"content":{"rendered":"<p>Ezzel a b\u00e1r\u00e1nyb\u0151rb\u0151l \u00e9s mos\u00f3medve sz\u0151rm\u00e9b\u0151l k\u00e9sz\u00fclt kab\u00e1ttal a hideg \u00e9vszakban minden nap \u00e9lvezheti a sokoldal\u00fas\u00e1got \u00e9s a k\u00e9nyelmet. A term\u00e9szetes b\u00e1r\u00e1nyb\u0151r tart\u00f3ss\u00e1got \u00e9s ellen\u00e1ll\u00f3s\u00e1got biztos\u00edt, m\u00edg a mos\u00f3medve sz\u0151rme p\u00e1ratlan meleget ny\u00fajt. V\u00e1lassza a ruhat\u00e1r\u00e1ba val\u00f3 befektet\u00e9st, \u00e9s hozza ki a legt\u00f6bbet a mos\u00f3medve sz\u0151rm\u00e9vel ell\u00e1tott, megford\u00edthat\u00f3 b\u00e1r\u00e1nyb\u0151r kab\u00e1tb\u00f3l, amelyt\u0151l nehezen fog megv\u00e1lni, amikor a szezon v\u00e1ltozik. Ez a modell megford\u00edthat\u00f3, cipz\u00e1ras z\u00e1r\u00f3d\u00e1ssal, barna \u00e9s fekete \u00e1rnyalatokban kaphat\u00f3, praktikus \u00e9s kifinomult megjelen\u00e9st biztos\u00edt b\u00e1rmilyen alkalomra. Modell\u00fcnk 188 cm magas, 48-as m\u00e9retet visel, a term\u00e9k hossza 73 cm.<\/p>\n","protected":false},"excerpt":{"rendered":"<p>Ezzel a b\u00e1r\u00e1nyb\u0151rb\u0151l \u00e9s mos\u00f3medve sz\u0151rm\u00e9b\u0151l k\u00e9sz\u00fclt kab\u00e1ttal a hideg \u00e9vszakban minden nap \u00e9lvezheti a sokoldal\u00fas\u00e1got \u00e9s a k\u00e9nyelmet. A term\u00e9szetes b\u00e1r\u00e1nyb\u0151r tart\u00f3ss\u00e1got \u00e9s ellen\u00e1ll\u00f3s\u00e1got biztos\u00edt, m\u00edg a mos\u00f3medve sz\u0151rme p\u00e1ratlan meleget ny\u00fajt. V\u00e1lassza a ruhat\u00e1r\u00e1ba val\u00f3 befektet\u00e9st, \u00e9s hozza ki a legt\u00f6bbet a mos\u00f3medve sz\u0151rm\u00e9vel ell\u00e1tott, megford\u00edthat\u00f3 b\u00e1r\u00e1nyb\u0151r kab\u00e1tb\u00f3l, amelyt\u0151l nehezen fog megv\u00e1lni, amikor [&hellip;]<\/p>\n","protected":false},"featured_media":89339,"comment_status":"closed","ping_status":"closed","template":"","meta":{"_acf_changed":false,"om_disable_all_campaigns":false,"inline_featured_image":false,"_monsterinsights_skip_tracking":false,"_monsterinsights_sitenote_active":false,"_monsterinsights_sitenote_note":"","_monsterinsights_sitenote_category":0},"product_brand":[],"product_cat":[727,780],"product_tag":[],"class_list":{"0":"post-89338","1":"product","2":"type-product","3":"status-publish","4":"has-post-thumbnail","6":"product_cat-2023-2024-kollekcio","7":"product_cat-baranybor-kabatok-hu-2","9":"first","10":"instock","11":"taxable","12":"shipping-taxable","13":"purchasable","14":"product-type-variable","15":"has-default-attributes","16":"wvs-archive-product-wrapper"},"acf":{"categorie_feed":""},"aioseo_notices":[],"_links":{"self":[{"href":"https:\/\/aavesa.com\/hu\/wp-json\/wp\/v2\/product\/89338","targetHints":{"allow":["GET"]}}],"collection":[{"href":"https:\/\/aavesa.com\/hu\/wp-json\/wp\/v2\/product"}],"about":[{"href":"https:\/\/aavesa.com\/hu\/wp-json\/wp\/v2\/types\/product"}],"replies":[{"embeddable":true,"href":"https:\/\/aavesa.com\/hu\/wp-json\/wp\/v2\/comments?post=89338"}],"wp:featuredmedia":[{"embeddable":true,"href":"https:\/\/aavesa.com\/hu\/wp-json\/wp\/v2\/media\/89339"}],"wp:attachment":[{"href":"https:\/\/aavesa.com\/hu\/wp-json\/wp\/v2\/media?parent=89338"}],"wp:term":[{"taxonomy":"product_brand","embeddable":true,"href":"https:\/\/aavesa.com\/hu\/wp-json\/wp\/v2\/product_brand?post=89338"},{"taxonomy":"product_cat","embeddable":true,"href":"https:\/\/aavesa.com\/hu\/wp-json\/wp\/v2\/product_cat?post=89338"},{"taxonomy":"product_tag","embeddable":true,"href":"https:\/\/aavesa.com\/hu\/wp-json\/wp\/v2\/product_tag?post=89338"}],"curies":[{"name":"wp","href":"https:\/\/api.w.org\/{rel}","templated":true}]}}