

{"id":89349,"date":"2024-07-26T16:35:27","date_gmt":"2024-07-26T16:35:27","guid":{"rendered":"https:\/\/new.aavesa.com\/produs\/borkabat-1036\/"},"modified":"2025-11-17T06:34:19","modified_gmt":"2025-11-17T06:34:19","slug":"borkabat-1036","status":"publish","type":"product","link":"https:\/\/aavesa.com\/hu\/product\/borkabat-1036\/","title":{"rendered":"B\u0151rkab\u00e1t 1036"},"content":{"rendered":"<p>Egy k\u00e9nyelmes \u00e9s kifog\u00e1stalanul megmunk\u00e1lt b\u0151rkab\u00e1t jelent\u0151sen megk\u00f6nny\u00edti a mindennapi \u00f6lt\u00f6zk\u00f6d\u00e9s tervez\u00e9s\u00e9t. Ez a n\u0151i kab\u00e1t egyszer\u0171 szab\u00e1s\u00e1val \u00e9s letisztult vonalaival klasszikus eleganci\u00e1t k\u00f6lcs\u00f6n\u00f6z, szimmetri\u00e1j\u00e1nak k\u00f6sz\u00f6nhet\u0151en. A l\u00e1that\u00f3 varratok \u00e9s a gondosan kidolgozott r\u00e9szletek hozz\u00e1j\u00e1rulnak ehhez a megjelen\u00e9shez. A kab\u00e1t cipz\u00e1rral \u00e9s egy patenttel z\u00e1r\u00f3dik a nyak alj\u00e1n, \u00e9s k\u00e9t el\u00fcls\u0151 zsebbel van ell\u00e1tva. K\u00f6nnyen felvehet\u0151 \u00e9s kombin\u00e1lhat\u00f3, ez a val\u00f3di b\u0151rb\u0151l k\u00e9sz\u00fclt kab\u00e1t seg\u00edt abban, hogy mindig st\u00edlusos megjelen\u00e9st alak\u00edtson ki. A kab\u00e1t kr\u00e9m vagy fekete sz\u00ednben kaphat\u00f3. A modell\u00fcnk 175 cm magas, 36-os m\u00e9retet visel, a term\u00e9k hossza pedig 55 cm.<\/p>\n","protected":false},"excerpt":{"rendered":"<p>Egy k\u00e9nyelmes \u00e9s kifog\u00e1stalanul megmunk\u00e1lt b\u0151rkab\u00e1t jelent\u0151sen megk\u00f6nny\u00edti a mindennapi \u00f6lt\u00f6zk\u00f6d\u00e9s tervez\u00e9s\u00e9t. Ez a n\u0151i kab\u00e1t egyszer\u0171 szab\u00e1s\u00e1val \u00e9s letisztult vonalaival klasszikus eleganci\u00e1t k\u00f6lcs\u00f6n\u00f6z, szimmetri\u00e1j\u00e1nak k\u00f6sz\u00f6nhet\u0151en. A l\u00e1that\u00f3 varratok \u00e9s a gondosan kidolgozott r\u00e9szletek hozz\u00e1j\u00e1rulnak ehhez a megjelen\u00e9shez. A kab\u00e1t cipz\u00e1rral \u00e9s egy patenttel z\u00e1r\u00f3dik a nyak alj\u00e1n, \u00e9s k\u00e9t el\u00fcls\u0151 zsebbel van ell\u00e1tva. K\u00f6nnyen [&hellip;]<\/p>\n","protected":false},"featured_media":89350,"comment_status":"closed","ping_status":"closed","template":"","meta":{"_acf_changed":false,"om_disable_all_campaigns":false,"inline_featured_image":false,"_monsterinsights_skip_tracking":false,"_monsterinsights_sitenote_active":false,"_monsterinsights_sitenote_note":"","_monsterinsights_sitenote_category":0},"product_brand":[],"product_cat":[727,767,916],"product_tag":[],"class_list":{"0":"post-89349","1":"product","2":"type-product","3":"status-publish","4":"has-post-thumbnail","6":"product_cat-2023-2024-kollekcio","7":"product_cat-borkabatok-noknek","8":"product_cat-valodi-bor-termekek-tavaszra-es-oszre-kabatok-nadragok-kabatok-szoknyak-es-loveszkabatok-kabatok-nadragok-kabatok-szoknyak-es-loveszkabatok","10":"first","11":"instock","12":"taxable","13":"shipping-taxable","14":"purchasable","15":"product-type-variable","16":"has-default-attributes","17":"wvs-archive-product-wrapper"},"acf":{"categorie_feed":""},"aioseo_notices":[],"_links":{"self":[{"href":"https:\/\/aavesa.com\/hu\/wp-json\/wp\/v2\/product\/89349","targetHints":{"allow":["GET"]}}],"collection":[{"href":"https:\/\/aavesa.com\/hu\/wp-json\/wp\/v2\/product"}],"about":[{"href":"https:\/\/aavesa.com\/hu\/wp-json\/wp\/v2\/types\/product"}],"replies":[{"embeddable":true,"href":"https:\/\/aavesa.com\/hu\/wp-json\/wp\/v2\/comments?post=89349"}],"wp:featuredmedia":[{"embeddable":true,"href":"https:\/\/aavesa.com\/hu\/wp-json\/wp\/v2\/media\/89350"}],"wp:attachment":[{"href":"https:\/\/aavesa.com\/hu\/wp-json\/wp\/v2\/media?parent=89349"}],"wp:term":[{"taxonomy":"product_brand","embeddable":true,"href":"https:\/\/aavesa.com\/hu\/wp-json\/wp\/v2\/product_brand?post=89349"},{"taxonomy":"product_cat","embeddable":true,"href":"https:\/\/aavesa.com\/hu\/wp-json\/wp\/v2\/product_cat?post=89349"},{"taxonomy":"product_tag","embeddable":true,"href":"https:\/\/aavesa.com\/hu\/wp-json\/wp\/v2\/product_tag?post=89349"}],"curies":[{"name":"wp","href":"https:\/\/api.w.org\/{rel}","templated":true}]}}