

{"id":89358,"date":"2024-07-26T16:35:09","date_gmt":"2024-07-26T16:35:09","guid":{"rendered":"https:\/\/new.aavesa.com\/produs\/mink-szorme-kabat-hv020\/"},"modified":"2025-11-17T06:34:20","modified_gmt":"2025-11-17T06:34:20","slug":"mink-szorme-kabat-hv020","status":"publish","type":"product","link":"https:\/\/aavesa.com\/hu\/product\/mink-szorme-kabat-hv020\/","title":{"rendered":"Mink sz\u0151rme kab\u00e1t HV020"},"content":{"rendered":"<p>Ez az eleg\u00e1ns fekete t\u00f3nus\u00fa <a href=\"https:\/\/aavesa.com\/hu\/nok\/vidra-bundak-vidra-zsekik\/\">nercbunda kab\u00e1t<\/a> a hideg \u00e9vszak k\u00f6telez\u0151 darabja. Praktikus csatos z\u00e1r\u00f3d\u00e1s\u00e1val \u00e9s k\u00e9t funkcion\u00e1lis zseb\u00e9vel ez a kab\u00e1t t\u00f6k\u00e9letes v\u00e1laszt\u00e1s, hogy melegen tartson \u00e9s elf\u00e9rjenek benne a kisebb szem\u00e9lyes t\u00e1rgyak. A magas gall\u00e9r extra v\u00e9delmet ny\u00fajt a sz\u00e9l \u00e9s a hideg ellen, az alj\u00e1n tal\u00e1lhat\u00f3 \u00e1ll\u00edthat\u00f3 h\u00faz\u00f3zsin\u00f3r pedig lehet\u0151v\u00e9 teszi az optim\u00e1lis k\u00e9nyelem \u00e9rdek\u00e9ben a testre szab\u00e1st. Ez a kab\u00e1t eleg\u00e1nsan \u00e9s sokoldal\u00faan \u00f6tv\u00f6zi a hasznoss\u00e1got \u00e9s a st\u00edlust, \u00e9s t\u00f6k\u00e9letesen alkalmas arra, hogy b\u00e1rmelyik hideg \u00e9vszakkal szemben\u00e9zzen.  A kab\u00e1t fekete sz\u00ednben kaphat\u00f3. A modell\u00fcnk 175 cm magas, 36-os m\u00e9retet visel, a term\u00e9k hossza pedig 60 cm.<\/p>\n","protected":false},"excerpt":{"rendered":"<p>Ez az eleg\u00e1ns fekete t\u00f3nus\u00fa nercbunda kab\u00e1t a hideg \u00e9vszak k\u00f6telez\u0151 darabja. Praktikus csatos z\u00e1r\u00f3d\u00e1s\u00e1val \u00e9s k\u00e9t funkcion\u00e1lis zseb\u00e9vel ez a kab\u00e1t t\u00f6k\u00e9letes v\u00e1laszt\u00e1s, hogy melegen tartson \u00e9s elf\u00e9rjenek benne a kisebb szem\u00e9lyes t\u00e1rgyak. A magas gall\u00e9r extra v\u00e9delmet ny\u00fajt a sz\u00e9l \u00e9s a hideg ellen, az alj\u00e1n tal\u00e1lhat\u00f3 \u00e1ll\u00edthat\u00f3 h\u00faz\u00f3zsin\u00f3r pedig lehet\u0151v\u00e9 teszi az [&hellip;]<\/p>\n","protected":false},"featured_media":89359,"comment_status":"closed","ping_status":"closed","template":"","meta":{"_acf_changed":false,"om_disable_all_campaigns":false,"inline_featured_image":false,"_monsterinsights_skip_tracking":false,"_monsterinsights_sitenote_active":false,"_monsterinsights_sitenote_note":"","_monsterinsights_sitenote_category":0},"product_brand":[],"product_cat":[727,766,769,770],"product_tag":[],"class_list":{"0":"post-89358","1":"product","2":"type-product","3":"status-publish","4":"has-post-thumbnail","6":"product_cat-2023-2024-kollekcio","7":"product_cat-bundas-kabatok-es-bundas-dzsekik-noknek","8":"product_cat-nerc-szorme","9":"product_cat-vidra-bundak-vidra-zsekik","11":"first","12":"instock","13":"taxable","14":"shipping-taxable","15":"purchasable","16":"product-type-variable","17":"has-default-attributes","18":"wvs-archive-product-wrapper"},"acf":{"categorie_feed":""},"aioseo_notices":[],"_links":{"self":[{"href":"https:\/\/aavesa.com\/hu\/wp-json\/wp\/v2\/product\/89358","targetHints":{"allow":["GET"]}}],"collection":[{"href":"https:\/\/aavesa.com\/hu\/wp-json\/wp\/v2\/product"}],"about":[{"href":"https:\/\/aavesa.com\/hu\/wp-json\/wp\/v2\/types\/product"}],"replies":[{"embeddable":true,"href":"https:\/\/aavesa.com\/hu\/wp-json\/wp\/v2\/comments?post=89358"}],"wp:featuredmedia":[{"embeddable":true,"href":"https:\/\/aavesa.com\/hu\/wp-json\/wp\/v2\/media\/89359"}],"wp:attachment":[{"href":"https:\/\/aavesa.com\/hu\/wp-json\/wp\/v2\/media?parent=89358"}],"wp:term":[{"taxonomy":"product_brand","embeddable":true,"href":"https:\/\/aavesa.com\/hu\/wp-json\/wp\/v2\/product_brand?post=89358"},{"taxonomy":"product_cat","embeddable":true,"href":"https:\/\/aavesa.com\/hu\/wp-json\/wp\/v2\/product_cat?post=89358"},{"taxonomy":"product_tag","embeddable":true,"href":"https:\/\/aavesa.com\/hu\/wp-json\/wp\/v2\/product_tag?post=89358"}],"curies":[{"name":"wp","href":"https:\/\/api.w.org\/{rel}","templated":true}]}}