

{"id":89372,"date":"2024-07-26T16:17:56","date_gmt":"2024-07-26T16:17:56","guid":{"rendered":"https:\/\/new.aavesa.com\/produs\/vagokabat-bundaval-102-gvp\/"},"modified":"2026-04-13T09:17:37","modified_gmt":"2026-04-13T11:17:37","slug":"vagokabat-bundaval-102-gvp","status":"publish","type":"product","link":"https:\/\/aavesa.com\/hu\/product\/vagokabat-bundaval-102-gvp\/","title":{"rendered":"V\u00e1g\u00f3kab\u00e1t bund\u00e1val 102 GVP"},"content":{"rendered":"<p>Ez a <a rel=\"nofollow\" href=\"https:\/\/aavesa.com\/hu\/nok\/noi-shearling-kabatok\/\">shearling kab\u00e1t<\/a> ellen\u00e1ll a nedvess\u00e9gnek a b\u00e1r\u00e1ny nappab\u0151rb\u0151l k\u00e9sz\u00fclt k\u00fcls\u0151 r\u00e9teg \u00e9s az es\u0151nek ellen\u00e1ll\u00f3 lakk r\u00e9v\u00e9n, de t\u00f6k\u00e9letes, k\u00fcl\u00f6n\u00f6sen a hideg napokon, k\u00f6sz\u00f6nhet\u0151en a 8 mm vastag merin\u00f3 b\u00e1r\u00e1nysz\u0151rme belsej\u00e9nek. Eleg\u00e1ns \u00e9s n\u0151ies megjelen\u00e9st k\u00f6lcs\u00f6n\u00f6z a kapucni sz\u00e9l\u00e9nek, \u00e9s mandzsett\u00e1zza ezt a sarki r\u00f3ka sz\u0151r\u00e9b\u0151l k\u00e9sz\u00fclt b\u00e1r\u00e1nyb\u0151r kab\u00e1tot. A kab\u00e1t z\u00e1r\u00e1sa n\u00e9gy gombbal \u00e9s a derek\u00e1t k\u00f6r\u00fclvev\u0151 b\u0151r\u00f6vvel t\u00f6rt\u00e9nik. Ez a sz\u0151rm\u00e9s bunda a k\u00f6vetkez\u0151 sz\u00ednek b\u00e1rmelyik\u00e9ben megv\u00e1s\u00e1rolhat\u00f3: b\u00e9zs, sz\u00fcrke, sz\u00fcrke, barna vagy fekete.<\/p>\n","protected":false},"excerpt":{"rendered":"<p>Ez a shearling kab\u00e1t ellen\u00e1ll a nedvess\u00e9gnek a b\u00e1r\u00e1ny nappab\u0151rb\u0151l k\u00e9sz\u00fclt k\u00fcls\u0151 r\u00e9teg \u00e9s az es\u0151nek ellen\u00e1ll\u00f3 lakk r\u00e9v\u00e9n, de t\u00f6k\u00e9letes, k\u00fcl\u00f6n\u00f6sen a hideg napokon, k\u00f6sz\u00f6nhet\u0151en a 8 mm vastag merin\u00f3 b\u00e1r\u00e1nysz\u0151rme belsej\u00e9nek. Eleg\u00e1ns \u00e9s n\u0151ies megjelen\u00e9st k\u00f6lcs\u00f6n\u00f6z a kapucni sz\u00e9l\u00e9nek, \u00e9s mandzsett\u00e1zza ezt a sarki r\u00f3ka sz\u0151r\u00e9b\u0151l k\u00e9sz\u00fclt b\u00e1r\u00e1nyb\u0151r kab\u00e1tot. A kab\u00e1t z\u00e1r\u00e1sa n\u00e9gy [&hellip;]<\/p>\n","protected":false},"featured_media":79608,"comment_status":"open","ping_status":"closed","template":"","meta":{"_acf_changed":false,"om_disable_all_campaigns":false,"inline_featured_image":false,"_monsterinsights_skip_tracking":false,"_monsterinsights_sitenote_active":false,"_monsterinsights_sitenote_note":"","_monsterinsights_sitenote_category":0},"product_brand":[],"product_cat":[784,778,766,779,765],"product_tag":[],"class_list":{"0":"post-89372","1":"product","2":"type-product","3":"status-publish","4":"has-post-thumbnail","6":"product_cat-baranybor","7":"product_cat-baranybor-kabatok-hu","8":"product_cat-bundas-kabatok-es-bundas-dzsekik-noknek","9":"product_cat-noi-shearling-kabatok","10":"product_cat-roka-szorme","12":"first","13":"instock","14":"taxable","15":"shipping-taxable","16":"purchasable","17":"product-type-variable","18":"has-default-attributes","19":"wvs-archive-product-wrapper"},"acf":{"categorie_feed":""},"aioseo_notices":[],"_links":{"self":[{"href":"https:\/\/aavesa.com\/hu\/wp-json\/wp\/v2\/product\/89372","targetHints":{"allow":["GET"]}}],"collection":[{"href":"https:\/\/aavesa.com\/hu\/wp-json\/wp\/v2\/product"}],"about":[{"href":"https:\/\/aavesa.com\/hu\/wp-json\/wp\/v2\/types\/product"}],"replies":[{"embeddable":true,"href":"https:\/\/aavesa.com\/hu\/wp-json\/wp\/v2\/comments?post=89372"}],"wp:featuredmedia":[{"embeddable":true,"href":"https:\/\/aavesa.com\/hu\/wp-json\/wp\/v2\/media\/79608"}],"wp:attachment":[{"href":"https:\/\/aavesa.com\/hu\/wp-json\/wp\/v2\/media?parent=89372"}],"wp:term":[{"taxonomy":"product_brand","embeddable":true,"href":"https:\/\/aavesa.com\/hu\/wp-json\/wp\/v2\/product_brand?post=89372"},{"taxonomy":"product_cat","embeddable":true,"href":"https:\/\/aavesa.com\/hu\/wp-json\/wp\/v2\/product_cat?post=89372"},{"taxonomy":"product_tag","embeddable":true,"href":"https:\/\/aavesa.com\/hu\/wp-json\/wp\/v2\/product_tag?post=89372"}],"curies":[{"name":"wp","href":"https:\/\/api.w.org\/{rel}","templated":true}]}}