{"id":89377,"date":"2024-07-26T16:17:56","date_gmt":"2024-07-26T16:17:56","guid":{"rendered":"https:\/\/new.aavesa.com\/produs\/nyirokabat-bundaval-102-vp\/"},"modified":"2026-04-13T09:17:38","modified_gmt":"2026-04-13T11:17:38","slug":"nyirokabat-bundaval-102-vp","status":"publish","type":"product","link":"https:\/\/aavesa.com\/hu\/product\/nyirokabat-bundaval-102-vp\/","title":{"rendered":"Ny\u00edr\u00f3kab\u00e1t bund\u00e1val 102 VP"},"content":{"rendered":"<p>Ez a <a href=\"https:\/\/aavesa.com\/hu\/nok\/noi-shearling-kabatok\/\">shearling kab\u00e1t<\/a> k\u00edv\u00fclr\u0151l b\u00e1r\u00e1ny nappab\u0151rb\u0151l k\u00e9sz\u00fclt, amelynek k\u00e9t nagyon fontos tulajdons\u00e1ga van: ellen\u00e1ll a nedvess\u00e9gnek \u00e9s a szennyez\u0151d\u00e9snek. Ennek a sz\u0151rm\u00e9s bund\u00e1nak a belseje merin\u00f3b\u00e1r\u00e1ny sz\u0151rm\u00e9b\u0151l k\u00e9sz\u00fclt, \u00e9s 8 mm vastags\u00e1g\u00fa. Ennek a ruhadarabnak az eleg\u00e1ns jegy\u00e9t a zsin\u00f3r \u00e9s a csat adja, amelyek nagyon egyszer\u0171 z\u00e1r\u00f3d\u00e1si rendszerrel teszik t\u00f6k\u00e9letess\u00e9 a derek\u00e1t. A b\u0151rzsin\u00f3r mellett n\u00e9gy k\u00fcl\u00f6nf\u00e9le gomb tal\u00e1lhat\u00f3. Ez a kab\u00e1t ebben a sz\u00ednv\u00e1laszt\u00e9kban \u00e9rhet\u0151 el: b\u00e9zs, fekete, fekete-ez\u00fcst \u00e9s sz\u00fcrke, a k\u00fcl\u00f6nb\u00f6z\u0151 st\u00edlusokhoz k\u00f6nnyen illeszthet\u0151 sz\u00ednek a t\u00f6k\u00e9letes megjelen\u00e9s \u00e9rdek\u00e9ben minden nap.<\/p>\n","protected":false},"excerpt":{"rendered":"<p>Ez a shearling kab\u00e1t k\u00edv\u00fclr\u0151l b\u00e1r\u00e1ny nappab\u0151rb\u0151l k\u00e9sz\u00fclt, amelynek k\u00e9t nagyon fontos tulajdons\u00e1ga van: ellen\u00e1ll a nedvess\u00e9gnek \u00e9s a szennyez\u0151d\u00e9snek. Ennek a sz\u0151rm\u00e9s bund\u00e1nak a belseje merin\u00f3b\u00e1r\u00e1ny sz\u0151rm\u00e9b\u0151l k\u00e9sz\u00fclt, \u00e9s 8 mm vastags\u00e1g\u00fa. Ennek a ruhadarabnak az eleg\u00e1ns jegy\u00e9t a zsin\u00f3r \u00e9s a csat adja, amelyek nagyon egyszer\u0171 z\u00e1r\u00f3d\u00e1si rendszerrel teszik t\u00f6k\u00e9letess\u00e9 a derek\u00e1t. A [&hellip;]<\/p>\n","protected":false},"featured_media":79639,"comment_status":"open","ping_status":"closed","template":"","meta":{"_acf_changed":false,"inline_featured_image":false},"product_brand":[],"product_cat":[784,778,766,779,765],"product_tag":[],"class_list":{"0":"post-89377","1":"product","2":"type-product","3":"status-publish","4":"has-post-thumbnail","6":"product_cat-baranybor","7":"product_cat-baranybor-kabatok-hu","8":"product_cat-bundas-kabatok-es-bundas-dzsekik-noknek","9":"product_cat-noi-shearling-kabatok","10":"product_cat-roka-szorme","12":"first","13":"instock","14":"taxable","15":"shipping-taxable","16":"purchasable","17":"product-type-variable","18":"has-default-attributes","19":"wvs-archive-product-wrapper"},"acf":{"categorie_feed":""},"aioseo_notices":[],"_links":{"self":[{"href":"https:\/\/aavesa.com\/hu\/wp-json\/wp\/v2\/product\/89377","targetHints":{"allow":["GET"]}}],"collection":[{"href":"https:\/\/aavesa.com\/hu\/wp-json\/wp\/v2\/product"}],"about":[{"href":"https:\/\/aavesa.com\/hu\/wp-json\/wp\/v2\/types\/product"}],"replies":[{"embeddable":true,"href":"https:\/\/aavesa.com\/hu\/wp-json\/wp\/v2\/comments?post=89377"}],"wp:featuredmedia":[{"embeddable":true,"href":"https:\/\/aavesa.com\/hu\/wp-json\/wp\/v2\/media\/79639"}],"wp:attachment":[{"href":"https:\/\/aavesa.com\/hu\/wp-json\/wp\/v2\/media?parent=89377"}],"wp:term":[{"taxonomy":"product_brand","embeddable":true,"href":"https:\/\/aavesa.com\/hu\/wp-json\/wp\/v2\/product_brand?post=89377"},{"taxonomy":"product_cat","embeddable":true,"href":"https:\/\/aavesa.com\/hu\/wp-json\/wp\/v2\/product_cat?post=89377"},{"taxonomy":"product_tag","embeddable":true,"href":"https:\/\/aavesa.com\/hu\/wp-json\/wp\/v2\/product_tag?post=89377"}],"curies":[{"name":"wp","href":"https:\/\/api.w.org\/{rel}","templated":true}]}}