

{"id":89382,"date":"2024-07-26T16:17:56","date_gmt":"2024-07-26T16:17:56","guid":{"rendered":"https:\/\/new.aavesa.com\/produs\/noi-bunda-103-vp\/"},"modified":"2025-11-17T06:24:37","modified_gmt":"2025-11-17T06:24:37","slug":"noi-bunda-103-vp","status":"publish","type":"product","link":"https:\/\/aavesa.com\/hu\/product\/noi-bunda-103-vp\/","title":{"rendered":"N\u0151i bunda 103 VP"},"content":{"rendered":"<p>Barna n\u0151i bunda term\u00e9szetes b\u00e1r\u00e1nygyapj\u00fab\u00f3l \u00e9s term\u00e9szetes r\u00f3kapr\u00e9mb\u0151l. Ez a hossz\u00fa kab\u00e1t nappa b\u00e1r\u00e1nyb\u0151rb\u0151l, feldolgozott b\u00e1r\u00e1nyb\u0151rb\u0151l k\u00e9sz\u00fcl, amely nedvess\u00e9g- \u00e9s szennyez\u0151d\u00e9s\u00e1ll\u00f3. A bels\u0151 teret term\u00e9szetes merin\u00f3 b\u00e1r\u00e1nygyapj\u00fa b\u00e9leli, amelyet 8 mm-re (kb. 0,3 h\u00fcvelyk) v\u00e1gtak le, \u00edgy meleget \u00e9s k\u00e9nyelmet biztos\u00edt. A bunda st\u00edlusos megjelen\u00e9s\u00e9t a sz\u00e9les gall\u00e9r \u00e9s a term\u00e9szetes r\u00f3kapr\u00e9mb\u0151l k\u00e9sz\u00fclt mandzsetta adja. A sz\u0151rmebunda n\u00e9gy gombbal \u00e9s egy der\u00e9k k\u00f6r\u00fcli p\u00e1nttal z\u00e1r\u00f3dik.<br \/>\nA term\u00e9k online rendelhet\u0151, \u00e9s megtal\u00e1lhat\u00f3 a rom\u00e1niai A&amp;A Vesa \u00fczletekben is.<\/p>\n","protected":false},"excerpt":{"rendered":"<p>Barna n\u0151i bunda term\u00e9szetes b\u00e1r\u00e1nygyapj\u00fab\u00f3l \u00e9s term\u00e9szetes r\u00f3kapr\u00e9mb\u0151l. Ez a hossz\u00fa kab\u00e1t nappa b\u00e1r\u00e1nyb\u0151rb\u0151l, feldolgozott b\u00e1r\u00e1nyb\u0151rb\u0151l k\u00e9sz\u00fcl, amely nedvess\u00e9g- \u00e9s szennyez\u0151d\u00e9s\u00e1ll\u00f3. A bels\u0151 teret term\u00e9szetes merin\u00f3 b\u00e1r\u00e1nygyapj\u00fa b\u00e9leli, amelyet 8 mm-re (kb. 0,3 h\u00fcvelyk) v\u00e1gtak le, \u00edgy meleget \u00e9s k\u00e9nyelmet biztos\u00edt. A bunda st\u00edlusos megjelen\u00e9s\u00e9t a sz\u00e9les gall\u00e9r \u00e9s a term\u00e9szetes r\u00f3kapr\u00e9mb\u0151l k\u00e9sz\u00fclt mandzsetta adja. [&hellip;]<\/p>\n","protected":false},"featured_media":79654,"comment_status":"open","ping_status":"closed","template":"","meta":{"_acf_changed":false,"om_disable_all_campaigns":false,"inline_featured_image":false,"_monsterinsights_skip_tracking":false,"_monsterinsights_sitenote_active":false,"_monsterinsights_sitenote_note":"","_monsterinsights_sitenote_category":0},"product_brand":[],"product_cat":[766],"product_tag":[],"class_list":{"0":"post-89382","1":"product","2":"type-product","3":"status-publish","4":"has-post-thumbnail","6":"product_cat-bundas-kabatok-es-bundas-dzsekik-noknek","8":"first","9":"outofstock","10":"taxable","11":"shipping-taxable","12":"product-type-variable","13":"has-default-attributes","14":"wvs-archive-product-wrapper"},"acf":{"categorie_feed":""},"aioseo_notices":[],"_links":{"self":[{"href":"https:\/\/aavesa.com\/hu\/wp-json\/wp\/v2\/product\/89382","targetHints":{"allow":["GET"]}}],"collection":[{"href":"https:\/\/aavesa.com\/hu\/wp-json\/wp\/v2\/product"}],"about":[{"href":"https:\/\/aavesa.com\/hu\/wp-json\/wp\/v2\/types\/product"}],"replies":[{"embeddable":true,"href":"https:\/\/aavesa.com\/hu\/wp-json\/wp\/v2\/comments?post=89382"}],"wp:featuredmedia":[{"embeddable":true,"href":"https:\/\/aavesa.com\/hu\/wp-json\/wp\/v2\/media\/79654"}],"wp:attachment":[{"href":"https:\/\/aavesa.com\/hu\/wp-json\/wp\/v2\/media?parent=89382"}],"wp:term":[{"taxonomy":"product_brand","embeddable":true,"href":"https:\/\/aavesa.com\/hu\/wp-json\/wp\/v2\/product_brand?post=89382"},{"taxonomy":"product_cat","embeddable":true,"href":"https:\/\/aavesa.com\/hu\/wp-json\/wp\/v2\/product_cat?post=89382"},{"taxonomy":"product_tag","embeddable":true,"href":"https:\/\/aavesa.com\/hu\/wp-json\/wp\/v2\/product_tag?post=89382"}],"curies":[{"name":"wp","href":"https:\/\/api.w.org\/{rel}","templated":true}]}}