

{"id":89384,"date":"2024-07-26T16:17:56","date_gmt":"2024-07-26T16:17:56","guid":{"rendered":"https:\/\/new.aavesa.com\/produs\/shearling-kabat-104\/"},"modified":"2026-04-13T09:17:41","modified_gmt":"2026-04-13T11:17:41","slug":"shearling-kabat-104","status":"publish","type":"product","link":"https:\/\/aavesa.com\/hu\/product\/shearling-kabat-104\/","title":{"rendered":"Shearling kab\u00e1t 104"},"content":{"rendered":"<p><a rel=\"nofollow\" href=\"https:\/\/aavesa.com\/hu\/nok\/noi-shearling-kabatok\/\">Shearling kab\u00e1t n\u0151knek.<\/a> Ez a kab\u00e1t t\u00f6k\u00e9letes b\u00e1rmilyen esem\u00e9nyre vagy napra, eleg\u00e1ns alkalmi kialak\u00edt\u00e1ssal.<br \/>\nEz a kab\u00e1t nappab\u0151rb\u0151l k\u00e9sz\u00fclt, a k\u00fcls\u0151 ellen\u00e1ll a nedvess\u00e9gnek \u00e9s a szennyez\u0151d\u00e9snek, a bels\u0151 r\u00e9sz pedig a finom, bolyhos merin\u00f3 b\u00e1r\u00e1nyb\u0151rb\u0151l k\u00e9sz\u00fclt, 8 mm vastags\u00e1g\u00fara ny\u00edrva. A mell\u00e9ny merin\u00f3i b\u00e1r\u00e1nypr\u00e9mb\u0151l k\u00e9sz\u00fclt kapucnis, teh\u00e1t a kab\u00e1t mandzsett\u00e1i. Ez a term\u00e9szetes shearling kab\u00e1t n\u00e9gy gomb \u00e9s egy csatos b\u00e1r\u00e1nynappa b\u0151rb\u0151l k\u00e9sz\u00fclt \u00f6v seg\u00edts\u00e9g\u00e9vel k\u00e9sz\u00fclt.<br \/>\nEz a ruhadarab h\u00e1rom sz\u00ednben kaphat\u00f3: barna, fekete \u00e9s vil\u00e1gosbarna.<\/p>\n","protected":false},"excerpt":{"rendered":"<p>Shearling kab\u00e1t n\u0151knek. Ez a kab\u00e1t t\u00f6k\u00e9letes b\u00e1rmilyen esem\u00e9nyre vagy napra, eleg\u00e1ns alkalmi kialak\u00edt\u00e1ssal. Ez a kab\u00e1t nappab\u0151rb\u0151l k\u00e9sz\u00fclt, a k\u00fcls\u0151 ellen\u00e1ll a nedvess\u00e9gnek \u00e9s a szennyez\u0151d\u00e9snek, a bels\u0151 r\u00e9sz pedig a finom, bolyhos merin\u00f3 b\u00e1r\u00e1nyb\u0151rb\u0151l k\u00e9sz\u00fclt, 8 mm vastags\u00e1g\u00fara ny\u00edrva. A mell\u00e9ny merin\u00f3i b\u00e1r\u00e1nypr\u00e9mb\u0151l k\u00e9sz\u00fclt kapucnis, teh\u00e1t a kab\u00e1t mandzsett\u00e1i. Ez a term\u00e9szetes shearling [&hellip;]<\/p>\n","protected":false},"featured_media":79658,"comment_status":"open","ping_status":"closed","template":"","meta":{"_acf_changed":false,"om_disable_all_campaigns":false,"inline_featured_image":false,"_monsterinsights_skip_tracking":false,"_monsterinsights_sitenote_active":false,"_monsterinsights_sitenote_note":"","_monsterinsights_sitenote_category":0},"product_brand":[],"product_cat":[778,779],"product_tag":[],"class_list":{"0":"post-89384","1":"product","2":"type-product","3":"status-publish","4":"has-post-thumbnail","6":"product_cat-baranybor-kabatok-hu","7":"product_cat-noi-shearling-kabatok","9":"first","10":"instock","11":"taxable","12":"shipping-taxable","13":"purchasable","14":"product-type-variable","15":"has-default-attributes","16":"wvs-archive-product-wrapper"},"acf":{"categorie_feed":""},"aioseo_notices":[],"_links":{"self":[{"href":"https:\/\/aavesa.com\/hu\/wp-json\/wp\/v2\/product\/89384","targetHints":{"allow":["GET"]}}],"collection":[{"href":"https:\/\/aavesa.com\/hu\/wp-json\/wp\/v2\/product"}],"about":[{"href":"https:\/\/aavesa.com\/hu\/wp-json\/wp\/v2\/types\/product"}],"replies":[{"embeddable":true,"href":"https:\/\/aavesa.com\/hu\/wp-json\/wp\/v2\/comments?post=89384"}],"wp:featuredmedia":[{"embeddable":true,"href":"https:\/\/aavesa.com\/hu\/wp-json\/wp\/v2\/media\/79658"}],"wp:attachment":[{"href":"https:\/\/aavesa.com\/hu\/wp-json\/wp\/v2\/media?parent=89384"}],"wp:term":[{"taxonomy":"product_brand","embeddable":true,"href":"https:\/\/aavesa.com\/hu\/wp-json\/wp\/v2\/product_brand?post=89384"},{"taxonomy":"product_cat","embeddable":true,"href":"https:\/\/aavesa.com\/hu\/wp-json\/wp\/v2\/product_cat?post=89384"},{"taxonomy":"product_tag","embeddable":true,"href":"https:\/\/aavesa.com\/hu\/wp-json\/wp\/v2\/product_tag?post=89384"}],"curies":[{"name":"wp","href":"https:\/\/api.w.org\/{rel}","templated":true}]}}