

{"id":89405,"date":"2024-07-26T16:17:57","date_gmt":"2024-07-26T16:17:57","guid":{"rendered":"https:\/\/new.aavesa.com\/produs\/noi-nyirokabat-232-p\/"},"modified":"2025-11-17T06:24:37","modified_gmt":"2025-11-17T06:24:37","slug":"noi-nyirokabat-232-p","status":"publish","type":"product","link":"https:\/\/aavesa.com\/hu\/product\/noi-nyirokabat-232-p\/","title":{"rendered":"N\u0151i ny\u00edr\u00f3kab\u00e1t 232 P"},"content":{"rendered":"<p>Ez a ny\u00edr\u00f3kab\u00e1t k\u00edv\u00fcl b\u00e1r\u00e1ny nappa b\u0151rb\u0151l k\u00e9sz\u00fclt, hogy j\u00f3l ellen\u00e1lljon a szennyez\u0151d\u00e9seknek \u00e9s a nedvess\u00e9gnek, a b\u0151r bels\u0151 r\u00e9sze pedig merin\u00f3 b\u00e1r\u00e1nypr\u00e9m, 8 mm vastags\u00e1g\u00fa, \u00edgy v\u00e9delmet ny\u00fajt a hideg id\u0151j\u00e1r\u00e1s ellen. A gall\u00e9r \u00e9s a mandzsetta v\u00e1gatlan b\u00e1r\u00e1nypr\u00e9mb\u0151l k\u00e9sz\u00fclt, amit\u0151l n\u0151ies megjelen\u00e9s\u0171 lesz ez a ruha, ak\u00e1r a mes\u00e9ben. A b\u00e1r\u00e1nyb\u0151r kab\u00e1t b\u00e1r\u00e1nynappa b\u0151r \u00f6vvel \u00e9s gombbal z\u00e1r\u00f3dik. Ezt a nat\u00far b\u00e1r\u00e1nyb\u0151r kab\u00e1tot a k\u00f6vetkez\u0151 sz\u00ednekben rendelheti meg: sz\u00fcrke, barna, b\u00e9zs, fekete \u00e9s sz\u00fcrke.<\/p>\n","protected":false},"excerpt":{"rendered":"<p>Ez a ny\u00edr\u00f3kab\u00e1t k\u00edv\u00fcl b\u00e1r\u00e1ny nappa b\u0151rb\u0151l k\u00e9sz\u00fclt, hogy j\u00f3l ellen\u00e1lljon a szennyez\u0151d\u00e9seknek \u00e9s a nedvess\u00e9gnek, a b\u0151r bels\u0151 r\u00e9sze pedig merin\u00f3 b\u00e1r\u00e1nypr\u00e9m, 8 mm vastags\u00e1g\u00fa, \u00edgy v\u00e9delmet ny\u00fajt a hideg id\u0151j\u00e1r\u00e1s ellen. A gall\u00e9r \u00e9s a mandzsetta v\u00e1gatlan b\u00e1r\u00e1nypr\u00e9mb\u0151l k\u00e9sz\u00fclt, amit\u0151l n\u0151ies megjelen\u00e9s\u0171 lesz ez a ruha, ak\u00e1r a mes\u00e9ben. A b\u00e1r\u00e1nyb\u0151r kab\u00e1t b\u00e1r\u00e1nynappa [&hellip;]<\/p>\n","protected":false},"featured_media":79752,"comment_status":"open","ping_status":"closed","template":"","meta":{"_acf_changed":false,"om_disable_all_campaigns":false,"inline_featured_image":false,"_monsterinsights_skip_tracking":false,"_monsterinsights_sitenote_active":false,"_monsterinsights_sitenote_note":"","_monsterinsights_sitenote_category":0},"product_brand":[],"product_cat":[779],"product_tag":[],"class_list":{"0":"post-89405","1":"product","2":"type-product","3":"status-publish","4":"has-post-thumbnail","6":"product_cat-noi-shearling-kabatok","8":"first","9":"outofstock","10":"taxable","11":"shipping-taxable","12":"product-type-variable","13":"has-default-attributes","14":"wvs-archive-product-wrapper"},"acf":{"categorie_feed":""},"aioseo_notices":[],"_links":{"self":[{"href":"https:\/\/aavesa.com\/hu\/wp-json\/wp\/v2\/product\/89405","targetHints":{"allow":["GET"]}}],"collection":[{"href":"https:\/\/aavesa.com\/hu\/wp-json\/wp\/v2\/product"}],"about":[{"href":"https:\/\/aavesa.com\/hu\/wp-json\/wp\/v2\/types\/product"}],"replies":[{"embeddable":true,"href":"https:\/\/aavesa.com\/hu\/wp-json\/wp\/v2\/comments?post=89405"}],"wp:featuredmedia":[{"embeddable":true,"href":"https:\/\/aavesa.com\/hu\/wp-json\/wp\/v2\/media\/79752"}],"wp:attachment":[{"href":"https:\/\/aavesa.com\/hu\/wp-json\/wp\/v2\/media?parent=89405"}],"wp:term":[{"taxonomy":"product_brand","embeddable":true,"href":"https:\/\/aavesa.com\/hu\/wp-json\/wp\/v2\/product_brand?post=89405"},{"taxonomy":"product_cat","embeddable":true,"href":"https:\/\/aavesa.com\/hu\/wp-json\/wp\/v2\/product_cat?post=89405"},{"taxonomy":"product_tag","embeddable":true,"href":"https:\/\/aavesa.com\/hu\/wp-json\/wp\/v2\/product_tag?post=89405"}],"curies":[{"name":"wp","href":"https:\/\/api.w.org\/{rel}","templated":true}]}}