

{"id":89418,"date":"2024-07-26T16:17:57","date_gmt":"2024-07-26T16:17:57","guid":{"rendered":"https:\/\/new.aavesa.com\/produs\/noi-nyirokabat-bundaval-232-v\/"},"modified":"2025-11-17T06:24:35","modified_gmt":"2025-11-17T06:24:35","slug":"noi-nyirokabat-bundaval-232-v","status":"publish","type":"product","link":"https:\/\/aavesa.com\/hu\/product\/noi-nyirokabat-bundaval-232-v\/","title":{"rendered":"N\u0151i ny\u00edr\u00f3kab\u00e1t bund\u00e1val 232 V"},"content":{"rendered":"<p>Ez a ny\u00edr\u00f3kab\u00e1t eleg\u00e1ns \u00e9s klasszikus, olyan n\u0151k sz\u00e1m\u00e1ra, akik j\u00f3l akarnak kin\u00e9zni \u00e9s j\u00f3l \u00e9rezni magukat. K\u00edv\u00fclr\u0151l ez a kab\u00e1t b\u00e1r\u00e1ny nappa b\u0151rb\u0151l k\u00e9sz\u00fclt, ellen\u00e1ll a nedvess\u00e9gnek \u00e9s a szennyez\u0151d\u00e9seknek. A belseje b\u00e1r\u00e1nyb\u0151r merin\u00f3 sz\u0151rme 8 mm-ig t\u00f6k\u00e9letesre v\u00e1gva. A gall\u00e9r \u00e9s a mandzsetta term\u00e9szetes pr\u00e9mes kab\u00e1t r\u00f3ka vagy mos\u00f3medve pr\u00e9mb\u0151l k\u00e9sz\u00fclt. A kab\u00e1t z\u00e1r\u00f3d\u00e1sa b\u00e1r\u00e1nynappa b\u0151r \u00f6vvel k\u00e9sz\u00fclt, \u00e9s a kab\u00e1t hossza lehet\u0151v\u00e9 teszi, hogy eleg\u00e1nsabb st\u00edlusban, p\u00e9ld\u00e1ul szokny\u00e1ban vagy ruh\u00e1ban viselje, an\u00e9lk\u00fcl, hogy f\u00e9lnie kellene a kinti id\u0151j\u00e1r\u00e1st\u00f3l.<br \/>\nA kab\u00e1t t\u00f6bb sz\u00ednben kaphat\u00f3: b\u00e9zs, sz\u00fcrke, barna \u00e9s fekete.<\/p>\n","protected":false},"excerpt":{"rendered":"<p>Ez a ny\u00edr\u00f3kab\u00e1t eleg\u00e1ns \u00e9s klasszikus, olyan n\u0151k sz\u00e1m\u00e1ra, akik j\u00f3l akarnak kin\u00e9zni \u00e9s j\u00f3l \u00e9rezni magukat. K\u00edv\u00fclr\u0151l ez a kab\u00e1t b\u00e1r\u00e1ny nappa b\u0151rb\u0151l k\u00e9sz\u00fclt, ellen\u00e1ll a nedvess\u00e9gnek \u00e9s a szennyez\u0151d\u00e9seknek. A belseje b\u00e1r\u00e1nyb\u0151r merin\u00f3 sz\u0151rme 8 mm-ig t\u00f6k\u00e9letesre v\u00e1gva. A gall\u00e9r \u00e9s a mandzsetta term\u00e9szetes pr\u00e9mes kab\u00e1t r\u00f3ka vagy mos\u00f3medve pr\u00e9mb\u0151l k\u00e9sz\u00fclt. A kab\u00e1t [&hellip;]<\/p>\n","protected":false},"featured_media":79824,"comment_status":"open","ping_status":"closed","template":"","meta":{"_acf_changed":false,"om_disable_all_campaigns":false,"inline_featured_image":false,"_monsterinsights_skip_tracking":false,"_monsterinsights_sitenote_active":false,"_monsterinsights_sitenote_note":"","_monsterinsights_sitenote_category":0},"product_brand":[],"product_cat":[766,779,765],"product_tag":[],"class_list":{"0":"post-89418","1":"product","2":"type-product","3":"status-publish","4":"has-post-thumbnail","6":"product_cat-bundas-kabatok-es-bundas-dzsekik-noknek","7":"product_cat-noi-shearling-kabatok","8":"product_cat-roka-szorme","10":"first","11":"outofstock","12":"taxable","13":"shipping-taxable","14":"product-type-variable","15":"has-default-attributes","16":"wvs-archive-product-wrapper"},"acf":{"categorie_feed":""},"aioseo_notices":[],"_links":{"self":[{"href":"https:\/\/aavesa.com\/hu\/wp-json\/wp\/v2\/product\/89418","targetHints":{"allow":["GET"]}}],"collection":[{"href":"https:\/\/aavesa.com\/hu\/wp-json\/wp\/v2\/product"}],"about":[{"href":"https:\/\/aavesa.com\/hu\/wp-json\/wp\/v2\/types\/product"}],"replies":[{"embeddable":true,"href":"https:\/\/aavesa.com\/hu\/wp-json\/wp\/v2\/comments?post=89418"}],"wp:featuredmedia":[{"embeddable":true,"href":"https:\/\/aavesa.com\/hu\/wp-json\/wp\/v2\/media\/79824"}],"wp:attachment":[{"href":"https:\/\/aavesa.com\/hu\/wp-json\/wp\/v2\/media?parent=89418"}],"wp:term":[{"taxonomy":"product_brand","embeddable":true,"href":"https:\/\/aavesa.com\/hu\/wp-json\/wp\/v2\/product_brand?post=89418"},{"taxonomy":"product_cat","embeddable":true,"href":"https:\/\/aavesa.com\/hu\/wp-json\/wp\/v2\/product_cat?post=89418"},{"taxonomy":"product_tag","embeddable":true,"href":"https:\/\/aavesa.com\/hu\/wp-json\/wp\/v2\/product_tag?post=89418"}],"curies":[{"name":"wp","href":"https:\/\/api.w.org\/{rel}","templated":true}]}}