

{"id":89429,"date":"2024-07-26T16:17:57","date_gmt":"2024-07-26T16:17:57","guid":{"rendered":"https:\/\/new.aavesa.com\/produs\/noi-bunda-235\/"},"modified":"2025-11-17T06:24:30","modified_gmt":"2025-11-17T06:24:30","slug":"noi-bunda-235","status":"publish","type":"product","link":"https:\/\/aavesa.com\/hu\/product\/noi-bunda-235\/","title":{"rendered":"N\u0151i bunda 235"},"content":{"rendered":"<p>Aszimmetrikus \u00e9s modern kialak\u00edt\u00e1s\u00fa bunda, a t\u00f6k\u00e9letes megjelen\u00e9s\u00e9rt minden nap.<br \/>\nEz a ruhadarab nem hi\u00e1nyozhat a szekr\u00e9nyedb\u0151l. B\u00e1r\u00e1ny nappa b\u0151rb\u0151l k\u00e9sz\u00fclt, k\u00fclseje ellen\u00e1ll a nedvess\u00e9gnek \u00e9s a szennyez\u0151d\u00e9seknek, bel\u00fcl pedig b\u00e1r\u00e1nyb\u0151r merin\u00f3, amely k\u00e9nyelmet biztos\u00edt a hideg id\u0151ben. A belsej\u00e9ben l\u00e9v\u0151 merin\u00f3i b\u00e1r\u00e1nyb\u0151r 8 mm vastags\u00e1g\u00fara van ny\u00edrva. A mandzsetta \u00e9s a gall\u00e9r v\u00e1gatlan b\u00e1r\u00e1nypr\u00e9mb\u0151l k\u00e9sz\u00fclt. A z\u00e1r\u00f3rendszer a gall\u00e9r alj\u00e1n, a jobb oldalon elhelyezett gombbal t\u00f6rt\u00e9nik. A ruh\u00e1k k\u00e9t sz\u00ednben kaphat\u00f3k: sz\u00fcrke \u00e9s b\u00e9zs, k\u00f6nnyen illeszkedik b\u00e1rmilyen ruh\u00e1hoz.<\/p>\n","protected":false},"excerpt":{"rendered":"<p>Aszimmetrikus \u00e9s modern kialak\u00edt\u00e1s\u00fa bunda, a t\u00f6k\u00e9letes megjelen\u00e9s\u00e9rt minden nap. Ez a ruhadarab nem hi\u00e1nyozhat a szekr\u00e9nyedb\u0151l. B\u00e1r\u00e1ny nappa b\u0151rb\u0151l k\u00e9sz\u00fclt, k\u00fclseje ellen\u00e1ll a nedvess\u00e9gnek \u00e9s a szennyez\u0151d\u00e9seknek, bel\u00fcl pedig b\u00e1r\u00e1nyb\u0151r merin\u00f3, amely k\u00e9nyelmet biztos\u00edt a hideg id\u0151ben. A belsej\u00e9ben l\u00e9v\u0151 merin\u00f3i b\u00e1r\u00e1nyb\u0151r 8 mm vastags\u00e1g\u00fara van ny\u00edrva. A mandzsetta \u00e9s a gall\u00e9r v\u00e1gatlan b\u00e1r\u00e1nypr\u00e9mb\u0151l [&hellip;]<\/p>\n","protected":false},"featured_media":79877,"comment_status":"open","ping_status":"closed","template":"","meta":{"_acf_changed":false,"om_disable_all_campaigns":false,"inline_featured_image":false,"_monsterinsights_skip_tracking":false,"_monsterinsights_sitenote_active":false,"_monsterinsights_sitenote_note":"","_monsterinsights_sitenote_category":0},"product_brand":[],"product_cat":[779],"product_tag":[],"class_list":{"0":"post-89429","1":"product","2":"type-product","3":"status-publish","4":"has-post-thumbnail","6":"product_cat-noi-shearling-kabatok","8":"first","9":"outofstock","10":"taxable","11":"shipping-taxable","12":"product-type-variable","13":"has-default-attributes","14":"wvs-archive-product-wrapper"},"acf":{"categorie_feed":""},"aioseo_notices":[],"_links":{"self":[{"href":"https:\/\/aavesa.com\/hu\/wp-json\/wp\/v2\/product\/89429","targetHints":{"allow":["GET"]}}],"collection":[{"href":"https:\/\/aavesa.com\/hu\/wp-json\/wp\/v2\/product"}],"about":[{"href":"https:\/\/aavesa.com\/hu\/wp-json\/wp\/v2\/types\/product"}],"replies":[{"embeddable":true,"href":"https:\/\/aavesa.com\/hu\/wp-json\/wp\/v2\/comments?post=89429"}],"wp:featuredmedia":[{"embeddable":true,"href":"https:\/\/aavesa.com\/hu\/wp-json\/wp\/v2\/media\/79877"}],"wp:attachment":[{"href":"https:\/\/aavesa.com\/hu\/wp-json\/wp\/v2\/media?parent=89429"}],"wp:term":[{"taxonomy":"product_brand","embeddable":true,"href":"https:\/\/aavesa.com\/hu\/wp-json\/wp\/v2\/product_brand?post=89429"},{"taxonomy":"product_cat","embeddable":true,"href":"https:\/\/aavesa.com\/hu\/wp-json\/wp\/v2\/product_cat?post=89429"},{"taxonomy":"product_tag","embeddable":true,"href":"https:\/\/aavesa.com\/hu\/wp-json\/wp\/v2\/product_tag?post=89429"}],"curies":[{"name":"wp","href":"https:\/\/api.w.org\/{rel}","templated":true}]}}