

{"id":89438,"date":"2024-07-26T16:17:57","date_gmt":"2024-07-26T16:17:57","guid":{"rendered":"https:\/\/new.aavesa.com\/produs\/noi-bunda-236\/"},"modified":"2026-04-10T15:04:36","modified_gmt":"2026-04-10T17:04:36","slug":"noi-bunda-236","status":"publish","type":"product","link":"https:\/\/aavesa.com\/hu\/product\/noi-bunda-236\/","title":{"rendered":"N\u0151i bunda 236"},"content":{"rendered":"<p>N\u0151i sz\u0151rmekab\u00e1t b\u00e1r\u00e1ny merin\u00f3b\u00f3l, eleg\u00e1ns alkalmi \u00f6lt\u00f6zk\u00f6d\u00e9shez.<br \/>\nEz a kab\u00e1t b\u00e1r\u00e1ny nappa b\u0151rb\u0151l k\u00e9sz\u00fclt, amely ellen\u00e1ll a nedvess\u00e9gnek \u00e9s a szennyez\u0151d\u00e9seknek, bel\u00fcl pedig 8 mm vastags\u00e1g\u00fara ny\u00edrt b\u00e1r\u00e1nysz\u0151rme. A kab\u00e1t gall\u00e9rja b\u00e1r\u00e1nypr\u00e9mb\u0151l k\u00e9sz\u00fclt, szeg\u00e9lyezett, \u00e9s hasznos r\u00e9szlete a gall\u00e9r z\u00e1r\u00e1s\u00e1ra haszn\u00e1lhat\u00f3 csattal. A kab\u00e1t cipz\u00e1rral z\u00e1rhat\u00f3, a kab\u00e1t alj\u00e1n k\u00e9t kapocs tal\u00e1lhat\u00f3. A kab\u00e1t zsebei cipz\u00e1rral z\u00e1r\u00f3dnak. A mandzsett\u00e1k r\u00e9szletei, kapcsok, az alkalmi \u00e9s modern st\u00edlushoz.<br \/>\nA kab\u00e1t h\u00e1rom sz\u00ednben v\u00e1s\u00e1rolhat\u00f3 meg: sz\u00fcrke, vil\u00e1gosbarna vagy fekete. Ez a der\u00e9kkab\u00e1t t\u00f6k\u00e9letes v\u00e1laszt\u00e1s a h\u00e9t b\u00e1rmely napj\u00e1ra.<\/p>\n","protected":false},"excerpt":{"rendered":"<p>N\u0151i sz\u0151rmekab\u00e1t b\u00e1r\u00e1ny merin\u00f3b\u00f3l, eleg\u00e1ns alkalmi \u00f6lt\u00f6zk\u00f6d\u00e9shez. Ez a kab\u00e1t b\u00e1r\u00e1ny nappa b\u0151rb\u0151l k\u00e9sz\u00fclt, amely ellen\u00e1ll a nedvess\u00e9gnek \u00e9s a szennyez\u0151d\u00e9seknek, bel\u00fcl pedig 8 mm vastags\u00e1g\u00fara ny\u00edrt b\u00e1r\u00e1nysz\u0151rme. A kab\u00e1t gall\u00e9rja b\u00e1r\u00e1nypr\u00e9mb\u0151l k\u00e9sz\u00fclt, szeg\u00e9lyezett, \u00e9s hasznos r\u00e9szlete a gall\u00e9r z\u00e1r\u00e1s\u00e1ra haszn\u00e1lhat\u00f3 csattal. A kab\u00e1t cipz\u00e1rral z\u00e1rhat\u00f3, a kab\u00e1t alj\u00e1n k\u00e9t kapocs tal\u00e1lhat\u00f3. A kab\u00e1t zsebei [&hellip;]<\/p>\n","protected":false},"featured_media":79926,"comment_status":"open","ping_status":"closed","template":"","meta":{"_acf_changed":false,"om_disable_all_campaigns":false,"inline_featured_image":false,"_monsterinsights_skip_tracking":false,"_monsterinsights_sitenote_active":false,"_monsterinsights_sitenote_note":"","_monsterinsights_sitenote_category":0},"product_brand":[],"product_cat":[952,773],"product_tag":[],"class_list":{"0":"post-89438","1":"product","2":"type-product","3":"status-publish","4":"has-post-thumbnail","6":"product_cat-ferfi-es-noi-pehelypaplan-dzsekik-a-luxus-es-a-melegseg-vegso-kevereke","7":"product_cat-noi-shearling-dzsekik","9":"first","10":"outofstock","11":"taxable","12":"shipping-taxable","13":"product-type-variable","14":"has-default-attributes","15":"wvs-archive-product-wrapper"},"acf":{"categorie_feed":""},"aioseo_notices":[],"_links":{"self":[{"href":"https:\/\/aavesa.com\/hu\/wp-json\/wp\/v2\/product\/89438","targetHints":{"allow":["GET"]}}],"collection":[{"href":"https:\/\/aavesa.com\/hu\/wp-json\/wp\/v2\/product"}],"about":[{"href":"https:\/\/aavesa.com\/hu\/wp-json\/wp\/v2\/types\/product"}],"replies":[{"embeddable":true,"href":"https:\/\/aavesa.com\/hu\/wp-json\/wp\/v2\/comments?post=89438"}],"wp:featuredmedia":[{"embeddable":true,"href":"https:\/\/aavesa.com\/hu\/wp-json\/wp\/v2\/media\/79926"}],"wp:attachment":[{"href":"https:\/\/aavesa.com\/hu\/wp-json\/wp\/v2\/media?parent=89438"}],"wp:term":[{"taxonomy":"product_brand","embeddable":true,"href":"https:\/\/aavesa.com\/hu\/wp-json\/wp\/v2\/product_brand?post=89438"},{"taxonomy":"product_cat","embeddable":true,"href":"https:\/\/aavesa.com\/hu\/wp-json\/wp\/v2\/product_cat?post=89438"},{"taxonomy":"product_tag","embeddable":true,"href":"https:\/\/aavesa.com\/hu\/wp-json\/wp\/v2\/product_tag?post=89438"}],"curies":[{"name":"wp","href":"https:\/\/api.w.org\/{rel}","templated":true}]}}