

{"id":89442,"date":"2024-07-26T16:17:57","date_gmt":"2024-07-26T16:17:57","guid":{"rendered":"https:\/\/new.aavesa.com\/produs\/noi-bunda-236-r\/"},"modified":"2025-11-17T06:24:27","modified_gmt":"2025-11-17T06:24:27","slug":"noi-bunda-236-r","status":"publish","type":"product","link":"https:\/\/aavesa.com\/hu\/product\/noi-bunda-236-r\/","title":{"rendered":"N\u0151i bunda 236 R"},"content":{"rendered":"<h2>N\u0151i pr\u00e9mes kab\u00e1t, sokoldal\u00fa \u00e9s b\u00e1rmilyen st\u00edlushoz t\u00f6k\u00e9letes.<\/h2>\n<p>Ez a kab\u00e1t b\u00e1r\u00e1ny nappa b\u0151rb\u0151l k\u00e9sz\u00fclt, amely ellen\u00e1ll a nedvess\u00e9gnek \u00e9s a szennyez\u0151d\u00e9snek, a bels\u0151 r\u00e9sz pedig 8 mm vastags\u00e1g\u00fara v\u00e1gott b\u00e1r\u00e1nyb\u0151rb\u0151l k\u00e9sz\u00fclt. A mos\u00f3medve sz\u0151rme gall\u00e9rral nagyon n\u0151ies r\u00e9szlet j\u00f6n l\u00e9tre, nagyon gazdag t\u00e9rfogatban. A kab\u00e1t cipz\u00e1rral z\u00e1r\u00f3dik, \u00e9s k\u00e9t kapcsos az alapja. Z\u00e1rhat\u00f3 cipz\u00e1ras kab\u00e1t zsebek. A mandzsett\u00e1k olyanok voltak, mint a r\u00e9szletek alapdarabjai a h\u00e9tk\u00f6znapi \u00e9s modern st\u00edlushoz.<br \/>\nEz a kab\u00e1t k\u00e9t sz\u00ednben v\u00e1s\u00e1rolhat\u00f3 meg: vil\u00e1gosbarna vagy fekete. Ez a der\u00e9kig \u00e9r\u0151 kab\u00e1t mindennapi haszn\u00e1latra alkalmas.<\/p>\n","protected":false},"excerpt":{"rendered":"<p>N\u0151i pr\u00e9mes kab\u00e1t, sokoldal\u00fa \u00e9s b\u00e1rmilyen st\u00edlushoz t\u00f6k\u00e9letes. Ez a kab\u00e1t b\u00e1r\u00e1ny nappa b\u0151rb\u0151l k\u00e9sz\u00fclt, amely ellen\u00e1ll a nedvess\u00e9gnek \u00e9s a szennyez\u0151d\u00e9snek, a bels\u0151 r\u00e9sz pedig 8 mm vastags\u00e1g\u00fara v\u00e1gott b\u00e1r\u00e1nyb\u0151rb\u0151l k\u00e9sz\u00fclt. A mos\u00f3medve sz\u0151rme gall\u00e9rral nagyon n\u0151ies r\u00e9szlet j\u00f6n l\u00e9tre, nagyon gazdag t\u00e9rfogatban. A kab\u00e1t cipz\u00e1rral z\u00e1r\u00f3dik, \u00e9s k\u00e9t kapcsos az alapja. Z\u00e1rhat\u00f3 cipz\u00e1ras [&hellip;]<\/p>\n","protected":false},"featured_media":79942,"comment_status":"open","ping_status":"closed","template":"","meta":{"_acf_changed":false,"om_disable_all_campaigns":false,"inline_featured_image":false,"_monsterinsights_skip_tracking":false,"_monsterinsights_sitenote_active":false,"_monsterinsights_sitenote_note":"","_monsterinsights_sitenote_category":0},"product_brand":[],"product_cat":[766],"product_tag":[],"class_list":{"0":"post-89442","1":"product","2":"type-product","3":"status-publish","4":"has-post-thumbnail","6":"product_cat-bundas-kabatok-es-bundas-dzsekik-noknek","8":"first","9":"outofstock","10":"taxable","11":"shipping-taxable","12":"product-type-variable","13":"has-default-attributes","14":"wvs-archive-product-wrapper"},"acf":{"categorie_feed":""},"aioseo_notices":[],"_links":{"self":[{"href":"https:\/\/aavesa.com\/hu\/wp-json\/wp\/v2\/product\/89442","targetHints":{"allow":["GET"]}}],"collection":[{"href":"https:\/\/aavesa.com\/hu\/wp-json\/wp\/v2\/product"}],"about":[{"href":"https:\/\/aavesa.com\/hu\/wp-json\/wp\/v2\/types\/product"}],"replies":[{"embeddable":true,"href":"https:\/\/aavesa.com\/hu\/wp-json\/wp\/v2\/comments?post=89442"}],"wp:featuredmedia":[{"embeddable":true,"href":"https:\/\/aavesa.com\/hu\/wp-json\/wp\/v2\/media\/79942"}],"wp:attachment":[{"href":"https:\/\/aavesa.com\/hu\/wp-json\/wp\/v2\/media?parent=89442"}],"wp:term":[{"taxonomy":"product_brand","embeddable":true,"href":"https:\/\/aavesa.com\/hu\/wp-json\/wp\/v2\/product_brand?post=89442"},{"taxonomy":"product_cat","embeddable":true,"href":"https:\/\/aavesa.com\/hu\/wp-json\/wp\/v2\/product_cat?post=89442"},{"taxonomy":"product_tag","embeddable":true,"href":"https:\/\/aavesa.com\/hu\/wp-json\/wp\/v2\/product_tag?post=89442"}],"curies":[{"name":"wp","href":"https:\/\/api.w.org\/{rel}","templated":true}]}}