

{"id":89448,"date":"2024-07-26T16:17:57","date_gmt":"2024-07-26T16:17:57","guid":{"rendered":"https:\/\/new.aavesa.com\/produs\/noi-baranybor-kabat-241\/"},"modified":"2025-11-17T06:24:30","modified_gmt":"2025-11-17T06:24:30","slug":"noi-baranybor-kabat-241","status":"publish","type":"product","link":"https:\/\/aavesa.com\/hu\/product\/noi-baranybor-kabat-241\/","title":{"rendered":"N\u0151i b\u00e1r\u00e1nyb\u0151r kab\u00e1t 241"},"content":{"rendered":"<p>K\u00e9zzel k\u00e9sz\u00edtett, term\u00e9szetes b\u00e1r\u00e1nyb\u0151r bunda, az A &amp; A Vesa kollekci\u00f3b\u00f3l, n\u0151knek.<br \/>\nA k\u00fclseje b\u00e1r\u00e1ny nappa b\u0151rb\u0151l k\u00e9sz\u00fclt, amely ellen\u00e1ll a szennyez\u0151d\u00e9snek \u00e9s a nedvess\u00e9gnek.A nappa b\u0151r belseje merin\u00f3 sz\u0151rme, amely t\u00f6k\u00e9letesen 8 mm vastags\u00e1g\u00fara van ny\u00edrva. A sz\u00e9les gall\u00e9r\u00fa kab\u00e1t \u00e9s a mandzsetta merin\u00f3 b\u00e1r\u00e1nypr\u00e9mb\u0151l k\u00e9sz\u00fclt, szegett. Ennek a term\u00e9szetes sz\u0151rmebund\u00e1nak a z\u00e1r\u00f3rendszere v\u00e1logatott gombokkal \u00e9s b\u00e1r\u00e1ny-nappab\u0151rb\u0151l k\u00e9sz\u00fclt \u00f6vvel k\u00e9sz\u00fclt.<br \/>\nEnnek a ruhadarabnak a rendelkez\u00e9sre \u00e1ll\u00f3 sz\u00ednei sz\u00fcrke vagy fekete, \u00edgy k\u00f6nnyen beleolvadhat az \u00f6lt\u00f6z\u00e9k\u00e9be.<\/p>\n","protected":false},"excerpt":{"rendered":"<p>K\u00e9zzel k\u00e9sz\u00edtett, term\u00e9szetes b\u00e1r\u00e1nyb\u0151r bunda, az A &amp; A Vesa kollekci\u00f3b\u00f3l, n\u0151knek. A k\u00fclseje b\u00e1r\u00e1ny nappa b\u0151rb\u0151l k\u00e9sz\u00fclt, amely ellen\u00e1ll a szennyez\u0151d\u00e9snek \u00e9s a nedvess\u00e9gnek.A nappa b\u0151r belseje merin\u00f3 sz\u0151rme, amely t\u00f6k\u00e9letesen 8 mm vastags\u00e1g\u00fara van ny\u00edrva. A sz\u00e9les gall\u00e9r\u00fa kab\u00e1t \u00e9s a mandzsetta merin\u00f3 b\u00e1r\u00e1nypr\u00e9mb\u0151l k\u00e9sz\u00fclt, szegett. Ennek a term\u00e9szetes sz\u0151rmebund\u00e1nak a z\u00e1r\u00f3rendszere v\u00e1logatott [&hellip;]<\/p>\n","protected":false},"featured_media":79969,"comment_status":"open","ping_status":"closed","template":"","meta":{"_acf_changed":false,"om_disable_all_campaigns":false,"inline_featured_image":false,"_monsterinsights_skip_tracking":false,"_monsterinsights_sitenote_active":false,"_monsterinsights_sitenote_note":"","_monsterinsights_sitenote_category":0},"product_brand":[],"product_cat":[779],"product_tag":[],"class_list":{"0":"post-89448","1":"product","2":"type-product","3":"status-publish","4":"has-post-thumbnail","6":"product_cat-noi-shearling-kabatok","8":"first","9":"outofstock","10":"taxable","11":"shipping-taxable","12":"product-type-variable","13":"has-default-attributes","14":"wvs-archive-product-wrapper"},"acf":{"categorie_feed":""},"aioseo_notices":[],"_links":{"self":[{"href":"https:\/\/aavesa.com\/hu\/wp-json\/wp\/v2\/product\/89448","targetHints":{"allow":["GET"]}}],"collection":[{"href":"https:\/\/aavesa.com\/hu\/wp-json\/wp\/v2\/product"}],"about":[{"href":"https:\/\/aavesa.com\/hu\/wp-json\/wp\/v2\/types\/product"}],"replies":[{"embeddable":true,"href":"https:\/\/aavesa.com\/hu\/wp-json\/wp\/v2\/comments?post=89448"}],"wp:featuredmedia":[{"embeddable":true,"href":"https:\/\/aavesa.com\/hu\/wp-json\/wp\/v2\/media\/79969"}],"wp:attachment":[{"href":"https:\/\/aavesa.com\/hu\/wp-json\/wp\/v2\/media?parent=89448"}],"wp:term":[{"taxonomy":"product_brand","embeddable":true,"href":"https:\/\/aavesa.com\/hu\/wp-json\/wp\/v2\/product_brand?post=89448"},{"taxonomy":"product_cat","embeddable":true,"href":"https:\/\/aavesa.com\/hu\/wp-json\/wp\/v2\/product_cat?post=89448"},{"taxonomy":"product_tag","embeddable":true,"href":"https:\/\/aavesa.com\/hu\/wp-json\/wp\/v2\/product_tag?post=89448"}],"curies":[{"name":"wp","href":"https:\/\/api.w.org\/{rel}","templated":true}]}}