

{"id":89463,"date":"2024-07-26T16:36:11","date_gmt":"2024-07-26T16:36:11","guid":{"rendered":"https:\/\/new.aavesa.com\/produs\/python-borkabat-3031-elorendeles\/"},"modified":"2026-03-24T17:26:43","modified_gmt":"2026-03-24T15:26:43","slug":"python-borkabat-3031-elorendeles","status":"publish","type":"product","link":"https:\/\/aavesa.com\/hu\/product\/python-borkabat-3031-elorendeles\/","title":{"rendered":"Python b\u0151rdzseki 3031"},"content":{"rendered":"<p>Ezzel a val\u00f3di python b\u0151rkab\u00e1ttal biztosan magadra vonod a figyelmet b\u00e1rmilyen k\u00f6r\u00fclm\u00e9nyek k\u00f6z\u00f6tt. Ez a kiv\u00e9teles darab egyedi diz\u00e1jnj\u00e1val \u00e9s magas min\u0151s\u00e9g\u0171 term\u00e9szetes anyagaival t\u0171nik ki. Cipz\u00e1ras z\u00e1r\u00f3d\u00e1s\u00e1val \u00e9s k\u00e9t cipz\u00e1ras zseb\u00e9vel ez a val\u00f3di b\u0151rb\u0151l k\u00e9sz\u00fclt kab\u00e1t egyszerre k\u00edn\u00e1l funkcionalit\u00e1st \u00e9s extra eleganci\u00e1t. V\u00e1lassza ezt a kab\u00e1tot, hogy gazdag\u00edtsa ruhat\u00e1r\u00e1t \u00e9s st\u00edlus\u00e1t, \u00e9s kiemelkedjen a t\u00f6megb\u0151l. A k\u00e9k \u00e1rnyalat karaktert ad a darabnak, \u00e9s teljess\u00e9 teszi a mer\u00e9sz \u00e9s modern megjelen\u00e9st. A modell\u00fcnk 188 cm magas, 48-as m\u00e9retet visel, a term\u00e9k hossza pedig 67 cm.<\/p>\n","protected":false},"excerpt":{"rendered":"<p>Ezzel a val\u00f3di python b\u0151rkab\u00e1ttal biztosan magadra vonod a figyelmet b\u00e1rmilyen k\u00f6r\u00fclm\u00e9nyek k\u00f6z\u00f6tt. Ez a kiv\u00e9teles darab egyedi diz\u00e1jnj\u00e1val \u00e9s magas min\u0151s\u00e9g\u0171 term\u00e9szetes anyagaival t\u0171nik ki. Cipz\u00e1ras z\u00e1r\u00f3d\u00e1s\u00e1val \u00e9s k\u00e9t cipz\u00e1ras zseb\u00e9vel ez a val\u00f3di b\u0151rb\u0151l k\u00e9sz\u00fclt kab\u00e1t egyszerre k\u00edn\u00e1l funkcionalit\u00e1st \u00e9s extra eleganci\u00e1t. V\u00e1lassza ezt a kab\u00e1tot, hogy gazdag\u00edtsa ruhat\u00e1r\u00e1t \u00e9s st\u00edlus\u00e1t, \u00e9s kiemelkedjen [&hellip;]<\/p>\n","protected":false},"featured_media":89464,"comment_status":"closed","ping_status":"closed","template":"","meta":{"_acf_changed":false,"om_disable_all_campaigns":false,"inline_featured_image":false,"_monsterinsights_skip_tracking":false,"_monsterinsights_sitenote_active":false,"_monsterinsights_sitenote_note":"","_monsterinsights_sitenote_category":0},"product_brand":[],"product_cat":[727,762,916],"product_tag":[],"class_list":{"0":"post-89463","1":"product","2":"type-product","3":"status-publish","4":"has-post-thumbnail","6":"product_cat-2023-2024-kollekcio","7":"product_cat-borkabatok-ferfiaknak","8":"product_cat-valodi-bor-termekek-tavaszra-es-oszre-kabatok-nadragok-kabatok-szoknyak-es-loveszkabatok-kabatok-nadragok-kabatok-szoknyak-es-loveszkabatok","10":"first","11":"instock","12":"taxable","13":"shipping-taxable","14":"purchasable","15":"product-type-variable","16":"has-default-attributes","17":"wvs-archive-product-wrapper"},"acf":{"categorie_feed":""},"aioseo_notices":[],"_links":{"self":[{"href":"https:\/\/aavesa.com\/hu\/wp-json\/wp\/v2\/product\/89463","targetHints":{"allow":["GET"]}}],"collection":[{"href":"https:\/\/aavesa.com\/hu\/wp-json\/wp\/v2\/product"}],"about":[{"href":"https:\/\/aavesa.com\/hu\/wp-json\/wp\/v2\/types\/product"}],"replies":[{"embeddable":true,"href":"https:\/\/aavesa.com\/hu\/wp-json\/wp\/v2\/comments?post=89463"}],"wp:featuredmedia":[{"embeddable":true,"href":"https:\/\/aavesa.com\/hu\/wp-json\/wp\/v2\/media\/89464"}],"wp:attachment":[{"href":"https:\/\/aavesa.com\/hu\/wp-json\/wp\/v2\/media?parent=89463"}],"wp:term":[{"taxonomy":"product_brand","embeddable":true,"href":"https:\/\/aavesa.com\/hu\/wp-json\/wp\/v2\/product_brand?post=89463"},{"taxonomy":"product_cat","embeddable":true,"href":"https:\/\/aavesa.com\/hu\/wp-json\/wp\/v2\/product_cat?post=89463"},{"taxonomy":"product_tag","embeddable":true,"href":"https:\/\/aavesa.com\/hu\/wp-json\/wp\/v2\/product_tag?post=89463"}],"curies":[{"name":"wp","href":"https:\/\/api.w.org\/{rel}","templated":true}]}}