

{"id":89473,"date":"2024-07-26T16:35:08","date_gmt":"2024-07-26T16:35:08","guid":{"rendered":"https:\/\/new.aavesa.com\/produs\/megfordithato-merino-szorme-kopeny-476\/"},"modified":"2025-11-17T06:34:21","modified_gmt":"2025-11-17T06:34:21","slug":"megfordithato-merino-szorme-kopeny-476","status":"publish","type":"product","link":"https:\/\/aavesa.com\/hu\/product\/megfordithato-merino-szorme-kopeny-476\/","title":{"rendered":"Megford\u00edthat\u00f3 merin\u00f3 sz\u0151rme k\u00f6peny 476"},"content":{"rendered":"<p>Fedezze fel a sokoldal\u00fas\u00e1got \u00e9s a kifinomults\u00e1got ebben a megford\u00edthat\u00f3 term\u00e9szetes sz\u0151rme k\u00f6penyben. A megford\u00edthat\u00f3 kialak\u00edt\u00e1snak k\u00f6sz\u00f6nhet\u0151en k\u00f6nnyed\u00e9n v\u00e1laszthatsz a k\u00f6peny k\u00e9t oldala k\u00f6z\u00f6tt, \u00edgy ezt a darabot minden \u00f6lt\u00f6z\u00e9khez illesztheted. A kialak\u00edt\u00e1s lehet\u0151v\u00e9 teszi a rugalmas mozg\u00e1st, \u00e9s k\u00e9zny\u00edl\u00e1sokat is tartalmaz. A b\u00e1r\u00e1nysz\u0151rme melegs\u00e9ge \u00e9s az anyag kellemes text\u00far\u00e1ja m\u00e9g a leghidegebb t\u00e9li napokon is k\u00e9nyelembe burkolja \u00d6nt. \u00c9lvezze a term\u00e9szetes anyagok kiv\u00e1l\u00f3 min\u0151s\u00e9g\u00e9t, a r\u00e9szletekre val\u00f3 odafigyel\u00e9st \u00e9s a sokoldal\u00fas\u00e1got, amelyet ez a k\u00f6peny a ruhat\u00e1r\u00e1ba hoz. A k\u00f6peny fekete \u00e9s konyak sz\u00ednben kaphat\u00f3. Modell\u00fcnk 175 cm magas, 36-os m\u00e9retet visel, a term\u00e9k hossza 80 cm.      <\/p>\n","protected":false},"excerpt":{"rendered":"<p>Fedezze fel a sokoldal\u00fas\u00e1got \u00e9s a kifinomults\u00e1got ebben a megford\u00edthat\u00f3 term\u00e9szetes sz\u0151rme k\u00f6penyben. A megford\u00edthat\u00f3 kialak\u00edt\u00e1snak k\u00f6sz\u00f6nhet\u0151en k\u00f6nnyed\u00e9n v\u00e1laszthatsz a k\u00f6peny k\u00e9t oldala k\u00f6z\u00f6tt, \u00edgy ezt a darabot minden \u00f6lt\u00f6z\u00e9khez illesztheted. A kialak\u00edt\u00e1s lehet\u0151v\u00e9 teszi a rugalmas mozg\u00e1st, \u00e9s k\u00e9zny\u00edl\u00e1sokat is tartalmaz. A b\u00e1r\u00e1nysz\u0151rme melegs\u00e9ge \u00e9s az anyag kellemes text\u00far\u00e1ja m\u00e9g a leghidegebb t\u00e9li napokon [&hellip;]<\/p>\n","protected":false},"featured_media":89474,"comment_status":"closed","ping_status":"closed","template":"","meta":{"_acf_changed":false,"om_disable_all_campaigns":false,"inline_featured_image":false,"_monsterinsights_skip_tracking":false,"_monsterinsights_sitenote_active":false,"_monsterinsights_sitenote_note":"","_monsterinsights_sitenote_category":0},"product_brand":[],"product_cat":[727,792],"product_tag":[],"class_list":{"0":"post-89473","1":"product","2":"type-product","3":"status-publish","4":"has-post-thumbnail","6":"product_cat-2023-2024-kollekcio","7":"product_cat-bundas-salak-es-bundas-kopenyek","9":"first","10":"instock","11":"taxable","12":"shipping-taxable","13":"purchasable","14":"product-type-variable","15":"has-default-attributes","16":"wvs-archive-product-wrapper"},"acf":{"categorie_feed":""},"aioseo_notices":[],"_links":{"self":[{"href":"https:\/\/aavesa.com\/hu\/wp-json\/wp\/v2\/product\/89473","targetHints":{"allow":["GET"]}}],"collection":[{"href":"https:\/\/aavesa.com\/hu\/wp-json\/wp\/v2\/product"}],"about":[{"href":"https:\/\/aavesa.com\/hu\/wp-json\/wp\/v2\/types\/product"}],"replies":[{"embeddable":true,"href":"https:\/\/aavesa.com\/hu\/wp-json\/wp\/v2\/comments?post=89473"}],"wp:featuredmedia":[{"embeddable":true,"href":"https:\/\/aavesa.com\/hu\/wp-json\/wp\/v2\/media\/89474"}],"wp:attachment":[{"href":"https:\/\/aavesa.com\/hu\/wp-json\/wp\/v2\/media?parent=89473"}],"wp:term":[{"taxonomy":"product_brand","embeddable":true,"href":"https:\/\/aavesa.com\/hu\/wp-json\/wp\/v2\/product_brand?post=89473"},{"taxonomy":"product_cat","embeddable":true,"href":"https:\/\/aavesa.com\/hu\/wp-json\/wp\/v2\/product_cat?post=89473"},{"taxonomy":"product_tag","embeddable":true,"href":"https:\/\/aavesa.com\/hu\/wp-json\/wp\/v2\/product_tag?post=89473"}],"curies":[{"name":"wp","href":"https:\/\/api.w.org\/{rel}","templated":true}]}}