

{"id":89488,"date":"2024-07-26T16:35:08","date_gmt":"2024-07-26T16:35:08","guid":{"rendered":"https:\/\/new.aavesa.com\/produs\/mink-szorme-kabat-hm035\/"},"modified":"2025-11-17T06:34:22","modified_gmt":"2025-11-17T06:34:22","slug":"mink-szorme-kabat-hm035","status":"publish","type":"product","link":"https:\/\/aavesa.com\/hu\/product\/mink-szorme-kabat-hm035\/","title":{"rendered":"Mink sz\u0151rme kab\u00e1t HM035"},"content":{"rendered":"<p>Fedezze fel a k\u00e9nyelmet \u00e9s eleganci\u00e1t a b\u00e1r\u00e1nyb\u0151r kab\u00e1tunkkal. Ez a luxus darab melegen tart a hideg \u00e9vszakban, mik\u00f6zben kifinomult megjelen\u00e9st biztos\u00edt. A gall\u00e9r eleganci\u00e1t k\u00f6lcs\u00f6n\u00f6z, \u00e9s k\u00e9t praktikus zseb lehet\u0151v\u00e9 teszi, hogy szem\u00e9lyes t\u00e1rgyait k\u00e9zn\u00e9l tartsa. A csatos \u00e9s gombos z\u00e1r\u00f3d\u00e1s kifinomult megjelen\u00e9st biztos\u00edt, m\u00edg az als\u00f3 h\u00faz\u00f3zsin\u00f3r lehet\u0151v\u00e9 teszi az illeszked\u00e9s testre szab\u00e1s\u00e1t a maxim\u00e1lis k\u00e9nyelem \u00e9rdek\u00e9ben. Ez a b\u00e1r\u00e1nyb\u0151r kab\u00e1t eleg\u00e1nsan \u00e9s sokoldal\u00faan \u00f6tv\u00f6zi a funkcionalit\u00e1st a st\u00edlussal. A <a href=\"https:\/\/aavesa.com\/hu\/nok\/vidra-bundak-vidra-zsekik\/\">nerc kab\u00e1t<\/a> barna sz\u00ednben kaphat\u00f3. A modell\u00fcnk 175 cm magas, 36-os m\u00e9retet visel, a term\u00e9k hossza pedig 62 cm.<\/p>\n","protected":false},"excerpt":{"rendered":"<p>Fedezze fel a k\u00e9nyelmet \u00e9s eleganci\u00e1t a b\u00e1r\u00e1nyb\u0151r kab\u00e1tunkkal. Ez a luxus darab melegen tart a hideg \u00e9vszakban, mik\u00f6zben kifinomult megjelen\u00e9st biztos\u00edt. A gall\u00e9r eleganci\u00e1t k\u00f6lcs\u00f6n\u00f6z, \u00e9s k\u00e9t praktikus zseb lehet\u0151v\u00e9 teszi, hogy szem\u00e9lyes t\u00e1rgyait k\u00e9zn\u00e9l tartsa. A csatos \u00e9s gombos z\u00e1r\u00f3d\u00e1s kifinomult megjelen\u00e9st biztos\u00edt, m\u00edg az als\u00f3 h\u00faz\u00f3zsin\u00f3r lehet\u0151v\u00e9 teszi az illeszked\u00e9s testre szab\u00e1s\u00e1t [&hellip;]<\/p>\n","protected":false},"featured_media":89489,"comment_status":"closed","ping_status":"closed","template":"","meta":{"_acf_changed":false,"om_disable_all_campaigns":false,"inline_featured_image":false,"_monsterinsights_skip_tracking":false,"_monsterinsights_sitenote_active":false,"_monsterinsights_sitenote_note":"","_monsterinsights_sitenote_category":0},"product_brand":[],"product_cat":[727,766,769,770],"product_tag":[],"class_list":{"0":"post-89488","1":"product","2":"type-product","3":"status-publish","4":"has-post-thumbnail","6":"product_cat-2023-2024-kollekcio","7":"product_cat-bundas-kabatok-es-bundas-dzsekik-noknek","8":"product_cat-nerc-szorme","9":"product_cat-vidra-bundak-vidra-zsekik","11":"first","12":"instock","13":"taxable","14":"shipping-taxable","15":"purchasable","16":"product-type-variable","17":"has-default-attributes","18":"wvs-archive-product-wrapper"},"acf":{"categorie_feed":""},"aioseo_notices":[],"_links":{"self":[{"href":"https:\/\/aavesa.com\/hu\/wp-json\/wp\/v2\/product\/89488","targetHints":{"allow":["GET"]}}],"collection":[{"href":"https:\/\/aavesa.com\/hu\/wp-json\/wp\/v2\/product"}],"about":[{"href":"https:\/\/aavesa.com\/hu\/wp-json\/wp\/v2\/types\/product"}],"replies":[{"embeddable":true,"href":"https:\/\/aavesa.com\/hu\/wp-json\/wp\/v2\/comments?post=89488"}],"wp:featuredmedia":[{"embeddable":true,"href":"https:\/\/aavesa.com\/hu\/wp-json\/wp\/v2\/media\/89489"}],"wp:attachment":[{"href":"https:\/\/aavesa.com\/hu\/wp-json\/wp\/v2\/media?parent=89488"}],"wp:term":[{"taxonomy":"product_brand","embeddable":true,"href":"https:\/\/aavesa.com\/hu\/wp-json\/wp\/v2\/product_brand?post=89488"},{"taxonomy":"product_cat","embeddable":true,"href":"https:\/\/aavesa.com\/hu\/wp-json\/wp\/v2\/product_cat?post=89488"},{"taxonomy":"product_tag","embeddable":true,"href":"https:\/\/aavesa.com\/hu\/wp-json\/wp\/v2\/product_tag?post=89488"}],"curies":[{"name":"wp","href":"https:\/\/api.w.org\/{rel}","templated":true}]}}