

{"id":89497,"date":"2024-07-26T16:35:08","date_gmt":"2024-07-26T16:35:08","guid":{"rendered":"https:\/\/new.aavesa.com\/produs\/baranybor-kopeny-389\/"},"modified":"2025-11-17T06:34:19","modified_gmt":"2025-11-17T06:34:19","slug":"baranybor-kopeny-389","status":"publish","type":"product","link":"https:\/\/aavesa.com\/hu\/product\/baranybor-kopeny-389\/","title":{"rendered":"B\u00e1r\u00e1nyb\u0151r k\u00f6peny 389"},"content":{"rendered":"<p>Ak\u00e1r \u00fczleti tal\u00e1lkoz\u00f3ra, ak\u00e1r egy v\u00e1rosi \u00e9jszakai programra viseled, ez a term\u00e9szetes sz\u0151rm\u00e9b\u0151l k\u00e9sz\u00fclt k\u00f6peny magabiztoss\u00e1got ad. Gondosan kidolgozott r\u00e9szleteivel ez a b\u00e1r\u00e1nyb\u0151r k\u00f6peny t\u00f6k\u00e9letes v\u00e1laszt\u00e1s a praktikus gondolkod\u00e1s\u00fa f\u00e9rfiak sz\u00e1m\u00e1ra, akik b\u00e1rmely \u00e9vszakban \u00e9rt\u00e9kelik az eleganci\u00e1t. Egyszer\u0171 \u00e9s eleg\u00e1ns diz\u00e1jnja miatt ez a f\u00e9rfi k\u00f6peny alapdarab a \u0151szi-t\u00e9li ruhat\u00e1r\u00e1ban. A k\u00f6peny klasszikus gombos z\u00e1r\u00f3d\u00e1ssal \u00e9s k\u00e9t t\u00e1gas zsebbel rendelkezik, \u00e9s barna valamint fekete sz\u00ednekben kaphat\u00f3. Modell\u00fcnk 188 cm magas, 48-as m\u00e9retet visel, a term\u00e9k hossza 100 cm.<\/p>\n","protected":false},"excerpt":{"rendered":"<p>Ak\u00e1r \u00fczleti tal\u00e1lkoz\u00f3ra, ak\u00e1r egy v\u00e1rosi \u00e9jszakai programra viseled, ez a term\u00e9szetes sz\u0151rm\u00e9b\u0151l k\u00e9sz\u00fclt k\u00f6peny magabiztoss\u00e1got ad. Gondosan kidolgozott r\u00e9szleteivel ez a b\u00e1r\u00e1nyb\u0151r k\u00f6peny t\u00f6k\u00e9letes v\u00e1laszt\u00e1s a praktikus gondolkod\u00e1s\u00fa f\u00e9rfiak sz\u00e1m\u00e1ra, akik b\u00e1rmely \u00e9vszakban \u00e9rt\u00e9kelik az eleganci\u00e1t. Egyszer\u0171 \u00e9s eleg\u00e1ns diz\u00e1jnja miatt ez a f\u00e9rfi k\u00f6peny alapdarab a \u0151szi-t\u00e9li ruhat\u00e1r\u00e1ban. A k\u00f6peny klasszikus gombos z\u00e1r\u00f3d\u00e1ssal [&hellip;]<\/p>\n","protected":false},"featured_media":89498,"comment_status":"closed","ping_status":"closed","template":"","meta":{"_acf_changed":false,"om_disable_all_campaigns":false,"inline_featured_image":false,"_monsterinsights_skip_tracking":false,"_monsterinsights_sitenote_active":false,"_monsterinsights_sitenote_note":"","_monsterinsights_sitenote_category":0},"product_brand":[],"product_cat":[727,777],"product_tag":[],"class_list":{"0":"post-89497","1":"product","2":"type-product","3":"status-publish","4":"has-post-thumbnail","6":"product_cat-2023-2024-kollekcio","7":"product_cat-shearling-kabatok-ferfiaknak-ferfiak","9":"first","10":"instock","11":"taxable","12":"shipping-taxable","13":"purchasable","14":"product-type-variable","15":"has-default-attributes","16":"wvs-archive-product-wrapper"},"acf":{"categorie_feed":""},"aioseo_notices":[],"_links":{"self":[{"href":"https:\/\/aavesa.com\/hu\/wp-json\/wp\/v2\/product\/89497","targetHints":{"allow":["GET"]}}],"collection":[{"href":"https:\/\/aavesa.com\/hu\/wp-json\/wp\/v2\/product"}],"about":[{"href":"https:\/\/aavesa.com\/hu\/wp-json\/wp\/v2\/types\/product"}],"replies":[{"embeddable":true,"href":"https:\/\/aavesa.com\/hu\/wp-json\/wp\/v2\/comments?post=89497"}],"wp:featuredmedia":[{"embeddable":true,"href":"https:\/\/aavesa.com\/hu\/wp-json\/wp\/v2\/media\/89498"}],"wp:attachment":[{"href":"https:\/\/aavesa.com\/hu\/wp-json\/wp\/v2\/media?parent=89497"}],"wp:term":[{"taxonomy":"product_brand","embeddable":true,"href":"https:\/\/aavesa.com\/hu\/wp-json\/wp\/v2\/product_brand?post=89497"},{"taxonomy":"product_cat","embeddable":true,"href":"https:\/\/aavesa.com\/hu\/wp-json\/wp\/v2\/product_cat?post=89497"},{"taxonomy":"product_tag","embeddable":true,"href":"https:\/\/aavesa.com\/hu\/wp-json\/wp\/v2\/product_tag?post=89497"}],"curies":[{"name":"wp","href":"https:\/\/api.w.org\/{rel}","templated":true}]}}