

{"id":89514,"date":"2024-07-26T16:17:57","date_gmt":"2024-07-26T16:17:57","guid":{"rendered":"https:\/\/new.aavesa.com\/produs\/ferfi-bunda-318\/"},"modified":"2026-04-10T15:08:49","modified_gmt":"2026-04-10T17:08:49","slug":"ferfi-bunda-318","status":"publish","type":"product","link":"https:\/\/aavesa.com\/hu\/product\/ferfi-bunda-318\/","title":{"rendered":"F\u00e9rfi bunda 318"},"content":{"rendered":"<p>F\u00e9rfi r\u00f6vid b\u00e1r\u00e1nyb\u0151r kab\u00e1t. K\u00fclseje b\u00e1r\u00e1ny nappa b\u0151r kab\u00e1t, a legjobb min\u0151s\u00e9g\u0171, tart\u00f3s \u00e9s nagyon praktikus, ellen\u00e1ll a nedvess\u00e9gnek \u00e9s a szennyez\u0151d\u00e9snek, a belseje pedig merin\u00f3 b\u00e1r\u00e1nypr\u00e9m, 8 mm vastags\u00e1g\u00fara ny\u00edrva. A kab\u00e1t egyszer\u0171 diz\u00e1jnnal rendelkezik, lezser, k\u00f6nnyen illeszkedik a mindennapi ruh\u00e1kba. Ennek a kab\u00e1tnak a gall\u00e9rja b\u00e1r\u00e1nyb\u0151rb\u0151l k\u00e9sz\u00fclt, ny\u00edrva. Ennek a pr\u00e9mes kab\u00e1tnak k\u00e9t oldalzsebje \u00e9s k\u00e9t cipz\u00e1ros mellzsebje van. A bunda cipz\u00e1rral \u00e9s a gall\u00e9r t\u00f6v\u00e9ben elhelyezett hurokkal ell\u00e1tott csattal z\u00e1r\u00f3dik.<br \/>\nEz a bunda t\u00f6bbf\u00e9le sz\u00ednben kaphat\u00f3, v\u00e1lassza ki az \u00d6nnek legmegfelel\u0151bbet!<\/p>\n","protected":false},"excerpt":{"rendered":"<p>F\u00e9rfi r\u00f6vid b\u00e1r\u00e1nyb\u0151r kab\u00e1t. K\u00fclseje b\u00e1r\u00e1ny nappa b\u0151r kab\u00e1t, a legjobb min\u0151s\u00e9g\u0171, tart\u00f3s \u00e9s nagyon praktikus, ellen\u00e1ll a nedvess\u00e9gnek \u00e9s a szennyez\u0151d\u00e9snek, a belseje pedig merin\u00f3 b\u00e1r\u00e1nypr\u00e9m, 8 mm vastags\u00e1g\u00fara ny\u00edrva. A kab\u00e1t egyszer\u0171 diz\u00e1jnnal rendelkezik, lezser, k\u00f6nnyen illeszkedik a mindennapi ruh\u00e1kba. Ennek a kab\u00e1tnak a gall\u00e9rja b\u00e1r\u00e1nyb\u0151rb\u0151l k\u00e9sz\u00fclt, ny\u00edrva. Ennek a pr\u00e9mes kab\u00e1tnak k\u00e9t [&hellip;]<\/p>\n","protected":false},"featured_media":80113,"comment_status":"open","ping_status":"closed","template":"","meta":{"_acf_changed":false,"om_disable_all_campaigns":false,"inline_featured_image":false,"_monsterinsights_skip_tracking":false,"_monsterinsights_sitenote_active":false,"_monsterinsights_sitenote_note":"","_monsterinsights_sitenote_category":0},"product_brand":[],"product_cat":[780,952,725,772],"product_tag":[],"class_list":{"0":"post-89514","1":"product","2":"type-product","3":"status-publish","4":"has-post-thumbnail","6":"product_cat-baranybor-kabatok-hu-2","7":"product_cat-ferfi-es-noi-pehelypaplan-dzsekik-a-luxus-es-a-melegseg-vegso-kevereke","8":"product_cat-ferfiak","9":"product_cat-shearling-kabatok-ferfiaknak","11":"first","12":"outofstock","13":"taxable","14":"shipping-taxable","15":"product-type-variable","16":"has-default-attributes","17":"wvs-archive-product-wrapper"},"acf":{"categorie_feed":""},"aioseo_notices":[],"_links":{"self":[{"href":"https:\/\/aavesa.com\/hu\/wp-json\/wp\/v2\/product\/89514","targetHints":{"allow":["GET"]}}],"collection":[{"href":"https:\/\/aavesa.com\/hu\/wp-json\/wp\/v2\/product"}],"about":[{"href":"https:\/\/aavesa.com\/hu\/wp-json\/wp\/v2\/types\/product"}],"replies":[{"embeddable":true,"href":"https:\/\/aavesa.com\/hu\/wp-json\/wp\/v2\/comments?post=89514"}],"wp:featuredmedia":[{"embeddable":true,"href":"https:\/\/aavesa.com\/hu\/wp-json\/wp\/v2\/media\/80113"}],"wp:attachment":[{"href":"https:\/\/aavesa.com\/hu\/wp-json\/wp\/v2\/media?parent=89514"}],"wp:term":[{"taxonomy":"product_brand","embeddable":true,"href":"https:\/\/aavesa.com\/hu\/wp-json\/wp\/v2\/product_brand?post=89514"},{"taxonomy":"product_cat","embeddable":true,"href":"https:\/\/aavesa.com\/hu\/wp-json\/wp\/v2\/product_cat?post=89514"},{"taxonomy":"product_tag","embeddable":true,"href":"https:\/\/aavesa.com\/hu\/wp-json\/wp\/v2\/product_tag?post=89514"}],"curies":[{"name":"wp","href":"https:\/\/api.w.org\/{rel}","templated":true}]}}