

{"id":89532,"date":"2024-07-26T16:18:17","date_gmt":"2024-07-26T16:18:17","guid":{"rendered":"https:\/\/new.aavesa.com\/produs\/baranybor-kabat-kapucnival-319-g\/"},"modified":"2026-04-10T15:08:22","modified_gmt":"2026-04-10T17:08:22","slug":"baranybor-kabat-kapucnival-319-g","status":"publish","type":"product","link":"https:\/\/aavesa.com\/hu\/product\/baranybor-kabat-kapucnival-319-g\/","title":{"rendered":"B\u00e1r\u00e1nyb\u0151r kab\u00e1t kapucnival 319 G"},"content":{"rendered":"<p>F\u00e9rfiaknak tervezett <a href=\"https:\/\/aavesa.com\/hu\/ferfiak\/shearling-kabatok-ferfiaknak\/\">r\u00f6vid kapucnis b\u00e1r\u00e1nyb\u0151r kab\u00e1t<\/a>, alkalmi st\u00edlusban. A k\u00fcls\u0151 kab\u00e1t b\u00e1r\u00e1nyb\u0151rb\u0151l k\u00e9sz\u00fclt, k\u00f6nnyen tiszt\u00edthat\u00f3 \u00e9s hossz\u00fa \u00e9lettartam\u00fa, a legmagasabb min\u0151s\u00e9g\u0171 term\u00e9k. A bels\u0151 r\u00e9sz merin\u00f3b\u00e1r\u00e1ny sz\u0151rm\u00e9b\u0151l k\u00e9sz\u00fclt, szeg\u00e9lyezett, 8 mm vastags\u00e1g\u00fa, amely a hideg \u00e9vszakban alacsony h\u0151m\u00e9rs\u00e9kleten a legjobb k\u00e9nyelmet biztos\u00edtja.   Ez a kapucnis b\u00e1r\u00e1nyb\u0151r kab\u00e1t n\u00e9gy zsebbel rendelkezik, mindegyik cipz\u00e1rral z\u00e1rhat\u00f3, a gall\u00e9r pedig term\u00e9szetes merin\u00f3 sz\u0151rm\u00e9b\u0151l k\u00e9sz\u00fclt, szeg\u00e9lyezett. A z\u00e1r\u00e1s cipz\u00e1rral t\u00f6rt\u00e9nik, \u00e9s a kapucni a gall\u00e9r alj\u00e1n kapcsokkal rendelkezik, a jobb id\u0151j\u00e1r\u00e1sv\u00e9delem \u00e9rdek\u00e9ben.<br \/>\nEz a b\u00e1r\u00e1nyb\u0151r kab\u00e1t h\u00e1rom sz\u00ednben rendelhet\u0151: sz\u00fcrke, s\u00f6t\u00e9tsz\u00fcrke vagy fekete. Rendelje meg azt, amelyik a legjobban megfelel az ig\u00e9nyeinek! <\/p>\n","protected":false},"excerpt":{"rendered":"<p>F\u00e9rfiaknak tervezett r\u00f6vid kapucnis b\u00e1r\u00e1nyb\u0151r kab\u00e1t, alkalmi st\u00edlusban. A k\u00fcls\u0151 kab\u00e1t b\u00e1r\u00e1nyb\u0151rb\u0151l k\u00e9sz\u00fclt, k\u00f6nnyen tiszt\u00edthat\u00f3 \u00e9s hossz\u00fa \u00e9lettartam\u00fa, a legmagasabb min\u0151s\u00e9g\u0171 term\u00e9k. A bels\u0151 r\u00e9sz merin\u00f3b\u00e1r\u00e1ny sz\u0151rm\u00e9b\u0151l k\u00e9sz\u00fclt, szeg\u00e9lyezett, 8 mm vastags\u00e1g\u00fa, amely a hideg \u00e9vszakban alacsony h\u0151m\u00e9rs\u00e9kleten a legjobb k\u00e9nyelmet biztos\u00edtja. Ez a kapucnis b\u00e1r\u00e1nyb\u0151r kab\u00e1t n\u00e9gy zsebbel rendelkezik, mindegyik cipz\u00e1rral z\u00e1rhat\u00f3, a gall\u00e9r [&hellip;]<\/p>\n","protected":false},"featured_media":80189,"comment_status":"open","ping_status":"closed","template":"","meta":{"_acf_changed":false,"om_disable_all_campaigns":false,"inline_featured_image":false,"_monsterinsights_skip_tracking":false,"_monsterinsights_sitenote_active":false,"_monsterinsights_sitenote_note":"","_monsterinsights_sitenote_category":0},"product_brand":[],"product_cat":[780,952,725,772],"product_tag":[],"class_list":{"0":"post-89532","1":"product","2":"type-product","3":"status-publish","4":"has-post-thumbnail","6":"product_cat-baranybor-kabatok-hu-2","7":"product_cat-ferfi-es-noi-pehelypaplan-dzsekik-a-luxus-es-a-melegseg-vegso-kevereke","8":"product_cat-ferfiak","9":"product_cat-shearling-kabatok-ferfiaknak","11":"first","12":"instock","13":"taxable","14":"shipping-taxable","15":"purchasable","16":"product-type-variable","17":"has-default-attributes","18":"wvs-archive-product-wrapper"},"acf":{"categorie_feed":""},"aioseo_notices":[],"_links":{"self":[{"href":"https:\/\/aavesa.com\/hu\/wp-json\/wp\/v2\/product\/89532","targetHints":{"allow":["GET"]}}],"collection":[{"href":"https:\/\/aavesa.com\/hu\/wp-json\/wp\/v2\/product"}],"about":[{"href":"https:\/\/aavesa.com\/hu\/wp-json\/wp\/v2\/types\/product"}],"replies":[{"embeddable":true,"href":"https:\/\/aavesa.com\/hu\/wp-json\/wp\/v2\/comments?post=89532"}],"wp:featuredmedia":[{"embeddable":true,"href":"https:\/\/aavesa.com\/hu\/wp-json\/wp\/v2\/media\/80189"}],"wp:attachment":[{"href":"https:\/\/aavesa.com\/hu\/wp-json\/wp\/v2\/media?parent=89532"}],"wp:term":[{"taxonomy":"product_brand","embeddable":true,"href":"https:\/\/aavesa.com\/hu\/wp-json\/wp\/v2\/product_brand?post=89532"},{"taxonomy":"product_cat","embeddable":true,"href":"https:\/\/aavesa.com\/hu\/wp-json\/wp\/v2\/product_cat?post=89532"},{"taxonomy":"product_tag","embeddable":true,"href":"https:\/\/aavesa.com\/hu\/wp-json\/wp\/v2\/product_tag?post=89532"}],"curies":[{"name":"wp","href":"https:\/\/api.w.org\/{rel}","templated":true}]}}